{"id":860,"date":"2024-04-05T07:59:21","date_gmt":"2024-04-05T07:59:21","guid":{"rendered":"https:\/\/blogs.granada.escolapiosemaus.org\/zinkers\/?page_id=860"},"modified":"2024-04-14T17:45:19","modified_gmt":"2024-04-14T17:45:19","slug":"escape-room","status":"publish","type":"page","link":"https:\/\/blogs.granada.escolapiosemaus.org\/zinkers\/escape-room\/","title":{"rendered":"Escape room"},"content":{"rendered":"<p>[et_pb_section fb_built=\"1\" admin_label=\"Course Hero\" _builder_version=\"4.24.3\" use_background_color_gradient=\"on\" background_color_gradient_stops=\"#474ab6 0%|#9271f6 100%\" background_color_gradient_start=\"#474ab6\" background_color_gradient_end=\"#9271f6\" background_image=\"https:\/\/blogs.granada.escolapiosemaus.org\/zinkers\/wp-content\/uploads\/sites\/42\/2024\/03\/coding-background-texture.jpg\" background_blend=\"overlay\" custom_padding=\"64px|0px|180px|0px||\" animation_direction=\"top\" locked=\"off\" global_colors_info=\"{}\"][et_pb_row column_structure=\"1_2,1_2\" _builder_version=\"4.24.3\" custom_margin=\"|||\" custom_width_px=\"1280px\" global_colors_info=\"{}\"][et_pb_column type=\"1_2\" _builder_version=\"4.16\" custom_padding=\"|||\" global_colors_info=\"{}\" custom_padding__hover=\"|||\"][et_pb_text _builder_version=\"4.16\" header_font=\"|on|||\" header_font_size=\"42px\" header_line_height=\"1.3em\" background_layout=\"dark\" custom_padding=\"|||\" header_font_size_tablet=\"\" header_font_size_phone=\"\" header_font_size_last_edited=\"on|desktop\" locked=\"off\" global_colors_info=\"{}\"][\/et_pb_text][et_pb_text _builder_version=\"4.16\" text_text_color=\"#d4ccff\" text_font_size=\"16px\" text_line_height=\"1.9em\" locked=\"off\" global_colors_info=\"{}\"]<\/p>\n<p dir=\"ltr\"><span>\u00a1Bienvenidos a la yincana donde descubrir\u00e1s, a partir de preguntar a la gente, secretos y curiosidades de Granada! \u00a1Y lo m\u00e1s importante, descubrir la <\/span><span>sostenibilidad energ\u00e9tica<\/span><span> <\/span><span>y<\/span><span> <\/span><span>ecol\u00f3gica<\/span><span> de Granada!<\/span><\/p>\n<p dir=\"ltr\"><span>Esta experiencia comenzar\u00e1 en nuestro colegio, Escolapios Granada Genil y poco a poco iremos pasando por distintas localidades de Granada, como\u00a0 la Alhambra y m\u00e1s.<\/span><\/p>\n<p dir=\"ltr\"><span>\u00bfTe apuntas?<\/span><\/p>\n<p>&nbsp;<\/p>\n<p dir=\"ltr\">\n<p>[\/et_pb_text][et_pb_button button_url=\"https:\/\/forms.office.com\/Pages\/ResponsePage.aspx?id=OEpNzIO630qLhEN9-VEehqpSG_FKL9JFpWkmAsTMygVUQUs5VjI3SExQNERJUTJER0RWRlBFMkNLMS4u\" button_text=\"INICIA EL ESCAPE ROOM!\" _builder_version=\"4.24.3\" custom_button=\"on\" button_text_size=\"16px\" button_text_color=\"#ffffff\" button_bg_color=\"#09e1c0\" button_border_width=\"10px\" button_border_color=\"#09e1c0\" button_border_radius=\"100px\" button_letter_spacing=\"1px\" button_font=\"|on||on|\" button_icon=\"&#x45;||divi||400\" button_on_hover=\"off\" custom_margin=\"20px|||\" box_shadow_style=\"preset1\" box_shadow_vertical=\"10px\" box_shadow_blur=\"50px\" box_shadow_spread=\"5px\" box_shadow_color=\"rgba(0,188,160,0.6)\" button_letter_spacing_hover=\"2px\" saved_tabs=\"all\" locked=\"off\" global_colors_info=\"{}\" button_text_size__hover_enabled=\"off\" button_text_size__hover=\"null\" button_one_text_size__hover_enabled=\"off\" button_one_text_size__hover=\"null\" button_two_text_size__hover_enabled=\"off\" button_two_text_size__hover=\"null\" button_text_color__hover_enabled=\"off\" button_text_color__hover=\"null\" button_one_text_color__hover_enabled=\"off\" button_one_text_color__hover=\"null\" button_two_text_color__hover_enabled=\"off\" button_two_text_color__hover=\"null\" button_border_width__hover_enabled=\"off\" button_border_width__hover=\"null\" button_one_border_width__hover_enabled=\"off\" button_one_border_width__hover=\"null\" button_two_border_width__hover_enabled=\"off\" button_two_border_width__hover=\"null\" button_border_color__hover_enabled=\"off\" button_border_color__hover=\"null\" button_one_border_color__hover_enabled=\"off\" button_one_border_color__hover=\"null\" button_two_border_color__hover_enabled=\"off\" button_two_border_color__hover=\"null\" button_border_radius__hover_enabled=\"off\" button_border_radius__hover=\"null\" button_one_border_radius__hover_enabled=\"off\" button_one_border_radius__hover=\"null\" button_two_border_radius__hover_enabled=\"off\" button_two_border_radius__hover=\"null\" button_letter_spacing__hover_enabled=\"on\" button_letter_spacing__hover=\"2px\" button_one_letter_spacing__hover_enabled=\"off\" button_one_letter_spacing__hover=\"null\" button_two_letter_spacing__hover_enabled=\"off\" button_two_letter_spacing__hover=\"null\" button_bg_color__hover_enabled=\"off\" button_bg_color__hover=\"null\" button_one_bg_color__hover_enabled=\"off\" button_one_bg_color__hover=\"null\" button_two_bg_color__hover_enabled=\"off\" button_two_bg_color__hover=\"null\"][\/et_pb_button][\/et_pb_column][et_pb_column type=\"1_2\" _builder_version=\"4.16\" custom_padding=\"|||\" global_colors_info=\"{}\" custom_padding__hover=\"|||\"][et_pb_image src=\"https:\/\/blogs.granada.escolapiosemaus.org\/zinkers\/wp-content\/uploads\/sites\/42\/2024\/03\/coding-isometric-11.png\" align_tablet=\"center\" align_phone=\"center\" align_last_edited=\"on|desktop\" _builder_version=\"4.24.3\" animation_direction=\"left\" global_colors_info=\"{}\"][\/et_pb_image][\/et_pb_column][\/et_pb_row][\/et_pb_section][et_pb_section fb_built=\"1\" specialty=\"on\" padding_top_2=\"0px\" admin_label=\"Course Chapters\" _builder_version=\"4.24.3\" custom_margin=\"||-39px|||\" custom_padding=\"0px||120px|\" global_colors_info=\"{}\"][et_pb_column type=\"2_3\" specialty_columns=\"2\" _builder_version=\"4.16\" custom_padding=\"|||\" global_colors_info=\"{}\" parallax__hover=\"off\" parallax_method__hover=\"on\" custom_padding__hover=\"|||\"][et_pb_row_inner use_custom_gutter=\"on\" gutter_width=\"4\" _builder_version=\"4.24.3\" custom_margin=\"-80px|||\" custom_padding=\"0px|||\" global_colors_info=\"{}\"][et_pb_column_inner saved_specialty_column_type=\"2_3\" _builder_version=\"4.16\" custom_padding=\"|||\" global_colors_info=\"{}\" parallax__hover=\"off\" parallax_method__hover=\"on\" custom_padding__hover=\"|||\"][et_pb_blurb title=\"Introducci\u00f3n\" url=\"#\" image=\"https:\/\/blogs.granada.escolapiosemaus.org\/zinkers\/wp-content\/uploads\/sites\/42\/2024\/04\/4_LOGO-COLEGIO-GRANADA.png\" icon_placement=\"left\" image_icon_width=\"64px\" content_max_width=\"1100px\" admin_label=\"Chapter\" _builder_version=\"4.24.3\" header_font=\"|on|||\" header_text_color=\"#2e2545\" header_line_height=\"1.5em\" body_text_color=\"#8585bd\" body_font_size=\"16px\" body_line_height=\"1.9em\" background_color=\"#ffffff\" custom_margin=\"|||\" custom_padding=\"30px|40px|30px|40px\" animation_direction=\"bottom\" box_shadow_style=\"preset2\" box_shadow_horizontal=\"0px\" box_shadow_vertical=\"0px\" box_shadow_blur=\"60px\" box_shadow_color=\"rgba(71,74,182,0.12)\" image_max_width=\"64px\" locked=\"off\" global_colors_info=\"{}\"]<\/p>\n<p dir=\"ltr\"><span>En este recorrido pasar\u00e1s por numerosos sitios importantes en Granada donde tendr\u00e1s que responder una pregunta sobre ese lugar y otra de sostenibilidad energ\u00e9tica.<\/span><\/p>\n<p>&nbsp;<\/p>\n<p dir=\"ltr\"><span>A veces el coche es demasiado contaminante para usarlo en trayectos cortos, as\u00ed que... \u00bfQu\u00e9 mejor que un paseo descubriendo los lugares de nuestra ciudad?<\/span><\/p>\n<p>&nbsp;<\/p>\n<p dir=\"ltr\"><span>Esta Scaperoom dura aproximadamente 2 horas, terminando en nuestro colegio.<\/span><\/p>\n<p>[\/et_pb_blurb][et_pb_blurb title=\"Recorrido\" url=\"#\" image=\"https:\/\/blogs.granada.escolapiosemaus.org\/zinkers\/wp-content\/uploads\/sites\/42\/2024\/03\/coding-icon_12.jpg\" icon_placement=\"left\" image_icon_width=\"64px\" content_max_width=\"1100px\" admin_label=\"Chapter\" _builder_version=\"4.24.3\" header_font=\"|on|||\" header_text_color=\"#2e2545\" header_line_height=\"1.5em\" body_text_color=\"#8585bd\" body_font_size=\"16px\" body_line_height=\"1.9em\" background_color=\"#ffffff\" custom_margin=\"|||\" custom_padding=\"30px|40px|30px|40px\" animation_direction=\"bottom\" box_shadow_style=\"preset2\" box_shadow_horizontal=\"0px\" box_shadow_vertical=\"0px\" box_shadow_blur=\"60px\" box_shadow_color=\"rgba(71,74,182,0.12)\" image_max_width=\"64px\" locked=\"off\" global_colors_info=\"{}\"]<\/p>\n<p>Saldremos desde nuestro colegio, Escolapios Granada Genil, despu\u00e9s, a la Bas\u00edlica de la Virgen de las Angustias, seguido de la Fuente de las Batallas, el Corral del Carb\u00f3n y la plaza Isabel la Cat\u00f3lica. Yendo por el Paseo de los Tristes y la Cuesta de los Chinos llegaremos a la Alhambra y la casa museo de Manuel de Falla para volver al colegio.<\/p>\n<p>&nbsp;<\/p>\n<p>[\/et_pb_blurb][\/et_pb_column_inner][\/et_pb_row_inner][\/et_pb_column][et_pb_column type=\"1_3\" _builder_version=\"4.16\" custom_padding=\"|||\" global_colors_info=\"{}\" padding_top__hover=\"0px\" parallax__hover=\"off\" parallax_method__hover=\"on\" custom_padding__hover=\"|||\"][et_pb_blurb title=\"COMISI\u00d3N DE APP\" url=\"#\" image_icon_width=\"100px\" admin_label=\"Instructor\" _builder_version=\"4.24.3\" header_font=\"|700|||||||\" header_text_color=\"#2e2545\" header_line_height=\"1.5em\" body_text_color=\"#8585bd\" body_font_size=\"16px\" body_line_height=\"1.9em\" background_color=\"#ffffff\" text_orientation=\"center\" custom_margin=\"-80px|||\" custom_padding=\"30px|40px|30px|40px\" animation_direction=\"bottom\" box_shadow_style=\"preset1\" box_shadow_vertical=\"0px\" box_shadow_blur=\"60px\" box_shadow_color=\"rgba(71,74,182,0.12)\" image_max_width=\"100px\" global_colors_info=\"{}\"]<\/p>\n<p><strong>Informaci\u00f3n<\/strong><\/p>\n<p>Esta comisi\u00f3n la forman Hugo Reinoso y Alberto Ayala, los cuales se han aplicado para conseguir que este proyecto de Escaperoom siga adelante.<\/p>\n<p>[\/et_pb_blurb][et_pb_button _builder_version=\"4.16\" global_colors_info=\"{}\" button_text_size__hover_enabled=\"off\" button_text_size__hover=\"null\" button_one_text_size__hover_enabled=\"off\" button_one_text_size__hover=\"null\" button_two_text_size__hover_enabled=\"off\" button_two_text_size__hover=\"null\" button_text_color__hover_enabled=\"off\" button_text_color__hover=\"null\" button_one_text_color__hover_enabled=\"off\" button_one_text_color__hover=\"null\" button_two_text_color__hover_enabled=\"off\" button_two_text_color__hover=\"null\" button_border_width__hover_enabled=\"off\" button_border_width__hover=\"null\" button_one_border_width__hover_enabled=\"off\" button_one_border_width__hover=\"null\" button_two_border_width__hover_enabled=\"off\" button_two_border_width__hover=\"null\" button_border_color__hover_enabled=\"off\" button_border_color__hover=\"null\" button_one_border_color__hover_enabled=\"off\" button_one_border_color__hover=\"null\" button_two_border_color__hover_enabled=\"off\" button_two_border_color__hover=\"null\" button_border_radius__hover_enabled=\"off\" button_border_radius__hover=\"null\" button_one_border_radius__hover_enabled=\"off\" button_one_border_radius__hover=\"null\" button_two_border_radius__hover_enabled=\"off\" button_two_border_radius__hover=\"null\" button_letter_spacing__hover_enabled=\"off\" button_letter_spacing__hover=\"null\" button_one_letter_spacing__hover_enabled=\"off\" button_one_letter_spacing__hover=\"null\" button_two_letter_spacing__hover_enabled=\"off\" button_two_letter_spacing__hover=\"null\" button_bg_color__hover_enabled=\"off\" button_bg_color__hover=\"null\" button_one_bg_color__hover_enabled=\"off\" button_one_bg_color__hover=\"null\" button_two_bg_color__hover_enabled=\"off\" button_two_bg_color__hover=\"null\"][\/et_pb_button][\/et_pb_column][\/et_pb_section]<\/p>\n","protected":false},"excerpt":{"rendered":"<p>\u00a1Bienvenidos a la yincana donde descubrir\u00e1s, a partir de preguntar a la gente, secretos y curiosidades de Granada! \u00a1Y lo m\u00e1s importante, descubrir la sostenibilidad energ\u00e9tica y ecol\u00f3gica de Granada! Esta experiencia comenzar\u00e1 en nuestro colegio, Escolapios Granada Genil y poco a poco iremos pasando por distintas localidades de Granada, como\u00a0 la Alhambra y m\u00e1s. [&hellip;]<\/p>\n","protected":false},"author":2,"featured_media":0,"parent":0,"menu_order":0,"comment_status":"closed","ping_status":"closed","template":"","meta":{"_et_pb_use_builder":"on","_et_pb_old_content":"","_et_gb_content_width":"","_monsterinsights_skip_tracking":false,"_monsterinsights_sitenote_active":false,"_monsterinsights_sitenote_note":"","_monsterinsights_sitenote_category":0,"footnotes":""},"class_list":["post-860","page","type-page","status-publish","hentry"],"yoast_head":"<!-- This site is optimized with the Yoast SEO plugin v26.8 - https:\/\/yoast.com\/product\/yoast-seo-wordpress\/ -->\n<title>Escape room - Zinkers Escolapios 2024<\/title>\n<meta name=\"robots\" content=\"index, follow, max-snippet:-1, max-image-preview:large, max-video-preview:-1\" \/>\n<link rel=\"canonical\" href=\"https:\/\/blogs.granada.escolapiosemaus.org\/zinkers\/escape-room\/\" \/>\n<meta property=\"og:locale\" content=\"es_ES\" \/>\n<meta property=\"og:type\" content=\"article\" \/>\n<meta property=\"og:title\" content=\"Escape room - Zinkers Escolapios 2024\" \/>\n<meta property=\"og:description\" content=\"\u00a1Bienvenidos a la yincana donde descubrir\u00e1s, a partir de preguntar a la gente, secretos y curiosidades de Granada! \u00a1Y lo m\u00e1s importante, descubrir la sostenibilidad energ\u00e9tica y ecol\u00f3gica de Granada! Esta experiencia comenzar\u00e1 en nuestro colegio, Escolapios Granada Genil y poco a poco iremos pasando por distintas localidades de Granada, como\u00a0 la Alhambra y m\u00e1s. [&hellip;]\" \/>\n<meta property=\"og:url\" content=\"https:\/\/blogs.granada.escolapiosemaus.org\/zinkers\/escape-room\/\" \/>\n<meta property=\"og:site_name\" content=\"Zinkers Escolapios 2024\" \/>\n<meta property=\"article:modified_time\" content=\"2024-04-14T17:45:19+00:00\" \/>\n<meta name=\"twitter:card\" content=\"summary_large_image\" \/>\n<meta name=\"twitter:label1\" content=\"Tiempo de lectura\" \/>\n\t<meta name=\"twitter:data1\" content=\"2 minutos\" \/>\n<script type=\"application\/ld+json\" class=\"yoast-schema-graph\">{\"@context\":\"https:\/\/schema.org\",\"@graph\":[{\"@type\":\"WebPage\",\"@id\":\"https:\/\/blogs.granada.escolapiosemaus.org\/zinkers\/escape-room\/\",\"url\":\"https:\/\/blogs.granada.escolapiosemaus.org\/zinkers\/escape-room\/\",\"name\":\"Escape room - Zinkers Escolapios 2024\",\"isPartOf\":{\"@id\":\"https:\/\/blogs.granada.escolapiosemaus.org\/zinkers\/#website\"},\"datePublished\":\"2024-04-05T07:59:21+00:00\",\"dateModified\":\"2024-04-14T17:45:19+00:00\",\"breadcrumb\":{\"@id\":\"https:\/\/blogs.granada.escolapiosemaus.org\/zinkers\/escape-room\/#breadcrumb\"},\"inLanguage\":\"es\",\"potentialAction\":[{\"@type\":\"ReadAction\",\"target\":[\"https:\/\/blogs.granada.escolapiosemaus.org\/zinkers\/escape-room\/\"]}]},{\"@type\":\"BreadcrumbList\",\"@id\":\"https:\/\/blogs.granada.escolapiosemaus.org\/zinkers\/escape-room\/#breadcrumb\",\"itemListElement\":[{\"@type\":\"ListItem\",\"position\":1,\"name\":\"Portada\",\"item\":\"https:\/\/blogs.granada.escolapiosemaus.org\/zinkers\/\"},{\"@type\":\"ListItem\",\"position\":2,\"name\":\"Escape room\"}]},{\"@type\":\"WebSite\",\"@id\":\"https:\/\/blogs.granada.escolapiosemaus.org\/zinkers\/#website\",\"url\":\"https:\/\/blogs.granada.escolapiosemaus.org\/zinkers\/\",\"name\":\"Zinkers Escolapios 2024\",\"description\":\"Energ\u00eda, ODS, sostenibilidad... un blog Zinkers de Escolapios Granada Genil - Colegio Dulce Nombre de Mar\u00eda\",\"potentialAction\":[{\"@type\":\"SearchAction\",\"target\":{\"@type\":\"EntryPoint\",\"urlTemplate\":\"https:\/\/blogs.granada.escolapiosemaus.org\/zinkers\/?s={search_term_string}\"},\"query-input\":{\"@type\":\"PropertyValueSpecification\",\"valueRequired\":true,\"valueName\":\"search_term_string\"}}],\"inLanguage\":\"es\"}]}<\/script>\n<!-- \/ Yoast SEO plugin. -->","yoast_head_json":{"title":"Escape room - Zinkers Escolapios 2024","robots":{"index":"index","follow":"follow","max-snippet":"max-snippet:-1","max-image-preview":"max-image-preview:large","max-video-preview":"max-video-preview:-1"},"canonical":"https:\/\/blogs.granada.escolapiosemaus.org\/zinkers\/escape-room\/","og_locale":"es_ES","og_type":"article","og_title":"Escape room - Zinkers Escolapios 2024","og_description":"\u00a1Bienvenidos a la yincana donde descubrir\u00e1s, a partir de preguntar a la gente, secretos y curiosidades de Granada! \u00a1Y lo m\u00e1s importante, descubrir la sostenibilidad energ\u00e9tica y ecol\u00f3gica de Granada! Esta experiencia comenzar\u00e1 en nuestro colegio, Escolapios Granada Genil y poco a poco iremos pasando por distintas localidades de Granada, como\u00a0 la Alhambra y m\u00e1s. [&hellip;]","og_url":"https:\/\/blogs.granada.escolapiosemaus.org\/zinkers\/escape-room\/","og_site_name":"Zinkers Escolapios 2024","article_modified_time":"2024-04-14T17:45:19+00:00","twitter_card":"summary_large_image","twitter_misc":{"Tiempo de lectura":"2 minutos"},"schema":{"@context":"https:\/\/schema.org","@graph":[{"@type":"WebPage","@id":"https:\/\/blogs.granada.escolapiosemaus.org\/zinkers\/escape-room\/","url":"https:\/\/blogs.granada.escolapiosemaus.org\/zinkers\/escape-room\/","name":"Escape room - Zinkers Escolapios 2024","isPartOf":{"@id":"https:\/\/blogs.granada.escolapiosemaus.org\/zinkers\/#website"},"datePublished":"2024-04-05T07:59:21+00:00","dateModified":"2024-04-14T17:45:19+00:00","breadcrumb":{"@id":"https:\/\/blogs.granada.escolapiosemaus.org\/zinkers\/escape-room\/#breadcrumb"},"inLanguage":"es","potentialAction":[{"@type":"ReadAction","target":["https:\/\/blogs.granada.escolapiosemaus.org\/zinkers\/escape-room\/"]}]},{"@type":"BreadcrumbList","@id":"https:\/\/blogs.granada.escolapiosemaus.org\/zinkers\/escape-room\/#breadcrumb","itemListElement":[{"@type":"ListItem","position":1,"name":"Portada","item":"https:\/\/blogs.granada.escolapiosemaus.org\/zinkers\/"},{"@type":"ListItem","position":2,"name":"Escape room"}]},{"@type":"WebSite","@id":"https:\/\/blogs.granada.escolapiosemaus.org\/zinkers\/#website","url":"https:\/\/blogs.granada.escolapiosemaus.org\/zinkers\/","name":"Zinkers Escolapios 2024","description":"Energ\u00eda, ODS, sostenibilidad... un blog Zinkers de Escolapios Granada Genil - Colegio Dulce Nombre de Mar\u00eda","potentialAction":[{"@type":"SearchAction","target":{"@type":"EntryPoint","urlTemplate":"https:\/\/blogs.granada.escolapiosemaus.org\/zinkers\/?s={search_term_string}"},"query-input":{"@type":"PropertyValueSpecification","valueRequired":true,"valueName":"search_term_string"}}],"inLanguage":"es"}]}},"_links":{"self":[{"href":"https:\/\/blogs.granada.escolapiosemaus.org\/zinkers\/wp-json\/wp\/v2\/pages\/860","targetHints":{"allow":["GET"]}}],"collection":[{"href":"https:\/\/blogs.granada.escolapiosemaus.org\/zinkers\/wp-json\/wp\/v2\/pages"}],"about":[{"href":"https:\/\/blogs.granada.escolapiosemaus.org\/zinkers\/wp-json\/wp\/v2\/types\/page"}],"author":[{"embeddable":true,"href":"https:\/\/blogs.granada.escolapiosemaus.org\/zinkers\/wp-json\/wp\/v2\/users\/2"}],"replies":[{"embeddable":true,"href":"https:\/\/blogs.granada.escolapiosemaus.org\/zinkers\/wp-json\/wp\/v2\/comments?post=860"}],"version-history":[{"count":17,"href":"https:\/\/blogs.granada.escolapiosemaus.org\/zinkers\/wp-json\/wp\/v2\/pages\/860\/revisions"}],"predecessor-version":[{"id":1171,"href":"https:\/\/blogs.granada.escolapiosemaus.org\/zinkers\/wp-json\/wp\/v2\/pages\/860\/revisions\/1171"}],"wp:attachment":[{"href":"https:\/\/blogs.granada.escolapiosemaus.org\/zinkers\/wp-json\/wp\/v2\/media?parent=860"}],"curies":[{"name":"wp","href":"https:\/\/api.w.org\/{rel}","templated":true}]}}