{"id":605,"date":"2024-03-21T13:19:41","date_gmt":"2024-03-21T13:19:41","guid":{"rendered":"https:\/\/blogs.granada.escolapiosemaus.org\/zinkers\/?page_id=605"},"modified":"2024-04-16T10:53:00","modified_gmt":"2024-04-16T10:53:00","slug":"sostenibilidad-2","status":"publish","type":"page","link":"https:\/\/blogs.granada.escolapiosemaus.org\/zinkers\/sostenibilidad-2\/","title":{"rendered":"Sostenibilidad"},"content":{"rendered":"<p>[et_pb_section fb_built=\"1\" admin_label=\"Pricing Hero\" _builder_version=\"4.24.3\" use_background_color_gradient=\"on\" background_color_gradient_stops=\"#474ab6 0%|#9271f6 100%\" background_color_gradient_start=\"#474ab6\" background_color_gradient_end=\"#9271f6\" background_image=\"https:\/\/blogs.granada.escolapiosemaus.org\/zinkers\/wp-content\/uploads\/sites\/42\/2024\/03\/coding-background-texture.jpg\" background_blend=\"overlay\" custom_margin=\"||-318px|||\" custom_padding=\"0px|0px|60px|0px||\" animation_direction=\"top\" box_shadow_style=\"preset7\" box_shadow_horizontal=\"0px\" box_shadow_vertical=\"-200px\" box_shadow_color=\"#ffffff\" locked=\"off\" global_colors_info=\"{}\"][et_pb_row _builder_version=\"4.24.3\" min_height=\"811.8px\" custom_margin=\"|auto|24px|auto||\" custom_padding=\"27px|0px|55px|0px||\" custom_width_px=\"1280px\" global_colors_info=\"{}\"][et_pb_column type=\"4_4\" _builder_version=\"4.16\" custom_padding=\"|||\" global_colors_info=\"{}\" custom_padding__hover=\"|||\"][et_pb_text _builder_version=\"4.24.3\" text_font_size=\"30px\" header_font=\"|on|||\" header_font_size=\"42px\" header_line_height=\"1.3em\" text_orientation=\"center\" background_layout=\"dark\" max_width=\"530px\" module_alignment=\"center\" min_height=\"464.2px\" custom_margin=\"||157px|||\" custom_padding=\"|||\" header_font_size_tablet=\"\" header_font_size_phone=\"\" header_font_size_last_edited=\"on|desktop\" text_text_shadow_style=\"preset1\" locked=\"off\" global_colors_info=\"{}\"]<\/p>\n<h1>Sostenibilidad<\/h1>\n<p>&nbsp;<\/p>\n<p><img decoding=\"async\" src=\"https:\/\/static.visionesdelturismo.es\/wp-content\/uploads\/2019\/04\/22183951\/Eje-de-Sostenibilidad_.jpg\" alt=\"Los Destinos Tur\u00edsticos Inteligentes: el eje de sostenibilidad\" \/><\/p>\n<p><b>LA SOSTENIBILIDAD EN EL MUNDO<\/b><\/p>\n<p>[\/et_pb_text][\/et_pb_column][\/et_pb_row][\/et_pb_section][et_pb_section fb_built=\"1\" admin_label=\"What You Get\" _builder_version=\"4.24.3\" custom_margin=\"-202px|||||\" custom_padding=\"65px|0px|100px|0px||\" global_colors_info=\"{}\"][et_pb_row column_structure=\"1_3,1_3,1_3\" _builder_version=\"4.24.3\" custom_padding=\"0px|||||\" global_colors_info=\"{}\"][et_pb_column type=\"1_3\" _builder_version=\"4.16\" custom_padding=\"|||\" global_colors_info=\"{}\" custom_padding__hover=\"|||\"][et_pb_blurb title=\"\u00bfQUE ES LA SOSTENIBILIDAD?\" url=\"#\" image_icon_background_color=\"#FFFFFF\" image=\"https:\/\/blogs.granada.escolapiosemaus.org\/zinkers\/wp-content\/uploads\/sites\/42\/2024\/03\/coding-icon_15.jpg\" icon_placement=\"left\" image_icon_width=\"1px\" _builder_version=\"4.24.3\" header_font=\"|on|||\" header_text_color=\"#2e2545\" header_line_height=\"1.5em\" body_text_color=\"#8585bd\" body_line_height=\"1.9em\" custom_margin=\"||0px|\" custom_padding=\"20px||20px|\" child_mix_blend_mode=\"lighten\" animation_direction=\"left\" border_color_all_image=\"RGBA(255,255,255,0)\" image_max_width=\"64px\" locked=\"off\" global_colors_info=\"{}\"]<\/p>\n<p><strong>La\u00a0sostenibilidad<\/strong><strong>\u00a0se basa en el principio de asegurar las necesidades del presente sin comprometer las necesidades de las generaciones futuras, siempre sin renunciar a la protecci\u00f3n del medioambiente, el crecimiento econ\u00f3mico y el desarrollo social.<\/strong><img decoding=\"async\" src=\"https:\/\/blog.oxfamintermon.org\/wp-content\/uploads\/2015\/08\/iStock_000024262498_Small-726x404.jpg\" alt=\"Definici\u00f3n de sostenibilidad: \u00bfsabes qu\u00e9 es y sobre qu\u00e9 trata? |  Ingredientes que Suman\" \/><\/p>\n<p>[\/et_pb_blurb][\/et_pb_column][et_pb_column type=\"1_3\" _builder_version=\"4.16\" custom_padding=\"|||\" global_colors_info=\"{}\" custom_padding__hover=\"|||\"][et_pb_blurb title=\"\u00bfQu\u00e9 es el concepto de sostenibilidad?\" url=\"#\" image=\"https:\/\/blogs.granada.escolapiosemaus.org\/zinkers\/wp-content\/uploads\/sites\/42\/2024\/03\/coding-icon_20.jpg\" icon_placement=\"left\" image_icon_width=\"1px\" _builder_version=\"4.24.3\" header_font=\"|on|||\" header_text_color=\"#2e2545\" header_line_height=\"1.5em\" body_text_color=\"#8585bd\" body_line_height=\"1.9em\" custom_margin=\"||0px|\" custom_padding=\"20px||20px|\" child_filter_blur=\"50px\" animation_direction=\"left\" image_max_width=\"64px\" locked=\"off\" global_colors_info=\"{}\"]<\/p>\n<div id=\"oX_5Zd73K9OikdUP7NC6-AQ__12\">\n<div class=\"wDYxhc NFQFxe oHglmf xzPb7d\" data-md=\"32\" data-hveid=\"CBUQAA\" data-ved=\"2ahUKEwiezIXepICFAxVTUaQEHWyoDk8Q4dMGegQIFRAA\">\n<div id=\"media_result_group\" class=\"H8O85d kno-mrg-si kno-mrg kno-swp\" data-hveid=\"CBUQAQ\">\n<div class=\"kno-fiu kno-liu\">\n<div data-count=\"1\" data-hveid=\"CBcQAA\">\n<div>\n<div class=\"RYdNQb\" data-h=\"130\" data-nr=\"1\" data-ved=\"2ahUKEwiezIXepICFAxVTUaQEHWyoDk8QyQ0oAHoECBcQAg\">\n<div class=\"eA0Zlc WghbWd FnEtTd ivg-i PZPZlf img-kc-m GMCzAd dB3j8\" aria-hidden=\"true\" data-attrid=\"image\" data-docid=\"kcDUBdx702hL1M\" data-lpage=\"https:\/\/www.acciona.com\/es\/desarrollo-sostenible\/\" data-ni=\"1\" data-ref-docid=\"9itMUcyzBOJzKM\" data-hveid=\"CBMQAA\" data-ved=\"2ahUKEwiezIXepICFAxVTUaQEHWyoDk8Qzkx6BAgTEAA\">\n<div>\n<div class=\"BfmEZb\">\n<div data-hveid=\"CBwQAQ\">\n<div class=\"dnXCYb\" role=\"button\" aria-controls=\"_oX_5Zd73K9OikdUP7NC6-AQ_39\" aria-expanded=\"true\">\n<div class=\"L3Ezfd\" data-ved=\"2ahUKEwiezIXepICFAxVTUaQEHWyoDk8Quk56BAgcEAI\">\u00a0<\/div>\n<\/div>\n<\/div>\n<div id=\"_oX_5Zd73K9OikdUP7NC6-AQ_39\" class=\"bCOlv\" data-ved=\"2ahUKEwiezIXepICFAxVTUaQEHWyoDk8Q7NUEegQIHBAE\">\n<div class=\"IZE3Td\">\n<div class=\"r2fjmd t0bRye\" data-hveid=\"CBwQBQ\" data-ved=\"2ahUKEwiezIXepICFAxVTUaQEHWyoDk8Qu04oAHoECBwQBQ\">\n<div id=\"oX_5Zd73K9OikdUP7NC6-AQ__12\">\n<div class=\"wDYxhc NFQFxe oHglmf xzPb7d\" data-md=\"32\" data-hveid=\"CBUQAA\" data-ved=\"2ahUKEwiezIXepICFAxVTUaQEHWyoDk8Q4dMGegQIFRAA\">\n<div id=\"media_result_group\" class=\"H8O85d kno-mrg-si kno-mrg kno-swp\" data-hveid=\"CBUQAQ\">\n<div class=\"kno-fiu kno-liu\">\n<div data-count=\"1\" data-hveid=\"CBcQAA\">\n<div>\n<div class=\"RYdNQb\" data-h=\"130\" data-nr=\"1\" data-ved=\"2ahUKEwiezIXepICFAxVTUaQEHWyoDk8QyQ0oAHoECBcQAg\">\n<div id=\"EC4F5369-0F8A-4521-BF62-4F188E628C82\" class=\"eA0Zlc WghbWd FnEtTd ivg-i PZPZlf img-kc-m GMCzAd\" aria-hidden=\"true\" data-attrid=\"image\" data-docid=\"kcDUBdx702hL1M\" data-lpage=\"https:\/\/www.acciona.com\/es\/desarrollo-sostenible\/\" data-ni=\"1\" data-ref-docid=\"9itMUcyzBOJzKM\" data-hveid=\"CBMQAA\" data-ved=\"2ahUKEwiezIXepICFAxVTUaQEHWyoDk8Qzkx6BAgTEAA\">\n<div>\n<div class=\"BfmEZb srrRv\">\u00a0<\/div>\n<\/div>\n<\/div>\n<\/div>\n<\/div>\n<\/div>\n<\/div>\n<\/div>\n<\/div>\n<\/div>\n<div id=\"oX_5Zd73K9OikdUP7NC6-AQ__15\">\n<div class=\"wDYxhc\" data-md=\"61\">\n<div class=\"LGOjhe\" role=\"heading\" data-attrid=\"wa:\/description\" data-hveid=\"CBgQAA\"><strong><span class=\"BxUVEf ILfuVd\" lang=\"es\"><span class=\"hgKElc\">La sostenibilidad es el\u00a0desarrollo que satisface las necesidades del presente sin comprometer la capacidad de las futuras generaciones, garantizando el equilibrio entre el crecimiento econ\u00f3mico, el cuidado del medio ambiente y el bienestar social.<\/span><\/span><\/strong><\/div>\n<div class=\"LGOjhe\" role=\"heading\" data-attrid=\"wa:\/description\" data-hveid=\"CBgQAA\">\u00a0<\/div>\n<div class=\"LGOjhe\" role=\"heading\" data-attrid=\"wa:\/description\" data-hveid=\"CBgQAA\"><span class=\"BxUVEf ILfuVd\" lang=\"es\"><span class=\"hgKElc\"><img decoding=\"async\" src=\"https:\/\/fundacionglobalcajahxxii.com\/wp-content\/uploads\/2020\/11\/objetivos-desarrollo-sostenible.jpg\" alt=\"Hacia la suma por el desarrollo sostenible - Fundaci\u00f3n Globalcaja HXXII\" \/><\/span><\/span><\/div>\n<\/div>\n<\/div>\n<\/div>\n<\/div>\n<\/div>\n<\/div>\n<\/div>\n<\/div>\n<\/div>\n<\/div>\n<\/div>\n<\/div>\n<\/div>\n<\/div>\n<\/div>\n<div id=\"oX_5Zd73K9OikdUP7NC6-AQ__15\">\n<div class=\"wDYxhc\" data-md=\"61\">\u00a0<\/div>\n<\/div>\n<p>[\/et_pb_blurb][\/et_pb_column][et_pb_column type=\"1_3\" _builder_version=\"4.16\" custom_padding=\"|||\" global_colors_info=\"{}\" custom_padding__hover=\"|||\"][et_pb_blurb title=\"\u00bfQu\u00e9 es la sostenibilidad y ejemplos?\" url=\"#\" image=\"https:\/\/blogs.granada.escolapiosemaus.org\/zinkers\/wp-content\/uploads\/sites\/42\/2024\/03\/coding-iconArtboard-19-copy-10.jpg\" icon_placement=\"left\" image_icon_width=\"1px\" _builder_version=\"4.24.3\" header_font=\"|on|||\" header_text_color=\"#2e2545\" header_line_height=\"1.5em\" body_text_color=\"#8585bd\" body_line_height=\"1.9em\" custom_margin=\"||0px|\" custom_padding=\"20px||20px|\" child_filter_blur=\"50px\" animation_direction=\"left\" image_max_width=\"64px\" locked=\"off\" global_colors_info=\"{}\"]<\/p>\n<div data-hveid=\"CB8QAQ\">\n<div class=\"dnXCYb\" role=\"button\" aria-controls=\"_oX_5Zd73K9OikdUP7NC6-AQ_41\" aria-expanded=\"true\">\n<div class=\"JlqpRe\">\u00a0<\/div>\n<div class=\"aj35ze\">\u00a0<\/div>\n<div class=\"L3Ezfd\" data-ved=\"2ahUKEwiezIXepICFAxVTUaQEHWyoDk8Quk56BAgfEAI\">\u00a0<\/div>\n<\/div>\n<\/div>\n<div id=\"_oX_5Zd73K9OikdUP7NC6-AQ_41\" class=\"bCOlv\" data-ved=\"2ahUKEwiezIXepICFAxVTUaQEHWyoDk8Q7NUEegQIHxAE\">\n<div class=\"IZE3Td\">\n<div class=\"r2fjmd t0bRye\" data-hveid=\"CB8QBQ\" data-ved=\"2ahUKEwiezIXepICFAxVTUaQEHWyoDk8Qu04oAHoECB8QBQ\">\n<div id=\"oX_5Zd73K9OikdUP7NC6-AQ__18\">\n<div class=\"wDYxhc\" data-md=\"61\">\n<div class=\"LGOjhe\" role=\"heading\" data-attrid=\"wa:\/description\" data-hveid=\"CBkQAA\"><strong><span class=\"ILfuVd\" lang=\"es\"><span class=\"hgKElc\">Las bases de la\u00a0sostenibilidad\u00a0ambiental son: cuidar el agua, ahorrar energ\u00eda, reducir residuos, utilizar envases reciclables, limitar o eliminar el uso de pl\u00e1sticos, utilizar transporte\u00a0sostenible, reutilizar el papel y cuidar la flora y la fauna.<\/span><\/span><\/strong><\/div>\n<div class=\"LGOjhe\" role=\"heading\" data-attrid=\"wa:\/description\" data-hveid=\"CBkQAA\"><img loading=\"lazy\" decoding=\"async\" src=\"https:\/\/veracruz.uo.edu.mx\/sites\/default\/files\/Desarrollo-Sustentable.jpeg\" alt=\"Desarrollo sustentable: La visi\u00f3n de la humanidad | Universidad de Oriente  Veracruz\" width=\"554\" height=\"240\" \/><\/div>\n<\/div>\n<\/div>\n<\/div>\n<\/div>\n<\/div>\n<p>[\/et_pb_blurb][\/et_pb_column][\/et_pb_row][et_pb_row column_structure=\"1_3,1_3,1_3\" _builder_version=\"4.24.3\" global_colors_info=\"{}\"][et_pb_column type=\"1_3\" _builder_version=\"4.24.2\" custom_padding=\"|||\" global_colors_info=\"{}\" custom_padding__hover=\"|||\"][et_pb_blurb title=\"\u00bfC\u00f3mo elaborar una Estrategia de Sostenibilidad\" url=\"#\" image_icon_background_color=\"#FFFFFF\" icon_placement=\"left\" image_icon_width=\"64px\" _builder_version=\"4.24.3\" header_font=\"|on|||\" header_text_color=\"#2e2545\" header_line_height=\"1.5em\" body_text_color=\"#8585bd\" body_line_height=\"1.9em\" custom_margin=\"||0px|\" custom_padding=\"20px||20px|\" animation_direction=\"left\" image_max_width=\"64px\" locked=\"off\" global_colors_info=\"{}\"]<\/p>\n<div data-hveid=\"CAMQAQ\">\n<div class=\"dnXCYb\" role=\"button\" aria-controls=\"_mID5Zf-CFO6Jxc8P9uCU2A0_7\" aria-expanded=\"true\">\n<div class=\"JlqpRe\">\u00a0<\/div>\n<\/div>\n<\/div>\n<div id=\"_mID5Zf-CFO6Jxc8P9uCU2A0_7\" class=\"bCOlv\" data-ved=\"2ahUKEwj_rtHTpYCFAxXuRPEDHXYwBdsQ7NUEegQIAxAE\">\n<div class=\"IZE3Td\">\n<div class=\"r2fjmd t0bRye\" data-hveid=\"CAMQBQ\" data-ved=\"2ahUKEwj_rtHTpYCFAxXuRPEDHXYwBdsQu04oAHoECAMQBQ\">\n<div id=\"mID5Zf-CFO6Jxc8P9uCU2A0__6\">\n<div class=\"wDYxhc\" data-md=\"83\">\n<div class=\"di3YZe\">\n<div class=\"RqBzHd\">\n<ol class=\"X5LH0c\">\n<li class=\"TrT0Xe\"><strong>Establecer una visi\u00f3n y objetivos de sostenibilidad.<\/strong><\/li>\n<li class=\"TrT0Xe\"><strong>Desarrollar acciones y metas espec\u00edficas.<\/strong><\/li>\n<li class=\"TrT0Xe\"><strong>Asignar responsabilidades.<\/strong><\/li>\n<li class=\"TrT0Xe\"><strong>Monitorear y evaluar el progreso.<\/strong><\/li>\n<li class=\"TrT0Xe\"><strong>Comunicar tus esfuerzos y logros.<\/strong><\/li>\n<\/ol>\n<p><img decoding=\"async\" src=\"https:\/\/s1.elespanol.com\/2022\/07\/28\/enclave-ods\/opinion\/691191504_226121421_1706x960.jpg\" alt=\"Sostenibilidad? Mejor sustentabilidad\" \/><\/p>\n<\/div>\n<\/div>\n<\/div>\n<\/div>\n<\/div>\n<\/div>\n<\/div>\n<p>[\/et_pb_blurb][\/et_pb_column][et_pb_column type=\"1_3\" _builder_version=\"4.16\" custom_padding=\"|||\" global_colors_info=\"{}\" custom_padding__hover=\"|||\"][et_pb_blurb title=\"\u00bfQu\u00e9 es un impacto sostenible?\" url=\"#\" image=\"https:\/\/blogs.granada.escolapiosemaus.org\/zinkers\/wp-content\/uploads\/sites\/42\/2024\/03\/coding-icon_21.jpg\" icon_placement=\"left\" image_icon_width=\"1px\" _builder_version=\"4.24.3\" header_font=\"|on|||\" header_text_color=\"#2e2545\" header_line_height=\"1.5em\" body_text_color=\"#8585bd\" body_line_height=\"1.9em\" custom_margin=\"||0px|\" custom_padding=\"20px||20px|\" animation_direction=\"left\" image_max_width=\"64px\" locked=\"off\" global_colors_info=\"{}\"]<\/p>\n<p><b> Implica promover el desarrollo econ\u00f3mico y alcanzarlo, <\/b><b>pero sin amenazar, ni degradar el ambiente<\/b>,<strong> es decir, el impacto en el ambiente debe ser m\u00ednimo. De esta manera, no se comprometen los recursos naturales, tanto para las generaciones presentes como para las futuras.<\/strong><\/p>\n<p><strong><img decoding=\"async\" src=\"https:\/\/bropro.es\/wp-content\/uploads\/2018\/10\/77-SOSTENIBILIDAD-NUESTRO-MAYOR-VALOR.jpg\" alt=\"Sostenibilidad, nuestro mayor valor - Bropro\" \/><\/strong><\/p>\n<p>&nbsp;<\/p>\n<p>[\/et_pb_blurb][\/et_pb_column][et_pb_column type=\"1_3\" _builder_version=\"4.16\" custom_padding=\"|||\" global_colors_info=\"{}\" custom_padding__hover=\"|||\"][et_pb_blurb title=\"\u00bfCom\u00f3 hacerlo sostenible?\" url=\"#\" icon_placement=\"left\" image_icon_width=\"64px\" _builder_version=\"4.24.3\" header_font=\"|on|||\" header_text_color=\"#2e2545\" header_line_height=\"1.5em\" body_text_color=\"#8585bd\" body_line_height=\"1.9em\" custom_margin=\"||0px|\" custom_padding=\"20px||20px|\" animation_direction=\"left\" image_max_width=\"64px\" locked=\"off\" global_colors_info=\"{}\"]<\/p>\n<ul class=\"b_vList b_divsec b_bullet\">\n<li data-priority=\"\"><strong>Reciclaje de basura inorg\u00e1nica y biodegradable.<\/strong><\/li>\n<li data-priority=\"\"><strong>Plantas de energ\u00eda solar, parques e\u00f3licos y energ\u00eda mareomotriz.<\/strong><\/li>\n<li data-priority=\"\"><strong>Agricultura ecol\u00f3gica.<\/strong><\/li>\n<li data-priority=\"\"><strong>Aprovechamiento del agua de lluvia y control del consumo del agua de riego.<\/strong><\/li>\n<li data-priority=\"\"><strong>Ecoturismo.<\/strong><\/li>\n<\/ul>\n<p><img decoding=\"async\" src=\"https:\/\/image.shutterstock.com\/image-illustration\/sustainable-renewable-energy-3d-rendering-260nw-1966448506.jpg\" alt=\"1,594 Renewable Power Africa Images, Stock Photos &amp; Vectors | Shutterstock\" \/><\/p>\n<p>[\/et_pb_blurb][\/et_pb_column][\/et_pb_row][et_pb_row column_structure=\"2_5,3_5\" _builder_version=\"4.24.3\" _module_preset=\"default\" global_colors_info=\"{}\"][et_pb_column type=\"2_5\" _builder_version=\"4.24.3\" _module_preset=\"default\" global_colors_info=\"{}\"][et_pb_text _builder_version=\"4.24.3\" _module_preset=\"default\" global_colors_info=\"{}\"]<\/p>\n<h4><strong>Entrevista del la comisi\u00f3n de comunicaci\u00f3n<\/strong><\/h4>\n<p>Entrevista a D\u00aa. Mar\u00eda del Carmen Morales Morales, Concejal de Turismo, Cultura y Educaci\u00f3n del Ayuntamiento de Monachi - Granada sobre turismo sostenible y cuidado del medioambiente.<\/p>\n<p>[\/et_pb_text][\/et_pb_column][et_pb_column type=\"3_5\" _builder_version=\"4.24.3\" _module_preset=\"default\" global_colors_info=\"{}\"][et_pb_video src=\"https:\/\/youtu.be\/Z_Temc3tEnA\" _builder_version=\"4.24.3\" _module_preset=\"default\" global_colors_info=\"{}\"][\/et_pb_video][\/et_pb_column][\/et_pb_row][\/et_pb_section]<\/p>\n","protected":false},"excerpt":{"rendered":"<p>Sostenibilidad &nbsp; LA SOSTENIBILIDAD EN EL MUNDOLa\u00a0sostenibilidad\u00a0se basa en el principio de asegurar las necesidades del presente sin comprometer las necesidades de las generaciones futuras, siempre sin renunciar a la protecci\u00f3n del medioambiente, el crecimiento econ\u00f3mico y el desarrollo social. \u00a0 \u00a0 La sostenibilidad es el\u00a0desarrollo que satisface las necesidades del presente sin comprometer la [&hellip;]<\/p>\n","protected":false},"author":128,"featured_media":0,"parent":0,"menu_order":0,"comment_status":"closed","ping_status":"closed","template":"","meta":{"_et_pb_use_builder":"on","_et_pb_old_content":"<p><span style=\"font-size: 24pt;\"><strong>SOSTENIBILIDAD<\/strong><\/span><\/p><p>\u00a0<\/p>","_et_gb_content_width":"","_monsterinsights_skip_tracking":false,"_monsterinsights_sitenote_active":false,"_monsterinsights_sitenote_note":"","_monsterinsights_sitenote_category":0,"footnotes":""},"class_list":["post-605","page","type-page","status-publish","hentry"],"yoast_head":"<!-- This site is optimized with the Yoast SEO plugin v26.8 - https:\/\/yoast.com\/product\/yoast-seo-wordpress\/ -->\n<title>Sostenibilidad - Zinkers Escolapios 2024<\/title>\n<meta name=\"robots\" content=\"index, follow, max-snippet:-1, max-image-preview:large, max-video-preview:-1\" \/>\n<link rel=\"canonical\" href=\"https:\/\/blogs.granada.escolapiosemaus.org\/zinkers\/sostenibilidad-2\/\" \/>\n<meta property=\"og:locale\" content=\"es_ES\" \/>\n<meta property=\"og:type\" content=\"article\" \/>\n<meta property=\"og:title\" content=\"Sostenibilidad - Zinkers Escolapios 2024\" \/>\n<meta property=\"og:description\" content=\"Sostenibilidad &nbsp; LA SOSTENIBILIDAD EN EL MUNDOLa\u00a0sostenibilidad\u00a0se basa en el principio de asegurar las necesidades del presente sin comprometer las necesidades de las generaciones futuras, siempre sin renunciar a la protecci\u00f3n del medioambiente, el crecimiento econ\u00f3mico y el desarrollo social. \u00a0 \u00a0 La sostenibilidad es el\u00a0desarrollo que satisface las necesidades del presente sin comprometer la [&hellip;]\" \/>\n<meta property=\"og:url\" content=\"https:\/\/blogs.granada.escolapiosemaus.org\/zinkers\/sostenibilidad-2\/\" \/>\n<meta property=\"og:site_name\" content=\"Zinkers Escolapios 2024\" \/>\n<meta property=\"article:modified_time\" content=\"2024-04-16T10:53:00+00:00\" \/>\n<meta property=\"og:image\" content=\"https:\/\/static.visionesdelturismo.es\/wp-content\/uploads\/2019\/04\/22183951\/Eje-de-Sostenibilidad_.jpg\" \/>\n<meta name=\"twitter:card\" content=\"summary_large_image\" \/>\n<meta name=\"twitter:label1\" content=\"Tiempo de lectura\" \/>\n\t<meta name=\"twitter:data1\" content=\"4 minutos\" \/>\n<script type=\"application\/ld+json\" class=\"yoast-schema-graph\">{\"@context\":\"https:\/\/schema.org\",\"@graph\":[{\"@type\":\"WebPage\",\"@id\":\"https:\/\/blogs.granada.escolapiosemaus.org\/zinkers\/sostenibilidad-2\/\",\"url\":\"https:\/\/blogs.granada.escolapiosemaus.org\/zinkers\/sostenibilidad-2\/\",\"name\":\"Sostenibilidad - Zinkers Escolapios 2024\",\"isPartOf\":{\"@id\":\"https:\/\/blogs.granada.escolapiosemaus.org\/zinkers\/#website\"},\"primaryImageOfPage\":{\"@id\":\"https:\/\/blogs.granada.escolapiosemaus.org\/zinkers\/sostenibilidad-2\/#primaryimage\"},\"image\":{\"@id\":\"https:\/\/blogs.granada.escolapiosemaus.org\/zinkers\/sostenibilidad-2\/#primaryimage\"},\"thumbnailUrl\":\"https:\/\/static.visionesdelturismo.es\/wp-content\/uploads\/2019\/04\/22183951\/Eje-de-Sostenibilidad_.jpg\",\"datePublished\":\"2024-03-21T13:19:41+00:00\",\"dateModified\":\"2024-04-16T10:53:00+00:00\",\"breadcrumb\":{\"@id\":\"https:\/\/blogs.granada.escolapiosemaus.org\/zinkers\/sostenibilidad-2\/#breadcrumb\"},\"inLanguage\":\"es\",\"potentialAction\":[{\"@type\":\"ReadAction\",\"target\":[\"https:\/\/blogs.granada.escolapiosemaus.org\/zinkers\/sostenibilidad-2\/\"]}]},{\"@type\":\"ImageObject\",\"inLanguage\":\"es\",\"@id\":\"https:\/\/blogs.granada.escolapiosemaus.org\/zinkers\/sostenibilidad-2\/#primaryimage\",\"url\":\"https:\/\/static.visionesdelturismo.es\/wp-content\/uploads\/2019\/04\/22183951\/Eje-de-Sostenibilidad_.jpg\",\"contentUrl\":\"https:\/\/static.visionesdelturismo.es\/wp-content\/uploads\/2019\/04\/22183951\/Eje-de-Sostenibilidad_.jpg\"},{\"@type\":\"BreadcrumbList\",\"@id\":\"https:\/\/blogs.granada.escolapiosemaus.org\/zinkers\/sostenibilidad-2\/#breadcrumb\",\"itemListElement\":[{\"@type\":\"ListItem\",\"position\":1,\"name\":\"Portada\",\"item\":\"https:\/\/blogs.granada.escolapiosemaus.org\/zinkers\/\"},{\"@type\":\"ListItem\",\"position\":2,\"name\":\"Sostenibilidad\"}]},{\"@type\":\"WebSite\",\"@id\":\"https:\/\/blogs.granada.escolapiosemaus.org\/zinkers\/#website\",\"url\":\"https:\/\/blogs.granada.escolapiosemaus.org\/zinkers\/\",\"name\":\"Zinkers Escolapios 2024\",\"description\":\"Energ\u00eda, ODS, sostenibilidad... un blog Zinkers de Escolapios Granada Genil - Colegio Dulce Nombre de Mar\u00eda\",\"potentialAction\":[{\"@type\":\"SearchAction\",\"target\":{\"@type\":\"EntryPoint\",\"urlTemplate\":\"https:\/\/blogs.granada.escolapiosemaus.org\/zinkers\/?s={search_term_string}\"},\"query-input\":{\"@type\":\"PropertyValueSpecification\",\"valueRequired\":true,\"valueName\":\"search_term_string\"}}],\"inLanguage\":\"es\"}]}<\/script>\n<!-- \/ Yoast SEO plugin. -->","yoast_head_json":{"title":"Sostenibilidad - Zinkers Escolapios 2024","robots":{"index":"index","follow":"follow","max-snippet":"max-snippet:-1","max-image-preview":"max-image-preview:large","max-video-preview":"max-video-preview:-1"},"canonical":"https:\/\/blogs.granada.escolapiosemaus.org\/zinkers\/sostenibilidad-2\/","og_locale":"es_ES","og_type":"article","og_title":"Sostenibilidad - Zinkers Escolapios 2024","og_description":"Sostenibilidad &nbsp; LA SOSTENIBILIDAD EN EL MUNDOLa\u00a0sostenibilidad\u00a0se basa en el principio de asegurar las necesidades del presente sin comprometer las necesidades de las generaciones futuras, siempre sin renunciar a la protecci\u00f3n del medioambiente, el crecimiento econ\u00f3mico y el desarrollo social. \u00a0 \u00a0 La sostenibilidad es el\u00a0desarrollo que satisface las necesidades del presente sin comprometer la [&hellip;]","og_url":"https:\/\/blogs.granada.escolapiosemaus.org\/zinkers\/sostenibilidad-2\/","og_site_name":"Zinkers Escolapios 2024","article_modified_time":"2024-04-16T10:53:00+00:00","og_image":[{"url":"https:\/\/static.visionesdelturismo.es\/wp-content\/uploads\/2019\/04\/22183951\/Eje-de-Sostenibilidad_.jpg","type":"","width":"","height":""}],"twitter_card":"summary_large_image","twitter_misc":{"Tiempo de lectura":"4 minutos"},"schema":{"@context":"https:\/\/schema.org","@graph":[{"@type":"WebPage","@id":"https:\/\/blogs.granada.escolapiosemaus.org\/zinkers\/sostenibilidad-2\/","url":"https:\/\/blogs.granada.escolapiosemaus.org\/zinkers\/sostenibilidad-2\/","name":"Sostenibilidad - Zinkers Escolapios 2024","isPartOf":{"@id":"https:\/\/blogs.granada.escolapiosemaus.org\/zinkers\/#website"},"primaryImageOfPage":{"@id":"https:\/\/blogs.granada.escolapiosemaus.org\/zinkers\/sostenibilidad-2\/#primaryimage"},"image":{"@id":"https:\/\/blogs.granada.escolapiosemaus.org\/zinkers\/sostenibilidad-2\/#primaryimage"},"thumbnailUrl":"https:\/\/static.visionesdelturismo.es\/wp-content\/uploads\/2019\/04\/22183951\/Eje-de-Sostenibilidad_.jpg","datePublished":"2024-03-21T13:19:41+00:00","dateModified":"2024-04-16T10:53:00+00:00","breadcrumb":{"@id":"https:\/\/blogs.granada.escolapiosemaus.org\/zinkers\/sostenibilidad-2\/#breadcrumb"},"inLanguage":"es","potentialAction":[{"@type":"ReadAction","target":["https:\/\/blogs.granada.escolapiosemaus.org\/zinkers\/sostenibilidad-2\/"]}]},{"@type":"ImageObject","inLanguage":"es","@id":"https:\/\/blogs.granada.escolapiosemaus.org\/zinkers\/sostenibilidad-2\/#primaryimage","url":"https:\/\/static.visionesdelturismo.es\/wp-content\/uploads\/2019\/04\/22183951\/Eje-de-Sostenibilidad_.jpg","contentUrl":"https:\/\/static.visionesdelturismo.es\/wp-content\/uploads\/2019\/04\/22183951\/Eje-de-Sostenibilidad_.jpg"},{"@type":"BreadcrumbList","@id":"https:\/\/blogs.granada.escolapiosemaus.org\/zinkers\/sostenibilidad-2\/#breadcrumb","itemListElement":[{"@type":"ListItem","position":1,"name":"Portada","item":"https:\/\/blogs.granada.escolapiosemaus.org\/zinkers\/"},{"@type":"ListItem","position":2,"name":"Sostenibilidad"}]},{"@type":"WebSite","@id":"https:\/\/blogs.granada.escolapiosemaus.org\/zinkers\/#website","url":"https:\/\/blogs.granada.escolapiosemaus.org\/zinkers\/","name":"Zinkers Escolapios 2024","description":"Energ\u00eda, ODS, sostenibilidad... un blog Zinkers de Escolapios Granada Genil - Colegio Dulce Nombre de Mar\u00eda","potentialAction":[{"@type":"SearchAction","target":{"@type":"EntryPoint","urlTemplate":"https:\/\/blogs.granada.escolapiosemaus.org\/zinkers\/?s={search_term_string}"},"query-input":{"@type":"PropertyValueSpecification","valueRequired":true,"valueName":"search_term_string"}}],"inLanguage":"es"}]}},"_links":{"self":[{"href":"https:\/\/blogs.granada.escolapiosemaus.org\/zinkers\/wp-json\/wp\/v2\/pages\/605","targetHints":{"allow":["GET"]}}],"collection":[{"href":"https:\/\/blogs.granada.escolapiosemaus.org\/zinkers\/wp-json\/wp\/v2\/pages"}],"about":[{"href":"https:\/\/blogs.granada.escolapiosemaus.org\/zinkers\/wp-json\/wp\/v2\/types\/page"}],"author":[{"embeddable":true,"href":"https:\/\/blogs.granada.escolapiosemaus.org\/zinkers\/wp-json\/wp\/v2\/users\/128"}],"replies":[{"embeddable":true,"href":"https:\/\/blogs.granada.escolapiosemaus.org\/zinkers\/wp-json\/wp\/v2\/comments?post=605"}],"version-history":[{"count":17,"href":"https:\/\/blogs.granada.escolapiosemaus.org\/zinkers\/wp-json\/wp\/v2\/pages\/605\/revisions"}],"predecessor-version":[{"id":1176,"href":"https:\/\/blogs.granada.escolapiosemaus.org\/zinkers\/wp-json\/wp\/v2\/pages\/605\/revisions\/1176"}],"wp:attachment":[{"href":"https:\/\/blogs.granada.escolapiosemaus.org\/zinkers\/wp-json\/wp\/v2\/media?parent=605"}],"curies":[{"name":"wp","href":"https:\/\/api.w.org\/{rel}","templated":true}]}}