{"id":604,"date":"2024-03-22T08:11:30","date_gmt":"2024-03-22T08:11:30","guid":{"rendered":"https:\/\/blogs.granada.escolapiosemaus.org\/zinkers\/?page_id=604"},"modified":"2024-04-12T19:28:31","modified_gmt":"2024-04-12T19:28:31","slug":"movilidad-sostenible-2","status":"publish","type":"page","link":"https:\/\/blogs.granada.escolapiosemaus.org\/zinkers\/movilidad-sostenible-2\/","title":{"rendered":"Movilidad Sostenible"},"content":{"rendered":"<p>[et_pb_section fb_built=\"1\" admin_label=\"Blog Hero\" _builder_version=\"4.24.3\" use_background_color_gradient=\"on\" background_color_gradient_stops=\"rgba(114,114,255,0.24) 0%|#ffffff 100%\" background_color_gradient_start=\"rgba(114,114,255,0.24)\" background_color_gradient_end=\"#ffffff\" background_blend=\"multiply\" custom_padding=\"47px|0px|100px|0px||\" animation_direction=\"top\" locked=\"off\" global_colors_info=\"{}\"][et_pb_row _builder_version=\"4.16\" background_size=\"initial\" background_position=\"top_left\" background_repeat=\"repeat\" custom_margin=\"|||\" custom_padding=\"27px|0px|27px|0px\" custom_width_px=\"1280px\" global_colors_info=\"{}\"][et_pb_column type=\"4_4\" _builder_version=\"4.16\" custom_padding=\"|||\" global_colors_info=\"{}\" custom_padding__hover=\"|||\"][et_pb_text _builder_version=\"4.24.3\" text_font=\"||||||||\" header_font=\"|700|||||||\" header_text_color=\"#7272ff\" header_font_size=\"42px\" header_line_height=\"1.3em\" background_size=\"initial\" background_position=\"top_left\" background_repeat=\"repeat\" text_orientation=\"center\" background_layout=\"dark\" max_width=\"530px\" module_alignment=\"center\" custom_padding=\"|||\" header_font_size_tablet=\"\" header_font_size_phone=\"\" header_font_size_last_edited=\"on|desktop\" locked=\"off\" global_colors_info=\"{}\"]<\/p>\n<h1>Movilidad Sostenible<\/h1>\n<p>[\/et_pb_text][et_pb_text _builder_version=\"4.24.3\" _module_preset=\"default\" header_text_color=\"#8300E9\" header_2_text_color=\"#8300E9\" header_3_text_color=\"#8300E9\" header_4_text_color=\"#8300E9\" global_colors_info=\"{}\"]<\/p>\n<h4>La movilidad sostenible consiste en la creaci\u00f3n de veh\u00edculos responsables con el planeta a trav\u00e9s de el uso de energ\u00edas renovables como la biomasa o la electricidad obtenida de el sol, la energ\u00eda e\u00f3lica, etc.<\/h4>\n<p>[\/et_pb_text][\/et_pb_column][\/et_pb_row][\/et_pb_section][et_pb_section fb_built=\"1\" admin_label=\"Blog\" _builder_version=\"4.16\" custom_margin=\"|||\" custom_padding=\"0px|0px|0px|0px||\" global_colors_info=\"{}\"][et_pb_row _builder_version=\"4.24.3\" background_size=\"initial\" background_position=\"top_left\" background_repeat=\"repeat\" max_width=\"960px\" min_height=\"326.2px\" custom_margin=\"-27px|auto||auto||\" custom_padding=\"0px||203px|||\" use_custom_width=\"on\" custom_width_px=\"960px\" global_colors_info=\"{}\"][et_pb_column type=\"4_4\" _builder_version=\"4.16\" custom_padding=\"|||\" global_colors_info=\"{}\" custom_padding__hover=\"|||\"][et_pb_text _builder_version=\"4.24.2\" _module_preset=\"default\" text_text_color=\"#5d28e2\" text_font_size=\"16px\" text_orientation=\"center\" custom_margin=\"-98px|||||\" global_colors_info=\"{}\" text_text_color__hover_enabled=\"on|desktop\" text_text_color__hover=\"#5d28e2\"]<\/p>\n<p>Primero de todo, en toda Andaluc\u00eda, y sobre todo en nuestra ciudad, Granada, el transporte p\u00fablico est\u00e1 tomando iniciativas como el uso de biocombustibles para reducir las emisiones no solo en el uso diario, sino tambi\u00e9n a la producci\u00f3n de estos. Ya que producir biocombustible es considerablemente m\u00e1s barato, y nos ayuda con el movimiento circular, donde la tala descontrolada puede tener un lugar.<\/p>\n<p>[\/et_pb_text][\/et_pb_column][\/et_pb_row][\/et_pb_section][et_pb_section fb_built=\"1\" admin_label=\"Subscribe\" _builder_version=\"4.24.3\" use_background_color_gradient=\"on\" background_color_gradient_stops=\"#474ab6 0%|#9271f6 100%\" background_color_gradient_start=\"#474ab6\" background_color_gradient_end=\"#9271f6\" background_blend=\"overlay\" custom_margin=\"-300px|||||\" custom_padding=\"0px|0px|200px|0px||\" global_colors_info=\"{}\"][et_pb_row _builder_version=\"4.24.3\" background_size=\"initial\" background_position=\"top_left\" background_repeat=\"repeat\" custom_margin=\"|auto|21px|auto||\" animation_direction=\"bottom\" locked=\"off\" global_colors_info=\"{}\"][et_pb_column type=\"4_4\" _builder_version=\"4.16\" custom_padding=\"|||\" global_colors_info=\"{}\" custom_padding__hover=\"|||\"][et_pb_divider color=\"#09e1c0\" divider_weight=\"4px\" disabled_on=\"on|on|off\" _builder_version=\"4.16\" background_size=\"initial\" background_position=\"top_left\" background_repeat=\"repeat\" max_width=\"40px\" module_alignment=\"center\" custom_margin=\"||10px|\" animation_style=\"zoom\" animation_direction=\"left\" saved_tabs=\"all\" locked=\"off\" global_colors_info=\"{}\"][\/et_pb_divider][et_pb_image src=\"https:\/\/blogs.granada.escolapiosemaus.org\/zinkers\/wp-content\/uploads\/sites\/42\/2024\/03\/coche.webp\" title_text=\"coche\" align=\"center\" _builder_version=\"4.24.2\" _module_preset=\"default\" width=\"24%\" max_width=\"11%\" global_colors_info=\"{}\"][\/et_pb_image][et_pb_text _builder_version=\"4.24.3\" text_text_color=\"#d4ccff\" text_font_size=\"16px\" text_line_height=\"1.9em\" text_orientation=\"center\" max_width=\"540px\" module_alignment=\"center\" locked=\"off\" global_colors_info=\"{}\"]<\/p>\n<p>Sumado a esto, ya sabemos que est\u00e1n en desarrollo los veh\u00edculos el\u00e9ctricos, pero nosotros pensamos que el verdadero futuro est\u00e1 en la energ\u00eda proveniente de el hidr\u00f3geno, ya que la creaci\u00f3n de bater\u00edas de litio es m\u00e1s contaminante que los propios combustibles f\u00f3siles a corto plazo, sin contar todas los bajos sueldos de los trabajadores que extraen los materiales provienen de pa\u00edses sudafricanos.<\/p>\n<p>[\/et_pb_text][\/et_pb_column][\/et_pb_row][\/et_pb_section][et_pb_section fb_built=\"1\" admin_label=\"Footer\" _builder_version=\"4.24.3\" background_color=\"#f7f8fc\" custom_margin=\"-101px||-231px|||\" custom_padding=\"0px|0px|100px|0px\" animation_direction=\"bottom\" saved_tabs=\"all\" locked=\"off\" global_colors_info=\"{}\"][et_pb_row column_structure=\"1_2,1_2\" _builder_version=\"4.16\" background_size=\"initial\" background_position=\"top_left\" background_repeat=\"repeat\" custom_padding=\"0px|0px|100px|0px\" global_colors_info=\"{}\"][et_pb_column type=\"1_2\" _builder_version=\"4.16\" custom_padding=\"|||\" global_colors_info=\"{}\" custom_padding__hover=\"|||\"][et_pb_blurb title=\"Aparcabicis Escolar\" url=\"#\" image=\"https:\/\/blogs.granada.escolapiosemaus.org\/zinkers\/wp-content\/uploads\/sites\/42\/2024\/03\/kerosene.webp\" icon_placement=\"left\" image_icon_width=\"64px\" content_max_width=\"1100px\" _builder_version=\"4.24.3\" header_font=\"|on|||\" header_text_color=\"#7272ff\" header_line_height=\"1.5em\" body_text_color=\"#8585bd\" body_line_height=\"1.9em\" background_color=\"#ffffff\" custom_margin=\"-80px|||\" custom_padding=\"30px|40px|30px|40px\" animation_direction=\"bottom\" animation=\"bottom\" box_shadow_style=\"preset2\" box_shadow_horizontal=\"0px\" box_shadow_vertical=\"0px\" box_shadow_blur=\"60px\" box_shadow_color=\"rgba(71,74,182,0.12)\" image_max_width=\"64px\" locked=\"off\" global_colors_info=\"{}\"]<\/p>\n<p>Para promover el uso de la bicicleta y evitar emisiones de vehiculos a motor, se construyo un aparcabicis hace pocos a\u00f1os, completamente seguro ya que se encuentra en el interior del colegio.<\/p>\n<p>Asi os invitamos a dejar transportes como bicicletas y patines aqu\u00ed.<\/p>\n<p>&nbsp;<\/p>\n<p>[\/et_pb_blurb][\/et_pb_column][et_pb_column type=\"1_2\" _builder_version=\"4.16\" custom_padding=\"|||\" global_colors_info=\"{}\" custom_padding__hover=\"|||\"][et_pb_blurb title=\"EnergyCo con la Universidad de Granada\" url=\"#\" image=\"https:\/\/blogs.granada.escolapiosemaus.org\/zinkers\/wp-content\/uploads\/sites\/42\/2024\/03\/barco.png\" icon_placement=\"left\" image_icon_width=\"64px\" content_max_width=\"1100px\" _builder_version=\"4.24.3\" header_font=\"|on|||\" header_text_color=\"#7272ff\" header_line_height=\"1.5em\" body_text_color=\"#8585bd\" body_line_height=\"1.9em\" background_color=\"#ffffff\" custom_margin=\"-80px|||\" custom_margin_tablet=\"0px|||\" custom_margin_phone=\"\" custom_margin_last_edited=\"on|phone\" custom_padding=\"30px|40px|30px|40px\" animation_direction=\"bottom\" hover_enabled=\"0\" box_shadow_style=\"preset2\" box_shadow_horizontal=\"0px\" box_shadow_vertical=\"0px\" box_shadow_blur=\"60px\" box_shadow_color=\"rgba(71,74,182,0.12)\" image_max_width=\"64px\" locked=\"off\" global_colors_info=\"{}\" sticky_enabled=\"0\"]<\/p>\n<p><span>El alumnado de 4\u00ba de ESO de nuestro cole est\u00e1 colaborando con la Facultad de Ciencias del Deporte de la UGR en un proyecto sobre los desplazamientos activos titulado \u201c<a href=\"https:\/\/twitter.com\/EnergycoProject\" target=\"_blank\" rel=\"noopener\">EnergyCo<\/a>\u201d y \u00a1todo va sobre ruedas! Entre otras cosas hemos tenido una peque\u00f1a formaci\u00f3n de educaci\u00f3n vial.<\/span><\/p>\n<p>[\/et_pb_blurb][\/et_pb_column][\/et_pb_row][\/et_pb_section][et_pb_section fb_built=\"1\" _builder_version=\"4.24.3\" _module_preset=\"default\" global_colors_info=\"{}\"][et_pb_row _builder_version=\"4.24.2\" _module_preset=\"default\" global_colors_info=\"{}\"][et_pb_column type=\"4_4\" _builder_version=\"4.24.2\" _module_preset=\"default\" global_colors_info=\"{}\"][et_pb_video src=\"https:\/\/blogs.granada.escolapiosemaus.org\/zinkers\/wp-content\/uploads\/sites\/42\/2024\/04\/EnergyCoZinkers-HD-720p.mov\" src_webm=\"https:\/\/blogs.granada.escolapiosemaus.org\/zinkers\/wp-content\/uploads\/sites\/42\/2024\/04\/EnergyCoZinkers-HD-720p.webm\" _builder_version=\"4.24.3\" _module_preset=\"default\" width=\"49%\" max_width=\"720px\" module_alignment=\"center\" global_colors_info=\"{}\"][\/et_pb_video][\/et_pb_column][\/et_pb_row][\/et_pb_section]<\/p>\n","protected":false},"excerpt":{"rendered":"<p>Movilidad SostenibleLa movilidad sostenible consiste en la creaci\u00f3n de veh\u00edculos responsables con el planeta a trav\u00e9s de el uso de energ\u00edas renovables como la biomasa o la electricidad obtenida de el sol, la energ\u00eda e\u00f3lica, etc.Primero de todo, en toda Andaluc\u00eda, y sobre todo en nuestra ciudad, Granada, el transporte p\u00fablico est\u00e1 tomando iniciativas como [&hellip;]<\/p>\n","protected":false},"author":127,"featured_media":0,"parent":0,"menu_order":0,"comment_status":"closed","ping_status":"closed","template":"","meta":{"_et_pb_use_builder":"on","_et_pb_old_content":"","_et_gb_content_width":"","_monsterinsights_skip_tracking":false,"_monsterinsights_sitenote_active":false,"_monsterinsights_sitenote_note":"","_monsterinsights_sitenote_category":0,"footnotes":""},"class_list":["post-604","page","type-page","status-publish","hentry"],"yoast_head":"<!-- This site is optimized with the Yoast SEO plugin v26.8 - https:\/\/yoast.com\/product\/yoast-seo-wordpress\/ -->\n<title>Movilidad Sostenible - Zinkers Escolapios 2024<\/title>\n<meta name=\"description\" content=\"An\u00e1lisis de los estudiantes de 4 ESO Escolapios Genil para apoyar a la fundaci\u00f3n Repsol Zinkers, de ecolog\u00eda, sensibilidad del medio ambiente, movilidad sostenible, ODS y uso del agua y la electricidad responsable entre otros temas.\" \/>\n<meta name=\"robots\" content=\"index, follow, max-snippet:-1, max-image-preview:large, max-video-preview:-1\" \/>\n<link rel=\"canonical\" href=\"https:\/\/blogs.granada.escolapiosemaus.org\/zinkers\/movilidad-sostenible-2\/\" \/>\n<meta property=\"og:locale\" content=\"es_ES\" \/>\n<meta property=\"og:type\" content=\"article\" \/>\n<meta property=\"og:title\" content=\"Movilidad Sostenible - Zinkers Escolapios 2024\" \/>\n<meta property=\"og:description\" content=\"An\u00e1lisis de los estudiantes de 4 ESO Escolapios Genil para apoyar a la fundaci\u00f3n Repsol Zinkers, de ecolog\u00eda, sensibilidad del medio ambiente, movilidad sostenible, ODS y uso del agua y la electricidad responsable entre otros temas.\" \/>\n<meta property=\"og:url\" content=\"https:\/\/blogs.granada.escolapiosemaus.org\/zinkers\/movilidad-sostenible-2\/\" \/>\n<meta property=\"og:site_name\" content=\"Zinkers Escolapios 2024\" \/>\n<meta property=\"article:modified_time\" content=\"2024-04-12T19:28:31+00:00\" \/>\n<meta name=\"twitter:card\" content=\"summary_large_image\" \/>\n<meta name=\"twitter:label1\" content=\"Tiempo de lectura\" \/>\n\t<meta name=\"twitter:data1\" content=\"3 minutos\" \/>\n<script type=\"application\/ld+json\" class=\"yoast-schema-graph\">{\"@context\":\"https:\/\/schema.org\",\"@graph\":[{\"@type\":\"WebPage\",\"@id\":\"https:\/\/blogs.granada.escolapiosemaus.org\/zinkers\/movilidad-sostenible-2\/\",\"url\":\"https:\/\/blogs.granada.escolapiosemaus.org\/zinkers\/movilidad-sostenible-2\/\",\"name\":\"Movilidad Sostenible - Zinkers Escolapios 2024\",\"isPartOf\":{\"@id\":\"https:\/\/blogs.granada.escolapiosemaus.org\/zinkers\/#website\"},\"datePublished\":\"2024-03-22T08:11:30+00:00\",\"dateModified\":\"2024-04-12T19:28:31+00:00\",\"description\":\"An\u00e1lisis de los estudiantes de 4 ESO Escolapios Genil para apoyar a la fundaci\u00f3n Repsol Zinkers, de ecolog\u00eda, sensibilidad del medio ambiente, movilidad sostenible, ODS y uso del agua y la electricidad responsable entre otros temas.\",\"breadcrumb\":{\"@id\":\"https:\/\/blogs.granada.escolapiosemaus.org\/zinkers\/movilidad-sostenible-2\/#breadcrumb\"},\"inLanguage\":\"es\",\"potentialAction\":[{\"@type\":\"ReadAction\",\"target\":[\"https:\/\/blogs.granada.escolapiosemaus.org\/zinkers\/movilidad-sostenible-2\/\"]}]},{\"@type\":\"BreadcrumbList\",\"@id\":\"https:\/\/blogs.granada.escolapiosemaus.org\/zinkers\/movilidad-sostenible-2\/#breadcrumb\",\"itemListElement\":[{\"@type\":\"ListItem\",\"position\":1,\"name\":\"Portada\",\"item\":\"https:\/\/blogs.granada.escolapiosemaus.org\/zinkers\/\"},{\"@type\":\"ListItem\",\"position\":2,\"name\":\"Movilidad Sostenible\"}]},{\"@type\":\"WebSite\",\"@id\":\"https:\/\/blogs.granada.escolapiosemaus.org\/zinkers\/#website\",\"url\":\"https:\/\/blogs.granada.escolapiosemaus.org\/zinkers\/\",\"name\":\"Zinkers Escolapios 2024\",\"description\":\"Energ\u00eda, ODS, sostenibilidad... un blog Zinkers de Escolapios Granada Genil - Colegio Dulce Nombre de Mar\u00eda\",\"potentialAction\":[{\"@type\":\"SearchAction\",\"target\":{\"@type\":\"EntryPoint\",\"urlTemplate\":\"https:\/\/blogs.granada.escolapiosemaus.org\/zinkers\/?s={search_term_string}\"},\"query-input\":{\"@type\":\"PropertyValueSpecification\",\"valueRequired\":true,\"valueName\":\"search_term_string\"}}],\"inLanguage\":\"es\"}]}<\/script>\n<!-- \/ Yoast SEO plugin. -->","yoast_head_json":{"title":"Movilidad Sostenible - Zinkers Escolapios 2024","description":"An\u00e1lisis de los estudiantes de 4 ESO Escolapios Genil para apoyar a la fundaci\u00f3n Repsol Zinkers, de ecolog\u00eda, sensibilidad del medio ambiente, movilidad sostenible, ODS y uso del agua y la electricidad responsable entre otros temas.","robots":{"index":"index","follow":"follow","max-snippet":"max-snippet:-1","max-image-preview":"max-image-preview:large","max-video-preview":"max-video-preview:-1"},"canonical":"https:\/\/blogs.granada.escolapiosemaus.org\/zinkers\/movilidad-sostenible-2\/","og_locale":"es_ES","og_type":"article","og_title":"Movilidad Sostenible - Zinkers Escolapios 2024","og_description":"An\u00e1lisis de los estudiantes de 4 ESO Escolapios Genil para apoyar a la fundaci\u00f3n Repsol Zinkers, de ecolog\u00eda, sensibilidad del medio ambiente, movilidad sostenible, ODS y uso del agua y la electricidad responsable entre otros temas.","og_url":"https:\/\/blogs.granada.escolapiosemaus.org\/zinkers\/movilidad-sostenible-2\/","og_site_name":"Zinkers Escolapios 2024","article_modified_time":"2024-04-12T19:28:31+00:00","twitter_card":"summary_large_image","twitter_misc":{"Tiempo de lectura":"3 minutos"},"schema":{"@context":"https:\/\/schema.org","@graph":[{"@type":"WebPage","@id":"https:\/\/blogs.granada.escolapiosemaus.org\/zinkers\/movilidad-sostenible-2\/","url":"https:\/\/blogs.granada.escolapiosemaus.org\/zinkers\/movilidad-sostenible-2\/","name":"Movilidad Sostenible - Zinkers Escolapios 2024","isPartOf":{"@id":"https:\/\/blogs.granada.escolapiosemaus.org\/zinkers\/#website"},"datePublished":"2024-03-22T08:11:30+00:00","dateModified":"2024-04-12T19:28:31+00:00","description":"An\u00e1lisis de los estudiantes de 4 ESO Escolapios Genil para apoyar a la fundaci\u00f3n Repsol Zinkers, de ecolog\u00eda, sensibilidad del medio ambiente, movilidad sostenible, ODS y uso del agua y la electricidad responsable entre otros temas.","breadcrumb":{"@id":"https:\/\/blogs.granada.escolapiosemaus.org\/zinkers\/movilidad-sostenible-2\/#breadcrumb"},"inLanguage":"es","potentialAction":[{"@type":"ReadAction","target":["https:\/\/blogs.granada.escolapiosemaus.org\/zinkers\/movilidad-sostenible-2\/"]}]},{"@type":"BreadcrumbList","@id":"https:\/\/blogs.granada.escolapiosemaus.org\/zinkers\/movilidad-sostenible-2\/#breadcrumb","itemListElement":[{"@type":"ListItem","position":1,"name":"Portada","item":"https:\/\/blogs.granada.escolapiosemaus.org\/zinkers\/"},{"@type":"ListItem","position":2,"name":"Movilidad Sostenible"}]},{"@type":"WebSite","@id":"https:\/\/blogs.granada.escolapiosemaus.org\/zinkers\/#website","url":"https:\/\/blogs.granada.escolapiosemaus.org\/zinkers\/","name":"Zinkers Escolapios 2024","description":"Energ\u00eda, ODS, sostenibilidad... un blog Zinkers de Escolapios Granada Genil - Colegio Dulce Nombre de Mar\u00eda","potentialAction":[{"@type":"SearchAction","target":{"@type":"EntryPoint","urlTemplate":"https:\/\/blogs.granada.escolapiosemaus.org\/zinkers\/?s={search_term_string}"},"query-input":{"@type":"PropertyValueSpecification","valueRequired":true,"valueName":"search_term_string"}}],"inLanguage":"es"}]}},"_links":{"self":[{"href":"https:\/\/blogs.granada.escolapiosemaus.org\/zinkers\/wp-json\/wp\/v2\/pages\/604","targetHints":{"allow":["GET"]}}],"collection":[{"href":"https:\/\/blogs.granada.escolapiosemaus.org\/zinkers\/wp-json\/wp\/v2\/pages"}],"about":[{"href":"https:\/\/blogs.granada.escolapiosemaus.org\/zinkers\/wp-json\/wp\/v2\/types\/page"}],"author":[{"embeddable":true,"href":"https:\/\/blogs.granada.escolapiosemaus.org\/zinkers\/wp-json\/wp\/v2\/users\/127"}],"replies":[{"embeddable":true,"href":"https:\/\/blogs.granada.escolapiosemaus.org\/zinkers\/wp-json\/wp\/v2\/comments?post=604"}],"version-history":[{"count":28,"href":"https:\/\/blogs.granada.escolapiosemaus.org\/zinkers\/wp-json\/wp\/v2\/pages\/604\/revisions"}],"predecessor-version":[{"id":1159,"href":"https:\/\/blogs.granada.escolapiosemaus.org\/zinkers\/wp-json\/wp\/v2\/pages\/604\/revisions\/1159"}],"wp:attachment":[{"href":"https:\/\/blogs.granada.escolapiosemaus.org\/zinkers\/wp-json\/wp\/v2\/media?parent=604"}],"curies":[{"name":"wp","href":"https:\/\/api.w.org\/{rel}","templated":true}]}}