{"id":34,"date":"2023-02-15T12:36:00","date_gmt":"2023-02-15T12:36:00","guid":{"rendered":"https:\/\/blogs.granada.escolapiosemaus.org\/zinkers\/?page_id=34"},"modified":"2024-06-15T09:25:06","modified_gmt":"2024-06-15T09:25:06","slug":"ods","status":"publish","type":"page","link":"https:\/\/blogs.granada.escolapiosemaus.org\/zinkers\/ods\/","title":{"rendered":"ODS"},"content":{"rendered":"<p>[et_pb_section fb_built=\"1\" _builder_version=\"4.24.2\" _module_preset=\"default\" background_color=\"rgba(224,153,0,0.08)\" global_colors_info=\"{}\"][et_pb_row _builder_version=\"4.24.2\" _module_preset=\"default\" global_colors_info=\"{}\"][et_pb_column type=\"4_4\" _builder_version=\"4.24.2\" _module_preset=\"default\" global_colors_info=\"{}\"][et_pb_text _builder_version=\"4.24.2\" _module_preset=\"default\" text_text_color=\"#000000\" text_font_size=\"47px\" text_orientation=\"center\" min_height=\"462px\" custom_margin=\"||-550px|||\" text_text_shadow_style=\"preset1\" global_colors_info=\"{}\"]<\/p>\n<p><strong>Objetivos ODS<\/strong><\/p>\n<p>[\/et_pb_text][\/et_pb_column][\/et_pb_row][et_pb_row column_structure=\"1_2,1_2\" _builder_version=\"4.24.2\" _module_preset=\"default\" global_colors_info=\"{}\"][et_pb_column type=\"1_2\" _builder_version=\"4.24.2\" _module_preset=\"default\" global_colors_info=\"{}\"][et_pb_image src=\"https:\/\/blogs.granada.escolapiosemaus.org\/zinkers\/wp-content\/uploads\/sites\/42\/2024\/03\/Newsletter_sustentables.gif\" title_text=\"Newsletter_sustentables\" _builder_version=\"4.24.2\" _module_preset=\"default\" background_color=\"RGBA(255,255,255,0)\" width=\"95.8%\" custom_margin=\"-38px|||||\" custom_padding=\"102px|39px|96px|3px||\" global_colors_info=\"{}\"][\/et_pb_image][\/et_pb_column][et_pb_column type=\"1_2\" _builder_version=\"4.24.2\" _module_preset=\"default\" global_colors_info=\"{}\"][et_pb_text _builder_version=\"4.24.2\" _module_preset=\"default\" min_height=\"244.2px\" custom_margin=\"38px|||||\" global_colors_info=\"{}\"]<\/p>\n<p>Los Objetivos de Desarrollo Sostenible (ODS), tambi\u00e9n conocidos como Objetivos Globales, fueron adoptados por las Naciones Unidas en 2015 como un llamamiento universal para poner fin a la pobreza, proteger el planeta y garantizar que para el 2030 todas las personas disfruten de paz y prosperidad.<\/p>\n<p>Los 17 ODS est\u00e1n integrados: reconocen que la acci\u00f3n en un \u00e1rea afectar\u00e1 los resultados en otras \u00e1reas y que el desarrollo debe equilibrar la sostenibilidad social, econ\u00f3mica y ambiental. Los pa\u00edses se han comprometido a priorizar el progreso de los m\u00e1s rezagados.<\/p>\n<p>[\/et_pb_text][et_pb_text _builder_version=\"4.24.2\" _module_preset=\"default\" min_height=\"160.2px\" custom_margin=\"8px|||||\" custom_padding=\"0px||0px|||\" global_colors_info=\"{}\"]<\/p>\n<p>Todos los ODS son muy importantes, pero en esta p\u00e1gina vamos a centrarnos en los que est\u00e1n directamente relacionados con el medioambiente.<\/p>\n<p>Estas son los ODS: 7, 11, 13 y 15.<\/p>\n<p>&nbsp;<\/p>\n<p>[\/et_pb_text][\/et_pb_column][\/et_pb_row][\/et_pb_section][et_pb_section fb_built=\"1\" _builder_version=\"4.24.2\" _module_preset=\"default\" background_color=\"rgba(224,153,0,0)\" min_height=\"119px\" custom_margin=\"-134px|||||\" global_colors_info=\"{}\"][\/et_pb_section][et_pb_section fb_built=\"1\" _builder_version=\"4.24.2\" _module_preset=\"default\" background_color=\"#999999\" min_height=\"571px\" custom_margin=\"-126px||89px|||\" custom_padding=\"0px|||||\" global_colors_info=\"{}\"][et_pb_row _builder_version=\"4.24.2\" _module_preset=\"default\" min_height=\"74px\" global_colors_info=\"{}\"][et_pb_column type=\"4_4\" _builder_version=\"4.24.2\" _module_preset=\"default\" global_colors_info=\"{}\"][et_pb_heading title=\"\u00bfC\u00f3mo contribuir?\" _builder_version=\"4.24.2\" _module_preset=\"default\" title_font=\"Albert Sans||||||||\" title_text_color=\"#FFFFFF\" title_font_size=\"51px\" title_letter_spacing=\"12px\" custom_padding=\"0px||0px|141px||\" global_colors_info=\"{}\"][\/et_pb_heading][\/et_pb_column][\/et_pb_row][et_pb_row column_structure=\"1_2,1_2\" _builder_version=\"4.24.2\" _module_preset=\"default\" global_colors_info=\"{}\"][et_pb_column type=\"1_2\" _builder_version=\"4.24.2\" _module_preset=\"default\" global_colors_info=\"{}\"][\/et_pb_column][et_pb_column type=\"1_2\" _builder_version=\"4.24.2\" _module_preset=\"default\" global_colors_info=\"{}\"][et_pb_text _builder_version=\"4.24.2\" _module_preset=\"default\" text_font=\"Albert Sans||||||||\" text_font_size=\"28px\" text_line_height=\"1.8em\" custom_margin=\"|||-482px||\" global_colors_info=\"{}\"][\/et_pb_text][\/et_pb_column][\/et_pb_row][et_pb_row _builder_version=\"4.24.2\" _module_preset=\"default\" global_colors_info=\"{}\"][et_pb_column type=\"4_4\" _builder_version=\"4.24.2\" _module_preset=\"default\" global_colors_info=\"{}\"][et_pb_text _builder_version=\"4.24.2\" _module_preset=\"default\" text_font=\"Albert Sans||||||||\" text_text_color=\"#FFFFFF\" text_font_size=\"27px\" global_colors_info=\"{}\"]<\/p>\n<p>No hace falta donar dinero para contribuir al medioambiente, solamente hace falta cuidar nuestro ecosistema, y los siguientes ODS en los que nos enfocaremos, se centran en...<\/p>\n<ol class=\"X5LH0c\">\n<li class=\"TrT0Xe\">Ahorrar agua<\/li>\n<li class=\"TrT0Xe\">Desenchufar los dispositivos que no utilices y usar bombillas de bajo consumo<\/li>\n<li class=\"TrT0Xe\">Moderar el uso de la calefacci\u00f3n y del aire acondicionado<\/li>\n<li class=\"TrT0Xe\">Comprar productos al peso o granel<\/li>\n<li class=\"TrT0Xe\">Reciclar y separar la basura todo lo que puedas<\/li>\n<li class=\"TrT0Xe\">Usar<span> medio<\/span><span>\u00a0<\/span>de transporte m\u00e1s sostenibles<\/li>\n<\/ol>\n<p>[\/et_pb_text][\/et_pb_column][\/et_pb_row][\/et_pb_section][et_pb_section fb_built=\"1\" admin_label=\"Courses\" _builder_version=\"4.24.2\" background_color=\"rgba(224,153,0,0.06)\" custom_margin=\"-141px|||||\" custom_padding=\"0px|0px|100px|0px\" global_colors_info=\"{}\"][et_pb_row column_structure=\"1_3,1_3,1_3\" _builder_version=\"4.24.2\" background_size=\"initial\" background_position=\"top_left\" background_repeat=\"repeat\" custom_margin=\"|auto|-96px|auto||\" custom_padding=\"0px|0px|27px|0px\" global_colors_info=\"{}\"][et_pb_column type=\"1_3\" _builder_version=\"4.16\" custom_padding=\"|||\" global_colors_info=\"{}\" custom_padding__hover=\"|||\"][et_pb_text _builder_version=\"4.24.2\" text_text_color=\"#d4ccff\" text_font_size=\"16px\" text_line_height=\"1.9em\" background_size=\"initial\" background_position=\"top_left\" background_repeat=\"repeat\" text_orientation=\"center\" background_layout=\"dark\" max_width=\"510px\" module_alignment=\"center\" custom_margin=\"-61px|||||\" custom_padding=\"3px|0px|0px|28px||\" locked=\"off\" global_colors_info=\"{}\"][\/et_pb_text][et_pb_blurb title=\"ODS 7: Energ\u00eda asequible y no contaminante\" url=\"#\" image_icon_background_color=\"#FFFFFF\" image=\"https:\/\/blogs.granada.escolapiosemaus.org\/zinkers\/wp-content\/uploads\/sites\/42\/2024\/04\/7.png\" icon_placement=\"left\" image_icon_width=\"200%\" content_max_width=\"1100px\" _builder_version=\"4.24.3\" header_font=\"|on|||\" header_text_color=\"#2e2545\" header_line_height=\"1.5em\" body_text_color=\"#8585bd\" body_font_size=\"16px\" body_line_height=\"1.9em\" background_color=\"#ffffff\" background_size=\"initial\" background_position=\"top_left\" background_repeat=\"repeat\" custom_margin=\"74px|-469px|10%|||\" custom_padding=\"45px|40px|57px|40px||\" child_filter_brightness=\"109%\" child_filter_opacity=\"0%\" animation_direction=\"bottom\" border_color_all_image=\"#FFFFFF\" box_shadow_style=\"preset2\" box_shadow_horizontal=\"0px\" box_shadow_vertical=\"0px\" box_shadow_blur=\"60px\" box_shadow_color=\"rgba(71,74,182,0.12)\" locked=\"off\" global_colors_info=\"{}\"]<\/p>\n<p>El Objetivo 7 pretende garantizar el acceso a una energ\u00eda limpia y asequible, clave para el desarrollo de la agricultura, las empresas, las comunicaciones, la educaci\u00f3n, la sanidad y el transporte.<\/p>\n<p>&nbsp;<\/p>\n<p>[\/et_pb_blurb][et_pb_blurb title=\"ODS 11: Ciudades y comunidades sostenibles\" url=\"#\" image=\"https:\/\/blogs.granada.escolapiosemaus.org\/zinkers\/wp-content\/uploads\/sites\/42\/2024\/03\/coding-icon_2.jpg\" icon_placement=\"left\" content_max_width=\"1100px\" _builder_version=\"4.24.3\" header_font=\"|on|||\" header_text_color=\"#2e2545\" header_line_height=\"1.5em\" body_text_color=\"#8585bd\" body_font_size=\"16px\" body_line_height=\"1.9em\" background_color=\"#ffffff\" background_size=\"initial\" background_position=\"top_left\" background_repeat=\"repeat\" custom_margin=\"79px|-469px|10%|||\" custom_padding=\"30px|40px|30px|40px\" child_mix_blend_mode=\"lighten\" animation_direction=\"bottom\" box_shadow_style=\"preset2\" box_shadow_horizontal=\"0px\" box_shadow_vertical=\"0px\" box_shadow_blur=\"60px\" box_shadow_color=\"rgba(71,74,182,0.12)\" locked=\"off\" global_colors_info=\"{}\"]<\/p>\n<p><span>El Objetivo 11 pretende lograr que las ciudades y los asentamientos humanos sean inclusivos, seguros, resilientes y sostenibles.<\/span><br \/><span>Las ciudades representan el futuro del modo de vida global. La poblaci\u00f3n mundial alcanz\u00f3 los 8000 millones de personas en 2022, de las cuales m\u00e1s de la mitad viven en zonas urbanas.<\/span><\/p>\n<p>&nbsp;<\/p>\n<p>[\/et_pb_blurb][et_pb_blurb title=\"ODS 15: Vidas de ecosistemas terrestres\" url=\"#\" image=\"https:\/\/blogs.granada.escolapiosemaus.org\/zinkers\/wp-content\/uploads\/sites\/42\/2024\/03\/coding-icon_2.jpg\" icon_placement=\"left\" content_max_width=\"1100px\" _builder_version=\"4.24.3\" header_font=\"|on|||\" header_text_color=\"#2e2545\" header_line_height=\"1.5em\" body_text_color=\"#8585bd\" body_font_size=\"16px\" body_line_height=\"1.9em\" background_color=\"#ffffff\" background_size=\"initial\" background_position=\"top_left\" background_repeat=\"repeat\" custom_margin=\"79px|-469px|10%|||\" custom_padding=\"30px|40px|30px|40px\" child_mix_blend_mode=\"lighten\" animation_direction=\"bottom\" box_shadow_style=\"preset2\" box_shadow_horizontal=\"0px\" box_shadow_vertical=\"0px\" box_shadow_blur=\"60px\" box_shadow_color=\"rgba(71,74,182,0.12)\" locked=\"off\" global_colors_info=\"{}\"]<\/p>\n<p><span>El Objetivo 15 pretende conservar la vida de ecosistemas terrestres. Busca proteger y restablecer los ecosistemas terrestres, gestionar sosteniblemente los bosques, luchar contra la desertificaci\u00f3n, detener e invertir la degradaci\u00f3n de las tierras, y detener la p\u00e9rdida de biodiversidad.<\/span><\/p>\n<p>&nbsp;<\/p>\n<p>[\/et_pb_blurb][et_pb_blurb title=\"ODS 13: Acci\u00f3n por el clima\" url=\"#\" image=\"https:\/\/blogs.granada.escolapiosemaus.org\/zinkers\/wp-content\/uploads\/sites\/42\/2024\/03\/coding-icon_2.jpg\" icon_placement=\"left\" content_max_width=\"1100px\" _builder_version=\"4.24.3\" header_font=\"|on|||\" header_text_color=\"#2e2545\" header_line_height=\"1.5em\" body_text_color=\"#8585bd\" body_font_size=\"16px\" body_line_height=\"1.9em\" background_color=\"#ffffff\" background_size=\"initial\" background_position=\"top_left\" background_repeat=\"repeat\" min_height=\"147px\" custom_margin=\"79px|-469px|10%|||\" custom_padding=\"30px|40px|30px|40px\" child_mix_blend_mode=\"lighten\" animation_direction=\"bottom\" box_shadow_style=\"preset2\" box_shadow_horizontal=\"0px\" box_shadow_vertical=\"0px\" box_shadow_blur=\"60px\" box_shadow_color=\"rgba(71,74,182,0.12)\" locked=\"off\" global_colors_info=\"{}\"]<\/p>\n<p><span>El cambio clim\u00e1tico afectar\u00e1 a todas las personas de todos los pa\u00edses de todos los continentes de alguna forma. Se avecina un cataclismo clim\u00e1tico y no estamos preparados para las posibles consecuencias.<\/span><\/p>\n<p>&nbsp;<\/p>\n<p>[\/et_pb_blurb][\/et_pb_column][et_pb_column type=\"1_3\" _builder_version=\"4.24.2\" _module_preset=\"default\" global_colors_info=\"{}\"][\/et_pb_column][et_pb_column type=\"1_3\" _builder_version=\"4.16\" custom_padding=\"|||\" global_colors_info=\"{}\" custom_padding__hover=\"|||\"][\/et_pb_column][\/et_pb_row][\/et_pb_section][et_pb_section fb_built=\"1\" _builder_version=\"4.24.2\" _module_preset=\"default\" custom_margin=\"||-277px|||\" custom_padding=\"||0px|||\" global_colors_info=\"{}\"][\/et_pb_section][et_pb_section fb_built=\"1\" admin_label=\"Footer\" _builder_version=\"4.24.2\" background_color=\"rgba(224,153,0,0)\" custom_padding=\"0px|0px|96px|0px||\" animation_style=\"zoom\" animation_direction=\"bottom\" animation_intensity_zoom=\"6%\" animation_starting_opacity=\"100%\" saved_tabs=\"all\" locked=\"off\" global_colors_info=\"{}\"][\/et_pb_section][et_pb_section fb_built=\"1\" _builder_version=\"4.24.2\" _module_preset=\"default\" min_height=\"82px\" custom_margin=\"1px||40px|||\" custom_padding=\"0px||0px|||\" global_colors_info=\"{}\"][et_pb_row _builder_version=\"4.24.2\" _module_preset=\"default\" width=\"61%\" max_width=\"1020px\" module_alignment=\"center\" min_height=\"275px\" height=\"100px\" max_height=\"1000px\" global_colors_info=\"{}\"][et_pb_column type=\"4_4\" _builder_version=\"4.24.2\" _module_preset=\"default\" global_colors_info=\"{}\"][et_pb_heading title=\"\u00bfQuiere saber m\u00e1s?\" _builder_version=\"4.24.2\" _module_preset=\"default\" title_font=\"Albert Sans||||||||\" title_font_size=\"40px\" title_letter_spacing=\"12px\" custom_margin=\"|||105px||\" custom_padding=\"60px||0px|||\" global_colors_info=\"{}\"][\/et_pb_heading][\/et_pb_column][\/et_pb_row][et_pb_row _builder_version=\"4.24.2\" _module_preset=\"default\" global_colors_info=\"{}\"][et_pb_column type=\"4_4\" _builder_version=\"4.24.2\" _module_preset=\"default\" global_colors_info=\"{}\"][et_pb_text _builder_version=\"4.24.3\" _module_preset=\"default\" text_font=\"Albert Sans||||||||\" text_font_size=\"27px\" custom_margin=\"-65px|||||\" custom_padding=\"||39px|||\" global_colors_info=\"{}\"]<\/p>\n<p>Si quiere saber m\u00e1s, pincha <a href=\"https:\/\/www.un.org\/sustainabledevelopment\/es\/objetivos-de-desarrollo-sostenible\/\">aqu\u00ed<\/a> para ir a la p\u00e1gina web oficial de los ODS<\/p>\n<p>[\/et_pb_text][\/et_pb_column][\/et_pb_row][\/et_pb_section]<\/p>\n","protected":false},"excerpt":{"rendered":"<p>Objetivos ODSLos Objetivos de Desarrollo Sostenible (ODS), tambi\u00e9n conocidos como Objetivos Globales, fueron adoptados por las Naciones Unidas en 2015 como un llamamiento universal para poner fin a la pobreza, proteger el planeta y garantizar que para el 2030 todas las personas disfruten de paz y prosperidad. Los 17 ODS est\u00e1n integrados: reconocen que la [&hellip;]<\/p>\n","protected":false},"author":2,"featured_media":0,"parent":0,"menu_order":0,"comment_status":"closed","ping_status":"closed","template":"","meta":{"_et_pb_use_builder":"on","_et_pb_old_content":"","_et_gb_content_width":"","_monsterinsights_skip_tracking":false,"_monsterinsights_sitenote_active":false,"_monsterinsights_sitenote_note":"","_monsterinsights_sitenote_category":0,"footnotes":""},"class_list":["post-34","page","type-page","status-publish","hentry"],"yoast_head":"<!-- This site is optimized with the Yoast SEO plugin v26.8 - https:\/\/yoast.com\/product\/yoast-seo-wordpress\/ -->\n<title>ODS - Zinkers Escolapios 2024<\/title>\n<meta name=\"robots\" content=\"index, follow, max-snippet:-1, max-image-preview:large, max-video-preview:-1\" \/>\n<link rel=\"canonical\" href=\"https:\/\/blogs.granada.escolapiosemaus.org\/zinkers\/ods\/\" \/>\n<meta property=\"og:locale\" content=\"es_ES\" \/>\n<meta property=\"og:type\" content=\"article\" \/>\n<meta property=\"og:title\" content=\"ODS - Zinkers Escolapios 2024\" \/>\n<meta property=\"og:description\" content=\"Objetivos ODSLos Objetivos de Desarrollo Sostenible (ODS), tambi\u00e9n conocidos como Objetivos Globales, fueron adoptados por las Naciones Unidas en 2015 como un llamamiento universal para poner fin a la pobreza, proteger el planeta y garantizar que para el 2030 todas las personas disfruten de paz y prosperidad. Los 17 ODS est\u00e1n integrados: reconocen que la [&hellip;]\" \/>\n<meta property=\"og:url\" content=\"https:\/\/blogs.granada.escolapiosemaus.org\/zinkers\/ods\/\" \/>\n<meta property=\"og:site_name\" content=\"Zinkers Escolapios 2024\" \/>\n<meta property=\"article:modified_time\" content=\"2024-06-15T09:25:06+00:00\" \/>\n<meta name=\"twitter:card\" content=\"summary_large_image\" \/>\n<meta name=\"twitter:label1\" content=\"Tiempo de lectura\" \/>\n\t<meta name=\"twitter:data1\" content=\"3 minutos\" \/>\n<script type=\"application\/ld+json\" class=\"yoast-schema-graph\">{\"@context\":\"https:\/\/schema.org\",\"@graph\":[{\"@type\":\"WebPage\",\"@id\":\"https:\/\/blogs.granada.escolapiosemaus.org\/zinkers\/ods\/\",\"url\":\"https:\/\/blogs.granada.escolapiosemaus.org\/zinkers\/ods\/\",\"name\":\"ODS - Zinkers Escolapios 2024\",\"isPartOf\":{\"@id\":\"https:\/\/blogs.granada.escolapiosemaus.org\/zinkers\/#website\"},\"datePublished\":\"2023-02-15T12:36:00+00:00\",\"dateModified\":\"2024-06-15T09:25:06+00:00\",\"breadcrumb\":{\"@id\":\"https:\/\/blogs.granada.escolapiosemaus.org\/zinkers\/ods\/#breadcrumb\"},\"inLanguage\":\"es\",\"potentialAction\":[{\"@type\":\"ReadAction\",\"target\":[\"https:\/\/blogs.granada.escolapiosemaus.org\/zinkers\/ods\/\"]}]},{\"@type\":\"BreadcrumbList\",\"@id\":\"https:\/\/blogs.granada.escolapiosemaus.org\/zinkers\/ods\/#breadcrumb\",\"itemListElement\":[{\"@type\":\"ListItem\",\"position\":1,\"name\":\"Portada\",\"item\":\"https:\/\/blogs.granada.escolapiosemaus.org\/zinkers\/\"},{\"@type\":\"ListItem\",\"position\":2,\"name\":\"ODS\"}]},{\"@type\":\"WebSite\",\"@id\":\"https:\/\/blogs.granada.escolapiosemaus.org\/zinkers\/#website\",\"url\":\"https:\/\/blogs.granada.escolapiosemaus.org\/zinkers\/\",\"name\":\"Zinkers Escolapios 2024\",\"description\":\"Energ\u00eda, ODS, sostenibilidad... un blog Zinkers de Escolapios Granada Genil - Colegio Dulce Nombre de Mar\u00eda\",\"potentialAction\":[{\"@type\":\"SearchAction\",\"target\":{\"@type\":\"EntryPoint\",\"urlTemplate\":\"https:\/\/blogs.granada.escolapiosemaus.org\/zinkers\/?s={search_term_string}\"},\"query-input\":{\"@type\":\"PropertyValueSpecification\",\"valueRequired\":true,\"valueName\":\"search_term_string\"}}],\"inLanguage\":\"es\"}]}<\/script>\n<!-- \/ Yoast SEO plugin. -->","yoast_head_json":{"title":"ODS - Zinkers Escolapios 2024","robots":{"index":"index","follow":"follow","max-snippet":"max-snippet:-1","max-image-preview":"max-image-preview:large","max-video-preview":"max-video-preview:-1"},"canonical":"https:\/\/blogs.granada.escolapiosemaus.org\/zinkers\/ods\/","og_locale":"es_ES","og_type":"article","og_title":"ODS - Zinkers Escolapios 2024","og_description":"Objetivos ODSLos Objetivos de Desarrollo Sostenible (ODS), tambi\u00e9n conocidos como Objetivos Globales, fueron adoptados por las Naciones Unidas en 2015 como un llamamiento universal para poner fin a la pobreza, proteger el planeta y garantizar que para el 2030 todas las personas disfruten de paz y prosperidad. Los 17 ODS est\u00e1n integrados: reconocen que la [&hellip;]","og_url":"https:\/\/blogs.granada.escolapiosemaus.org\/zinkers\/ods\/","og_site_name":"Zinkers Escolapios 2024","article_modified_time":"2024-06-15T09:25:06+00:00","twitter_card":"summary_large_image","twitter_misc":{"Tiempo de lectura":"3 minutos"},"schema":{"@context":"https:\/\/schema.org","@graph":[{"@type":"WebPage","@id":"https:\/\/blogs.granada.escolapiosemaus.org\/zinkers\/ods\/","url":"https:\/\/blogs.granada.escolapiosemaus.org\/zinkers\/ods\/","name":"ODS - Zinkers Escolapios 2024","isPartOf":{"@id":"https:\/\/blogs.granada.escolapiosemaus.org\/zinkers\/#website"},"datePublished":"2023-02-15T12:36:00+00:00","dateModified":"2024-06-15T09:25:06+00:00","breadcrumb":{"@id":"https:\/\/blogs.granada.escolapiosemaus.org\/zinkers\/ods\/#breadcrumb"},"inLanguage":"es","potentialAction":[{"@type":"ReadAction","target":["https:\/\/blogs.granada.escolapiosemaus.org\/zinkers\/ods\/"]}]},{"@type":"BreadcrumbList","@id":"https:\/\/blogs.granada.escolapiosemaus.org\/zinkers\/ods\/#breadcrumb","itemListElement":[{"@type":"ListItem","position":1,"name":"Portada","item":"https:\/\/blogs.granada.escolapiosemaus.org\/zinkers\/"},{"@type":"ListItem","position":2,"name":"ODS"}]},{"@type":"WebSite","@id":"https:\/\/blogs.granada.escolapiosemaus.org\/zinkers\/#website","url":"https:\/\/blogs.granada.escolapiosemaus.org\/zinkers\/","name":"Zinkers Escolapios 2024","description":"Energ\u00eda, ODS, sostenibilidad... un blog Zinkers de Escolapios Granada Genil - Colegio Dulce Nombre de Mar\u00eda","potentialAction":[{"@type":"SearchAction","target":{"@type":"EntryPoint","urlTemplate":"https:\/\/blogs.granada.escolapiosemaus.org\/zinkers\/?s={search_term_string}"},"query-input":{"@type":"PropertyValueSpecification","valueRequired":true,"valueName":"search_term_string"}}],"inLanguage":"es"}]}},"_links":{"self":[{"href":"https:\/\/blogs.granada.escolapiosemaus.org\/zinkers\/wp-json\/wp\/v2\/pages\/34","targetHints":{"allow":["GET"]}}],"collection":[{"href":"https:\/\/blogs.granada.escolapiosemaus.org\/zinkers\/wp-json\/wp\/v2\/pages"}],"about":[{"href":"https:\/\/blogs.granada.escolapiosemaus.org\/zinkers\/wp-json\/wp\/v2\/types\/page"}],"author":[{"embeddable":true,"href":"https:\/\/blogs.granada.escolapiosemaus.org\/zinkers\/wp-json\/wp\/v2\/users\/2"}],"replies":[{"embeddable":true,"href":"https:\/\/blogs.granada.escolapiosemaus.org\/zinkers\/wp-json\/wp\/v2\/comments?post=34"}],"version-history":[{"count":63,"href":"https:\/\/blogs.granada.escolapiosemaus.org\/zinkers\/wp-json\/wp\/v2\/pages\/34\/revisions"}],"predecessor-version":[{"id":1202,"href":"https:\/\/blogs.granada.escolapiosemaus.org\/zinkers\/wp-json\/wp\/v2\/pages\/34\/revisions\/1202"}],"wp:attachment":[{"href":"https:\/\/blogs.granada.escolapiosemaus.org\/zinkers\/wp-json\/wp\/v2\/media?parent=34"}],"curies":[{"name":"wp","href":"https:\/\/api.w.org\/{rel}","templated":true}]}}