{"id":6,"date":"2013-10-25T22:03:38","date_gmt":"2013-10-25T21:03:38","guid":{"rendered":"http:\/\/ampaescolapiosgranada.es\/?page_id=6"},"modified":"2013-10-25T22:03:38","modified_gmt":"2013-10-25T21:03:38","slug":"eventos","status":"publish","type":"page","link":"https:\/\/blogs.granada.escolapiosemaus.org\/ampa\/eventos\/","title":{"rendered":"CON\u00d3CENOS"},"content":{"rendered":"<p>Nuestra AMPA, junto con las de otros colegios de ideario cat\u00f3lico, est\u00e1 integrada en la FCAPA y atrav\u00e9s suya en la CONCAPA.<\/p>\n<p>MIEMBROS DE LA JUNTA DIRECTIVA DEL AMPA<\/p>\n<p><strong>Presidente<\/strong>: Susana Navarrete Romero<\/p>\n<p><strong>Secretario<\/strong>: Jose Miguel Casasola Boyero<\/p>\n<p><strong>Vicesecretario y Vocal de Prensa<\/strong>: Gustavo G\u00f3mez Gozalo<\/p>\n<p><strong>Tesorero<\/strong>: Mar\u00eda Jos\u00e9 Laureano Dominguez.<\/p>\n<p><strong>Vicetesorero<\/strong>: Carmen L\u00f3pez M\u00e1rquez<\/p>\n<p><strong>Vocales<\/strong>:<\/p>\n<p>Pilar Exp\u00f3sito Pe\u00f1as<\/p>\n<p>Paloma Guerrero M\u00e1rquez<\/p>\n<p>Carmen Prendes Guardiola<\/p>\n<p>Diego Manuel Alonso Alonso<\/p>\n<p>Francisco Jos\u00e9 Mirasol Romero<\/p>\n","protected":false},"excerpt":{"rendered":"<p>Nuestra AMPA, junto con las de otros colegios de ideario cat\u00f3lico, est\u00e1 integrada en la FCAPA y atrav\u00e9s suya en la CONCAPA. MIEMBROS DE LA JUNTA DIRECTIVA DEL AMPA Presidente: Susana Navarrete Romero Secretario: Jose Miguel Casasola Boyero Vicesecretario y Vocal de Prensa: Gustavo G\u00f3mez Gozalo Tesorero: Mar\u00eda Jos\u00e9 Laureano Dominguez. Vicetesorero: Carmen L\u00f3pez M\u00e1rquez [&hellip;]<\/p>\n","protected":false},"author":33,"featured_media":0,"parent":0,"menu_order":2,"comment_status":"open","ping_status":"closed","template":"","meta":{"_monsterinsights_skip_tracking":false,"_monsterinsights_sitenote_active":false,"_monsterinsights_sitenote_note":"","_monsterinsights_sitenote_category":0,"jetpack_post_was_ever_published":false,"footnotes":""},"class_list":["post-6","page","type-page","status-publish","hentry"],"yoast_head":"<!-- This site is optimized with the Yoast SEO plugin v26.8 - https:\/\/yoast.com\/product\/yoast-seo-wordpress\/ -->\n<title>CON\u00d3CENOS - Asociaci\u00f3n de Madres y Padres de Alumnos<\/title>\n<meta name=\"robots\" content=\"index, follow, max-snippet:-1, max-image-preview:large, max-video-preview:-1\" \/>\n<link rel=\"canonical\" href=\"https:\/\/blogs.granada.escolapiosemaus.org\/ampa\/eventos\/\" \/>\n<meta property=\"og:locale\" content=\"es_ES\" \/>\n<meta property=\"og:type\" content=\"article\" \/>\n<meta property=\"og:title\" content=\"CON\u00d3CENOS - Asociaci\u00f3n de Madres y Padres de Alumnos\" \/>\n<meta property=\"og:description\" content=\"Nuestra AMPA, junto con las de otros colegios de ideario cat\u00f3lico, est\u00e1 integrada en la FCAPA y atrav\u00e9s suya en la CONCAPA. MIEMBROS DE LA JUNTA DIRECTIVA DEL AMPA Presidente: Susana Navarrete Romero Secretario: Jose Miguel Casasola Boyero Vicesecretario y Vocal de Prensa: Gustavo G\u00f3mez Gozalo Tesorero: Mar\u00eda Jos\u00e9 Laureano Dominguez. Vicetesorero: Carmen L\u00f3pez M\u00e1rquez [&hellip;]\" \/>\n<meta property=\"og:url\" content=\"https:\/\/blogs.granada.escolapiosemaus.org\/ampa\/eventos\/\" \/>\n<meta property=\"og:site_name\" content=\"Asociaci\u00f3n de Madres y Padres de Alumnos\" \/>\n<meta name=\"twitter:card\" content=\"summary_large_image\" \/>\n<script type=\"application\/ld+json\" class=\"yoast-schema-graph\">{\"@context\":\"https:\/\/schema.org\",\"@graph\":[{\"@type\":\"WebPage\",\"@id\":\"https:\/\/blogs.granada.escolapiosemaus.org\/ampa\/eventos\/\",\"url\":\"https:\/\/blogs.granada.escolapiosemaus.org\/ampa\/eventos\/\",\"name\":\"CON\u00d3CENOS - Asociaci\u00f3n de Madres y Padres de Alumnos\",\"isPartOf\":{\"@id\":\"https:\/\/blogs.granada.escolapiosemaus.org\/ampa\/#website\"},\"datePublished\":\"2013-10-25T21:03:38+00:00\",\"breadcrumb\":{\"@id\":\"https:\/\/blogs.granada.escolapiosemaus.org\/ampa\/eventos\/#breadcrumb\"},\"inLanguage\":\"es\",\"potentialAction\":[{\"@type\":\"ReadAction\",\"target\":[\"https:\/\/blogs.granada.escolapiosemaus.org\/ampa\/eventos\/\"]}]},{\"@type\":\"BreadcrumbList\",\"@id\":\"https:\/\/blogs.granada.escolapiosemaus.org\/ampa\/eventos\/#breadcrumb\",\"itemListElement\":[{\"@type\":\"ListItem\",\"position\":1,\"name\":\"Portada\",\"item\":\"https:\/\/blogs.granada.escolapiosemaus.org\/ampa\/\"},{\"@type\":\"ListItem\",\"position\":2,\"name\":\"CON\u00d3CENOS\"}]},{\"@type\":\"WebSite\",\"@id\":\"https:\/\/blogs.granada.escolapiosemaus.org\/ampa\/#website\",\"url\":\"https:\/\/blogs.granada.escolapiosemaus.org\/ampa\/\",\"name\":\"Asociaci\u00f3n de Madres y Padres de Alumnos\",\"description\":\"Colegio Dulce Nombre de Mar\u00eda - Escolapios Granada\",\"potentialAction\":[{\"@type\":\"SearchAction\",\"target\":{\"@type\":\"EntryPoint\",\"urlTemplate\":\"https:\/\/blogs.granada.escolapiosemaus.org\/ampa\/?s={search_term_string}\"},\"query-input\":{\"@type\":\"PropertyValueSpecification\",\"valueRequired\":true,\"valueName\":\"search_term_string\"}}],\"inLanguage\":\"es\"}]}<\/script>\n<!-- \/ Yoast SEO plugin. -->","yoast_head_json":{"title":"CON\u00d3CENOS - Asociaci\u00f3n de Madres y Padres de Alumnos","robots":{"index":"index","follow":"follow","max-snippet":"max-snippet:-1","max-image-preview":"max-image-preview:large","max-video-preview":"max-video-preview:-1"},"canonical":"https:\/\/blogs.granada.escolapiosemaus.org\/ampa\/eventos\/","og_locale":"es_ES","og_type":"article","og_title":"CON\u00d3CENOS - Asociaci\u00f3n de Madres y Padres de Alumnos","og_description":"Nuestra AMPA, junto con las de otros colegios de ideario cat\u00f3lico, est\u00e1 integrada en la FCAPA y atrav\u00e9s suya en la CONCAPA. MIEMBROS DE LA JUNTA DIRECTIVA DEL AMPA Presidente: Susana Navarrete Romero Secretario: Jose Miguel Casasola Boyero Vicesecretario y Vocal de Prensa: Gustavo G\u00f3mez Gozalo Tesorero: Mar\u00eda Jos\u00e9 Laureano Dominguez. Vicetesorero: Carmen L\u00f3pez M\u00e1rquez [&hellip;]","og_url":"https:\/\/blogs.granada.escolapiosemaus.org\/ampa\/eventos\/","og_site_name":"Asociaci\u00f3n de Madres y Padres de Alumnos","twitter_card":"summary_large_image","schema":{"@context":"https:\/\/schema.org","@graph":[{"@type":"WebPage","@id":"https:\/\/blogs.granada.escolapiosemaus.org\/ampa\/eventos\/","url":"https:\/\/blogs.granada.escolapiosemaus.org\/ampa\/eventos\/","name":"CON\u00d3CENOS - Asociaci\u00f3n de Madres y Padres de Alumnos","isPartOf":{"@id":"https:\/\/blogs.granada.escolapiosemaus.org\/ampa\/#website"},"datePublished":"2013-10-25T21:03:38+00:00","breadcrumb":{"@id":"https:\/\/blogs.granada.escolapiosemaus.org\/ampa\/eventos\/#breadcrumb"},"inLanguage":"es","potentialAction":[{"@type":"ReadAction","target":["https:\/\/blogs.granada.escolapiosemaus.org\/ampa\/eventos\/"]}]},{"@type":"BreadcrumbList","@id":"https:\/\/blogs.granada.escolapiosemaus.org\/ampa\/eventos\/#breadcrumb","itemListElement":[{"@type":"ListItem","position":1,"name":"Portada","item":"https:\/\/blogs.granada.escolapiosemaus.org\/ampa\/"},{"@type":"ListItem","position":2,"name":"CON\u00d3CENOS"}]},{"@type":"WebSite","@id":"https:\/\/blogs.granada.escolapiosemaus.org\/ampa\/#website","url":"https:\/\/blogs.granada.escolapiosemaus.org\/ampa\/","name":"Asociaci\u00f3n de Madres y Padres de Alumnos","description":"Colegio Dulce Nombre de Mar\u00eda - Escolapios Granada","potentialAction":[{"@type":"SearchAction","target":{"@type":"EntryPoint","urlTemplate":"https:\/\/blogs.granada.escolapiosemaus.org\/ampa\/?s={search_term_string}"},"query-input":{"@type":"PropertyValueSpecification","valueRequired":true,"valueName":"search_term_string"}}],"inLanguage":"es"}]}},"jetpack_sharing_enabled":true,"jetpack_shortlink":"https:\/\/wp.me\/P5Ub4B-6","_links":{"self":[{"href":"https:\/\/blogs.granada.escolapiosemaus.org\/ampa\/wp-json\/wp\/v2\/pages\/6","targetHints":{"allow":["GET"]}}],"collection":[{"href":"https:\/\/blogs.granada.escolapiosemaus.org\/ampa\/wp-json\/wp\/v2\/pages"}],"about":[{"href":"https:\/\/blogs.granada.escolapiosemaus.org\/ampa\/wp-json\/wp\/v2\/types\/page"}],"author":[{"embeddable":true,"href":"https:\/\/blogs.granada.escolapiosemaus.org\/ampa\/wp-json\/wp\/v2\/users\/33"}],"replies":[{"embeddable":true,"href":"https:\/\/blogs.granada.escolapiosemaus.org\/ampa\/wp-json\/wp\/v2\/comments?post=6"}],"version-history":[{"count":0,"href":"https:\/\/blogs.granada.escolapiosemaus.org\/ampa\/wp-json\/wp\/v2\/pages\/6\/revisions"}],"wp:attachment":[{"href":"https:\/\/blogs.granada.escolapiosemaus.org\/ampa\/wp-json\/wp\/v2\/media?parent=6"}],"curies":[{"name":"wp","href":"https:\/\/api.w.org\/{rel}","templated":true}]}}