{"id":379,"date":"2013-10-24T15:42:17","date_gmt":"2013-10-24T14:42:17","guid":{"rendered":"http:\/\/ampaescolapiosgranada.es\/?page_id=2"},"modified":"2013-10-24T15:42:17","modified_gmt":"2013-10-24T14:42:17","slug":"sample-page","status":"publish","type":"page","link":"https:\/\/blogs.granada.escolapiosemaus.org\/ampa\/sample-page\/","title":{"rendered":"SOCIOS\/AS"},"content":{"rendered":"<p>La AMPA ESCOLAPIOS ( Asociaci\u00f3n de Madres y Padres de Alumnos del Colegio Escolapios de Granada), est\u00e1 formada actualmente por 626 socios. Dichos socios son familias (madres y padres) de alumnos de este Colegio que han abonado la \u00daNICA CUOTA ANUAL DE 30 EUROS POR FAMILIA \u00a0junto a la renovaci\u00f3n de plaza de los alumnos en el Colegio. Esta \u00fanica cuota de 30 euros por familia est\u00e1 INCLUIDA dentro de la APORTACI\u00d3N VOLUNTARIA que hac\u00e9is al renovar la plaza de vuestros hijos para el pr\u00f3ximo curso \u00a0(sobre el mes de febrero). Por este motivo, queremos actualizar los correos electr\u00f3nicos de nuestros socios para poder comunicarnos con vosotros e invitaros a todas las actividades que organicemos. Necesitamos vuestras propuestas de nuevas actividades, sugerencias, iniciativas y ayuda para colaborar con el Colegio en la formaci\u00f3n de nuestros hijos.<\/p>\n<p>Este a\u00f1o, junto a la RENOVACI\u00d3N DE PLAZA PARA EL PR\u00d3XIMO CURSO (sobre el mes de febrero), adjuntaremos un impreso para que rellen\u00e9is con vuestros datos y mails. Durante este curso queremos hacer un gran esfuerzo en aumentar nuestra comunicaci\u00f3n con los padres y poder organizar muchas m\u00e1s actividades: tenemos mucha ilusi\u00f3n en hacer las cosas bien. \u00a1OS ESPERAMOS!.<\/p>\n<p><a href=\"http:\/\/ampaescolapiosgranada.es\/wp-content\/uploads\/2013\/11\/EVOLUCI\u00d3N-DEL-PRESUPUESTO-DEL-AMPA-ESCOLAPIOS.pdf\">Evoluci\u00f3n del Presupuesto del AMPA<\/a><\/p>\n<div>Aprovecho para invitaros a nuestra ASAMBLEA GENERAL DE LA AMPA, que se celebrar\u00e1 <strong> el 12 de diciembre<\/strong><em> a las 18 h en 1\u00aa convocatoria y 18.30h en 2\u00aa convocatoria.<\/em>, en la cual informaremos de las actividades realizadas el a\u00f1o pasado y propuestas para este nuevo curso, estado de cuentas, incorporaci\u00f3n de nuevos miembros a la Junta Directiva, sugerencias, etc..<\/div>\n<div><\/div>\n<div>Como socios ten\u00e9is derecho a asistir con voz y voto. En la ASAMBLEA GENERAL hablaremos de varios temas importantes como la Actividades realizadas por la AMPA el curso anterior, total de gastos del curso anterior y presupuestos para este curso, incorporaci\u00f3n de nuevos cargos de la Junta Directiva, informaci\u00f3n sobre el nuevo BLOG, sugerencias... ! Os esperamos!<\/div>\n<div><\/div>\n<div><\/div>\n<div>\u00a0 \u00a0 \u00a0 \u00a0 \u00a0 \u00a0 \u00a0 \u00a0 \u00a0 \u00a0 \u00a0 \u00a0 \u00a0 \u00a0 \u00a0 \u00a0 \u00a0 \u00a0 \u00a0 \u00a0 \u00a0 \u00a0 \u00a0 \u00a0 \u00a0 \u00a0 \u00a0 \u00a0 \u00a0 \u00a0 \u00a0 \u00a0 \u00a0 \u00a0 \u00a0 \u00a0 \u00a0 \u00a0 \u00a0 \u00a0 \u00a0 \u00a0 \u00a0 \u00a0 \u00a0 \u00a0 \u00a0 \u00a0 \u00a0 \u00a0 \u00a0 \u00a0 \u00a0 \u00a0 \u00a0 \u00a0 \u00a0 \u00a0 \u00a0 \u00a0 \u00a0 \u00a0 AMPA ESCOLAPIOS GRANADA<\/div>\n","protected":false},"excerpt":{"rendered":"<p>La AMPA ESCOLAPIOS ( Asociaci\u00f3n de Madres y Padres de Alumnos del Colegio Escolapios de Granada), est\u00e1 formada actualmente por 626 socios. Dichos socios son familias (madres y padres) de alumnos de este Colegio que han abonado la \u00daNICA CUOTA ANUAL DE 30 EUROS POR FAMILIA \u00a0junto a la renovaci\u00f3n de plaza de los alumnos [&hellip;]<\/p>\n","protected":false},"author":33,"featured_media":0,"parent":0,"menu_order":3,"comment_status":"open","ping_status":"closed","template":"","meta":{"_monsterinsights_skip_tracking":false,"_monsterinsights_sitenote_active":false,"_monsterinsights_sitenote_note":"","_monsterinsights_sitenote_category":0,"jetpack_post_was_ever_published":false,"footnotes":""},"class_list":["post-379","page","type-page","status-publish","hentry"],"yoast_head":"<!-- This site is optimized with the Yoast SEO plugin v26.8 - https:\/\/yoast.com\/product\/yoast-seo-wordpress\/ -->\n<title>SOCIOS\/AS - Asociaci\u00f3n de Madres y Padres de Alumnos<\/title>\n<meta name=\"robots\" content=\"index, follow, max-snippet:-1, max-image-preview:large, max-video-preview:-1\" \/>\n<link rel=\"canonical\" href=\"https:\/\/blogs.granada.escolapiosemaus.org\/ampa\/sample-page\/\" \/>\n<meta property=\"og:locale\" content=\"es_ES\" \/>\n<meta property=\"og:type\" content=\"article\" \/>\n<meta property=\"og:title\" content=\"SOCIOS\/AS - Asociaci\u00f3n de Madres y Padres de Alumnos\" \/>\n<meta property=\"og:description\" content=\"La AMPA ESCOLAPIOS ( Asociaci\u00f3n de Madres y Padres de Alumnos del Colegio Escolapios de Granada), est\u00e1 formada actualmente por 626 socios. Dichos socios son familias (madres y padres) de alumnos de este Colegio que han abonado la \u00daNICA CUOTA ANUAL DE 30 EUROS POR FAMILIA \u00a0junto a la renovaci\u00f3n de plaza de los alumnos [&hellip;]\" \/>\n<meta property=\"og:url\" content=\"https:\/\/blogs.granada.escolapiosemaus.org\/ampa\/sample-page\/\" \/>\n<meta property=\"og:site_name\" content=\"Asociaci\u00f3n de Madres y Padres de Alumnos\" \/>\n<meta name=\"twitter:card\" content=\"summary_large_image\" \/>\n<meta name=\"twitter:label1\" content=\"Tiempo de lectura\" \/>\n\t<meta name=\"twitter:data1\" content=\"2 minutos\" \/>\n<script type=\"application\/ld+json\" class=\"yoast-schema-graph\">{\"@context\":\"https:\/\/schema.org\",\"@graph\":[{\"@type\":\"WebPage\",\"@id\":\"https:\/\/blogs.granada.escolapiosemaus.org\/ampa\/sample-page\/\",\"url\":\"https:\/\/blogs.granada.escolapiosemaus.org\/ampa\/sample-page\/\",\"name\":\"SOCIOS\/AS - Asociaci\u00f3n de Madres y Padres de Alumnos\",\"isPartOf\":{\"@id\":\"https:\/\/blogs.granada.escolapiosemaus.org\/ampa\/#website\"},\"datePublished\":\"2013-10-24T14:42:17+00:00\",\"breadcrumb\":{\"@id\":\"https:\/\/blogs.granada.escolapiosemaus.org\/ampa\/sample-page\/#breadcrumb\"},\"inLanguage\":\"es\",\"potentialAction\":[{\"@type\":\"ReadAction\",\"target\":[\"https:\/\/blogs.granada.escolapiosemaus.org\/ampa\/sample-page\/\"]}]},{\"@type\":\"BreadcrumbList\",\"@id\":\"https:\/\/blogs.granada.escolapiosemaus.org\/ampa\/sample-page\/#breadcrumb\",\"itemListElement\":[{\"@type\":\"ListItem\",\"position\":1,\"name\":\"Portada\",\"item\":\"https:\/\/blogs.granada.escolapiosemaus.org\/ampa\/\"},{\"@type\":\"ListItem\",\"position\":2,\"name\":\"SOCIOS\/AS\"}]},{\"@type\":\"WebSite\",\"@id\":\"https:\/\/blogs.granada.escolapiosemaus.org\/ampa\/#website\",\"url\":\"https:\/\/blogs.granada.escolapiosemaus.org\/ampa\/\",\"name\":\"Asociaci\u00f3n de Madres y Padres de Alumnos\",\"description\":\"Colegio Dulce Nombre de Mar\u00eda - Escolapios Granada\",\"potentialAction\":[{\"@type\":\"SearchAction\",\"target\":{\"@type\":\"EntryPoint\",\"urlTemplate\":\"https:\/\/blogs.granada.escolapiosemaus.org\/ampa\/?s={search_term_string}\"},\"query-input\":{\"@type\":\"PropertyValueSpecification\",\"valueRequired\":true,\"valueName\":\"search_term_string\"}}],\"inLanguage\":\"es\"}]}<\/script>\n<!-- \/ Yoast SEO plugin. -->","yoast_head_json":{"title":"SOCIOS\/AS - Asociaci\u00f3n de Madres y Padres de Alumnos","robots":{"index":"index","follow":"follow","max-snippet":"max-snippet:-1","max-image-preview":"max-image-preview:large","max-video-preview":"max-video-preview:-1"},"canonical":"https:\/\/blogs.granada.escolapiosemaus.org\/ampa\/sample-page\/","og_locale":"es_ES","og_type":"article","og_title":"SOCIOS\/AS - Asociaci\u00f3n de Madres y Padres de Alumnos","og_description":"La AMPA ESCOLAPIOS ( Asociaci\u00f3n de Madres y Padres de Alumnos del Colegio Escolapios de Granada), est\u00e1 formada actualmente por 626 socios. Dichos socios son familias (madres y padres) de alumnos de este Colegio que han abonado la \u00daNICA CUOTA ANUAL DE 30 EUROS POR FAMILIA \u00a0junto a la renovaci\u00f3n de plaza de los alumnos [&hellip;]","og_url":"https:\/\/blogs.granada.escolapiosemaus.org\/ampa\/sample-page\/","og_site_name":"Asociaci\u00f3n de Madres y Padres de Alumnos","twitter_card":"summary_large_image","twitter_misc":{"Tiempo de lectura":"2 minutos"},"schema":{"@context":"https:\/\/schema.org","@graph":[{"@type":"WebPage","@id":"https:\/\/blogs.granada.escolapiosemaus.org\/ampa\/sample-page\/","url":"https:\/\/blogs.granada.escolapiosemaus.org\/ampa\/sample-page\/","name":"SOCIOS\/AS - Asociaci\u00f3n de Madres y Padres de Alumnos","isPartOf":{"@id":"https:\/\/blogs.granada.escolapiosemaus.org\/ampa\/#website"},"datePublished":"2013-10-24T14:42:17+00:00","breadcrumb":{"@id":"https:\/\/blogs.granada.escolapiosemaus.org\/ampa\/sample-page\/#breadcrumb"},"inLanguage":"es","potentialAction":[{"@type":"ReadAction","target":["https:\/\/blogs.granada.escolapiosemaus.org\/ampa\/sample-page\/"]}]},{"@type":"BreadcrumbList","@id":"https:\/\/blogs.granada.escolapiosemaus.org\/ampa\/sample-page\/#breadcrumb","itemListElement":[{"@type":"ListItem","position":1,"name":"Portada","item":"https:\/\/blogs.granada.escolapiosemaus.org\/ampa\/"},{"@type":"ListItem","position":2,"name":"SOCIOS\/AS"}]},{"@type":"WebSite","@id":"https:\/\/blogs.granada.escolapiosemaus.org\/ampa\/#website","url":"https:\/\/blogs.granada.escolapiosemaus.org\/ampa\/","name":"Asociaci\u00f3n de Madres y Padres de Alumnos","description":"Colegio Dulce Nombre de Mar\u00eda - Escolapios Granada","potentialAction":[{"@type":"SearchAction","target":{"@type":"EntryPoint","urlTemplate":"https:\/\/blogs.granada.escolapiosemaus.org\/ampa\/?s={search_term_string}"},"query-input":{"@type":"PropertyValueSpecification","valueRequired":true,"valueName":"search_term_string"}}],"inLanguage":"es"}]}},"jetpack_sharing_enabled":true,"jetpack_shortlink":"https:\/\/wp.me\/P5Ub4B-67","_links":{"self":[{"href":"https:\/\/blogs.granada.escolapiosemaus.org\/ampa\/wp-json\/wp\/v2\/pages\/379","targetHints":{"allow":["GET"]}}],"collection":[{"href":"https:\/\/blogs.granada.escolapiosemaus.org\/ampa\/wp-json\/wp\/v2\/pages"}],"about":[{"href":"https:\/\/blogs.granada.escolapiosemaus.org\/ampa\/wp-json\/wp\/v2\/types\/page"}],"author":[{"embeddable":true,"href":"https:\/\/blogs.granada.escolapiosemaus.org\/ampa\/wp-json\/wp\/v2\/users\/33"}],"replies":[{"embeddable":true,"href":"https:\/\/blogs.granada.escolapiosemaus.org\/ampa\/wp-json\/wp\/v2\/comments?post=379"}],"version-history":[{"count":0,"href":"https:\/\/blogs.granada.escolapiosemaus.org\/ampa\/wp-json\/wp\/v2\/pages\/379\/revisions"}],"wp:attachment":[{"href":"https:\/\/blogs.granada.escolapiosemaus.org\/ampa\/wp-json\/wp\/v2\/media?parent=379"}],"curies":[{"name":"wp","href":"https:\/\/api.w.org\/{rel}","templated":true}]}}