{"id":25,"date":"2013-11-04T12:00:49","date_gmt":"2013-11-04T11:00:49","guid":{"rendered":"http:\/\/ampaescolapiosgranada.es\/?page_id=25"},"modified":"2013-11-04T12:00:49","modified_gmt":"2013-11-04T11:00:49","slug":"noticias-de-interes","status":"publish","type":"page","link":"https:\/\/blogs.granada.escolapiosemaus.org\/ampa\/noticias-de-interes\/","title":{"rendered":"NOTICIAS DE INTER\u00c9S"},"content":{"rendered":"<p><strong>VOLUNTARIADO - REFORESTACI\u00d3N: <\/strong>Colabora con la GEA el pr\u00f3ximo 28 de Diciembre en actividades de recuperaci\u00f3n de los bosques de 9:30 a 13:30h. M\u00e1s informaci\u00f3n en los tel\u00e9fonos 958227154 y 695159000. Para inscribirse contactar por email con <a href=\"mailto:granada@geaesp.org\" target=\"_blank\" rel=\"nofollow\">granada@geaesp.org.<\/a><\/p>\n<p><strong>DIVULGACI\u00d3N CIENT\u00cdFICA EN EL PARQUE DE LAS CIENCIAS:<\/strong> <span style=\"font-size: small\">Conferencias, talleres, espect\u00e1culos y proyecciones de cine. Adem\u00e1s se estrenar\u00e1 el \u00faltimo documental producido por la plataforma Hablando de Ciencia: \u201cGranada: mil a\u00f1os de Ciencia\u201d. M\u00e1s informaci\u00f3n en <a href=\"http:\/\/desgranandociencia.es\/\"><span style=\"color: #0000ff\"><span style=\"font-family: Calibri\"><span style=\"text-decoration: underline\">http:\/\/desgranandociencia.es\/<\/span><\/span><\/span><\/a><\/span><\/p>\n<p><strong>CONCURSO SOBRE CIENCIA PARA ESTUDIANTES DE PRIMARIA, SECUNDARIA Y BACHILLERATO:<\/strong> <a href=\"http:\/\/www.cernland.net\/concurso\/\"><span style=\"font-family: Verdana,Helvetica,Arial\">http:\/\/www.cernland.net\/concurso\/<\/span><\/a><\/p>\n<p><strong>NAVIDAD CON NI\u00d1OS EN EL PALACIO DE CONGRESOS<\/strong>: <a href=\"http:\/\/www.unpalacioparani\u00f1os.es\">http:\/\/www.unpalacioparani\u00f1os.es<\/a><\/p>\n<p><strong>ACTIVIDADES EN GRANADA EN FAMILIA: <a href=\"http:\/\/conpeques.wordpress.com\/category\/con-peques-por-granada\/\" target=\"_blank\">http:\/\/conpeques.wordpress.com\/category\/con-peques-por-granada\/<\/a><\/strong><\/p>\n<p><strong>CAMPUS DE NAVIDAD CON EL PATRONATO DE DEPORTES:<\/strong> <a href=\"http:\/\/ampaescolapiosgranada.es\/wp-content\/uploads\/2013\/11\/Campus-Deportivo-Navidad-2013.pdf\">Campus Deportivo Navidad 2013<\/a><\/p>\n<p><strong>CHARLA CON MOTIVO DEL D\u00cdA DEL MAESTRO.<\/strong><\/p>\n<p>Martes 26 de Noviembre a las 18h en el sal\u00f3n de actos del Colegio: \"Educar desde la confianza y la esperanza en tiempos de incertidumbre\"\u00a0 <a href=\"http:\/\/ampaescolapiosgranada.es\/wp-content\/uploads\/2013\/11\/D\u00cdA-DEL-MAESTRO-2013.pdf\">D\u00cdA DEL MAESTRO 2013<\/a><\/p>\n<p><strong>ITINERARIO GUIADO POR LA ALHAMBRA, SIERRA NEVADA Y EL ALBAIC\u00cdN.<\/strong><\/p>\n<p>El 16\/11\/2013 visita guiada. M\u00e1s informaci\u00f3n e inscripciones en <a href=\"http:\/\/188.121.55.171\/index.php?option=com_content&amp;view=article&amp;id=88:16-de-noviembre-dia-internacional-del-patrimonio-mundial&amp;catid=22:formulario\"><strong title=\"http:\/\/188.121.55.171\/index.php?option=com_content&amp;view=article&amp;id=88:16-de-noviembre-dia-internacional-del-patrimonio-mundial&amp;catid=22:formulario&lt;br \/&gt;&lt;br \/&gt;&lt;br \/&gt;&lt;br \/&gt;&lt;br \/&gt;&lt;br \/&gt;&lt;br \/&gt;&lt;br \/&gt;&lt;br \/&gt;\nCTRL + clic para seguir el v\u00ednculo\">http:\/\/188.121.55.171\/index.php?option=com_content&amp;view=article&amp;id=88:16-de-noviembre-dia-internacional-del-patrimonio-mundial&amp;catid=22:formulario<\/strong><\/a><\/p>\n<p><strong>VOLUNTARIADO: REFORESTACI\u00d3N<\/strong><\/p>\n<p>Colabora con la GEA en actividades de recuperaci\u00f3n de los bosques durante los meses de Noviembre y Diciembre. Para inscribirse contactar por email con <a href=\"mailto:granada@geaesp.org\" target=\"_blank\" rel=\"nofollow\">granada@geaesp.org<\/a><\/p>\n<p><strong>VOLUNTARIADO: GRAN RECOGIDA DE ALIMENTOS<\/strong><\/p>\n<p>Actividad organizada por la Fundaci\u00f3n Banco de Alimentos de Granada, solicita la participaci\u00f3n de voluntarios para la Gran Recogida que tendr\u00e1 lugar el 29 y el 30 de Noviembre. <a href=\"http:\/\/ampaescolapiosgranada.es\/wp-content\/uploads\/2013\/11\/Banco-de-Alimentos.pps\">Banco de Alimentos - Gran Recogida de Alimentos<\/a><\/p>\n<p><strong>CINE MATINAL LOS DOMINGOS... \u00a1\u00a1Y GRATIS!!<\/strong><\/p>\n<p><a href=\"http:\/\/www.entradascajagranada.es\/view\/event\/madagascar-ciclo-infantil-anima2-en-teatro-cajagranada\/\">http:\/\/www.entradascajagranada.es\/view\/event\/madagascar-ciclo-infantil-anima2-en-teatro-cajagranada\/<\/a><\/p>\n<p><strong>LA WEBTV DE LAS FAMILIAS<\/strong><\/p>\n<p>CosquillasTV es la primera WebTV especializada dirigida a las familias. M\u00e1s informaci\u00f3n en\u00a0<a href=\"http:\/\/tv.revistacosquillas.com\/\">http:\/\/tv.revistacosquillas.com\/<\/a><\/p>\n<div>\n<div id=\":26h\" role=\"button\"><img decoding=\"async\" alt=\"\" src=\"https:\/\/mail.google.com\/mail\/u\/0\/images\/cleardot.gif\" \/><\/div>\n<div role=\"button\"><\/div>\n<\/div>\n<p><strong>PROGRAMA DE FORMACI\u00d3N PARA PADRES Y MADRES DEL AYUNTAMIENTO DE GRANADA PARA EL CURSO 20136\/2014.<\/strong><\/p>\n<p>M\u00e1s informaci\u00f3n en los siguientes enlaces:<\/p>\n<p><a href=\"http:\/\/ampaescolapiosgranada.es\/wp-content\/uploads\/2013\/11\/formacion-padres.pdf\">Formaci\u00f3n_Padres<\/a> \u00a0 <a href=\"http:\/\/ampaescolapiosgranada.es\/wp-content\/uploads\/2013\/11\/Formulario-Solicitud-13-14.pdf\">Formulario Solicitud 13-14<\/a>\u00a0\u00a0 <a href=\"http:\/\/ampaescolapiosgranada.es\/wp-content\/uploads\/2013\/11\/normas-formacion.pdf\">Normas-formaci\u00f3n<\/a> \u00a0 <a href=\"http:\/\/ampaescolapiosgranada.es\/wp-content\/uploads\/2013\/11\/resumen-formacion.pdf\">Resumen-Formaci\u00f3n<\/a><\/p>\n<p><strong>CONVOCATORIA DE BECAS PARA MADRES J\u00d3VENES ESTUDIANTES 2013-2014:<\/strong><\/p>\n<p>Desde la AMPA, queremos informar que el Ayuntamiento de Granada ha convocado unas BECAS PARA MADRES J\u00d3VENES ESTUDIANTES 2013-2014. El plazo de solicitud est\u00e1 abierto hasta el 2 de Noviembre de 2013. M\u00e1s informaci\u00f3n en la Web del Ayuntamiento de Granada <a href=\"http:\/\/www.granada.org\" target=\"_blank\">http:\/\/www.granada.org<\/a>.<\/p>\n<p><strong>GRUPO DE VOLUNTARIADO:<\/strong> <a href=\"http:\/\/www.geaesp.org\/\">http:\/\/www.geaesp.org\/<\/a><\/p>\n<p>&nbsp;<\/p>\n","protected":false},"excerpt":{"rendered":"<p>VOLUNTARIADO - REFORESTACI\u00d3N: Colabora con la GEA el pr\u00f3ximo 28 de Diciembre en actividades de recuperaci\u00f3n de los bosques de 9:30 a 13:30h. M\u00e1s informaci\u00f3n en los tel\u00e9fonos 958227154 y 695159000. Para inscribirse contactar por email con granada@geaesp.org. DIVULGACI\u00d3N CIENT\u00cdFICA EN EL PARQUE DE LAS CIENCIAS: Conferencias, talleres, espect\u00e1culos y proyecciones de cine. Adem\u00e1s se [&hellip;]<\/p>\n","protected":false},"author":33,"featured_media":0,"parent":0,"menu_order":6,"comment_status":"open","ping_status":"closed","template":"","meta":{"_monsterinsights_skip_tracking":false,"_monsterinsights_sitenote_active":false,"_monsterinsights_sitenote_note":"","_monsterinsights_sitenote_category":0,"jetpack_post_was_ever_published":false,"footnotes":""},"class_list":["post-25","page","type-page","status-publish","hentry"],"yoast_head":"<!-- This site is optimized with the Yoast SEO plugin v26.8 - https:\/\/yoast.com\/product\/yoast-seo-wordpress\/ -->\n<title>NOTICIAS DE INTER\u00c9S - Asociaci\u00f3n de Madres y Padres de Alumnos<\/title>\n<meta name=\"robots\" content=\"index, follow, max-snippet:-1, max-image-preview:large, max-video-preview:-1\" \/>\n<link rel=\"canonical\" href=\"https:\/\/blogs.granada.escolapiosemaus.org\/ampa\/noticias-de-interes\/\" \/>\n<meta property=\"og:locale\" content=\"es_ES\" \/>\n<meta property=\"og:type\" content=\"article\" \/>\n<meta property=\"og:title\" content=\"NOTICIAS DE INTER\u00c9S - Asociaci\u00f3n de Madres y Padres de Alumnos\" \/>\n<meta property=\"og:description\" content=\"VOLUNTARIADO - REFORESTACI\u00d3N: Colabora con la GEA el pr\u00f3ximo 28 de Diciembre en actividades de recuperaci\u00f3n de los bosques de 9:30 a 13:30h. M\u00e1s informaci\u00f3n en los tel\u00e9fonos 958227154 y 695159000. Para inscribirse contactar por email con granada@geaesp.org. DIVULGACI\u00d3N CIENT\u00cdFICA EN EL PARQUE DE LAS CIENCIAS: Conferencias, talleres, espect\u00e1culos y proyecciones de cine. Adem\u00e1s se [&hellip;]\" \/>\n<meta property=\"og:url\" content=\"https:\/\/blogs.granada.escolapiosemaus.org\/ampa\/noticias-de-interes\/\" \/>\n<meta property=\"og:site_name\" content=\"Asociaci\u00f3n de Madres y Padres de Alumnos\" \/>\n<meta property=\"og:image\" content=\"https:\/\/mail.google.com\/mail\/u\/0\/images\/cleardot.gif\" \/>\n<meta name=\"twitter:card\" content=\"summary_large_image\" \/>\n<meta name=\"twitter:label1\" content=\"Tiempo de lectura\" \/>\n\t<meta name=\"twitter:data1\" content=\"2 minutos\" \/>\n<script type=\"application\/ld+json\" class=\"yoast-schema-graph\">{\"@context\":\"https:\/\/schema.org\",\"@graph\":[{\"@type\":\"WebPage\",\"@id\":\"https:\/\/blogs.granada.escolapiosemaus.org\/ampa\/noticias-de-interes\/\",\"url\":\"https:\/\/blogs.granada.escolapiosemaus.org\/ampa\/noticias-de-interes\/\",\"name\":\"NOTICIAS DE INTER\u00c9S - Asociaci\u00f3n de Madres y Padres de Alumnos\",\"isPartOf\":{\"@id\":\"https:\/\/blogs.granada.escolapiosemaus.org\/ampa\/#website\"},\"primaryImageOfPage\":{\"@id\":\"https:\/\/blogs.granada.escolapiosemaus.org\/ampa\/noticias-de-interes\/#primaryimage\"},\"image\":{\"@id\":\"https:\/\/blogs.granada.escolapiosemaus.org\/ampa\/noticias-de-interes\/#primaryimage\"},\"thumbnailUrl\":\"https:\/\/mail.google.com\/mail\/u\/0\/images\/cleardot.gif\",\"datePublished\":\"2013-11-04T11:00:49+00:00\",\"breadcrumb\":{\"@id\":\"https:\/\/blogs.granada.escolapiosemaus.org\/ampa\/noticias-de-interes\/#breadcrumb\"},\"inLanguage\":\"es\",\"potentialAction\":[{\"@type\":\"ReadAction\",\"target\":[\"https:\/\/blogs.granada.escolapiosemaus.org\/ampa\/noticias-de-interes\/\"]}]},{\"@type\":\"ImageObject\",\"inLanguage\":\"es\",\"@id\":\"https:\/\/blogs.granada.escolapiosemaus.org\/ampa\/noticias-de-interes\/#primaryimage\",\"url\":\"https:\/\/mail.google.com\/mail\/u\/0\/images\/cleardot.gif\",\"contentUrl\":\"https:\/\/mail.google.com\/mail\/u\/0\/images\/cleardot.gif\"},{\"@type\":\"BreadcrumbList\",\"@id\":\"https:\/\/blogs.granada.escolapiosemaus.org\/ampa\/noticias-de-interes\/#breadcrumb\",\"itemListElement\":[{\"@type\":\"ListItem\",\"position\":1,\"name\":\"Portada\",\"item\":\"https:\/\/blogs.granada.escolapiosemaus.org\/ampa\/\"},{\"@type\":\"ListItem\",\"position\":2,\"name\":\"NOTICIAS DE INTER\u00c9S\"}]},{\"@type\":\"WebSite\",\"@id\":\"https:\/\/blogs.granada.escolapiosemaus.org\/ampa\/#website\",\"url\":\"https:\/\/blogs.granada.escolapiosemaus.org\/ampa\/\",\"name\":\"Asociaci\u00f3n de Madres y Padres de Alumnos\",\"description\":\"Colegio Dulce Nombre de Mar\u00eda - Escolapios Granada\",\"potentialAction\":[{\"@type\":\"SearchAction\",\"target\":{\"@type\":\"EntryPoint\",\"urlTemplate\":\"https:\/\/blogs.granada.escolapiosemaus.org\/ampa\/?s={search_term_string}\"},\"query-input\":{\"@type\":\"PropertyValueSpecification\",\"valueRequired\":true,\"valueName\":\"search_term_string\"}}],\"inLanguage\":\"es\"}]}<\/script>\n<!-- \/ Yoast SEO plugin. -->","yoast_head_json":{"title":"NOTICIAS DE INTER\u00c9S - Asociaci\u00f3n de Madres y Padres de Alumnos","robots":{"index":"index","follow":"follow","max-snippet":"max-snippet:-1","max-image-preview":"max-image-preview:large","max-video-preview":"max-video-preview:-1"},"canonical":"https:\/\/blogs.granada.escolapiosemaus.org\/ampa\/noticias-de-interes\/","og_locale":"es_ES","og_type":"article","og_title":"NOTICIAS DE INTER\u00c9S - Asociaci\u00f3n de Madres y Padres de Alumnos","og_description":"VOLUNTARIADO - REFORESTACI\u00d3N: Colabora con la GEA el pr\u00f3ximo 28 de Diciembre en actividades de recuperaci\u00f3n de los bosques de 9:30 a 13:30h. M\u00e1s informaci\u00f3n en los tel\u00e9fonos 958227154 y 695159000. Para inscribirse contactar por email con granada@geaesp.org. DIVULGACI\u00d3N CIENT\u00cdFICA EN EL PARQUE DE LAS CIENCIAS: Conferencias, talleres, espect\u00e1culos y proyecciones de cine. Adem\u00e1s se [&hellip;]","og_url":"https:\/\/blogs.granada.escolapiosemaus.org\/ampa\/noticias-de-interes\/","og_site_name":"Asociaci\u00f3n de Madres y Padres de Alumnos","og_image":[{"url":"https:\/\/mail.google.com\/mail\/u\/0\/images\/cleardot.gif","type":"","width":"","height":""}],"twitter_card":"summary_large_image","twitter_misc":{"Tiempo de lectura":"2 minutos"},"schema":{"@context":"https:\/\/schema.org","@graph":[{"@type":"WebPage","@id":"https:\/\/blogs.granada.escolapiosemaus.org\/ampa\/noticias-de-interes\/","url":"https:\/\/blogs.granada.escolapiosemaus.org\/ampa\/noticias-de-interes\/","name":"NOTICIAS DE INTER\u00c9S - Asociaci\u00f3n de Madres y Padres de Alumnos","isPartOf":{"@id":"https:\/\/blogs.granada.escolapiosemaus.org\/ampa\/#website"},"primaryImageOfPage":{"@id":"https:\/\/blogs.granada.escolapiosemaus.org\/ampa\/noticias-de-interes\/#primaryimage"},"image":{"@id":"https:\/\/blogs.granada.escolapiosemaus.org\/ampa\/noticias-de-interes\/#primaryimage"},"thumbnailUrl":"https:\/\/mail.google.com\/mail\/u\/0\/images\/cleardot.gif","datePublished":"2013-11-04T11:00:49+00:00","breadcrumb":{"@id":"https:\/\/blogs.granada.escolapiosemaus.org\/ampa\/noticias-de-interes\/#breadcrumb"},"inLanguage":"es","potentialAction":[{"@type":"ReadAction","target":["https:\/\/blogs.granada.escolapiosemaus.org\/ampa\/noticias-de-interes\/"]}]},{"@type":"ImageObject","inLanguage":"es","@id":"https:\/\/blogs.granada.escolapiosemaus.org\/ampa\/noticias-de-interes\/#primaryimage","url":"https:\/\/mail.google.com\/mail\/u\/0\/images\/cleardot.gif","contentUrl":"https:\/\/mail.google.com\/mail\/u\/0\/images\/cleardot.gif"},{"@type":"BreadcrumbList","@id":"https:\/\/blogs.granada.escolapiosemaus.org\/ampa\/noticias-de-interes\/#breadcrumb","itemListElement":[{"@type":"ListItem","position":1,"name":"Portada","item":"https:\/\/blogs.granada.escolapiosemaus.org\/ampa\/"},{"@type":"ListItem","position":2,"name":"NOTICIAS DE INTER\u00c9S"}]},{"@type":"WebSite","@id":"https:\/\/blogs.granada.escolapiosemaus.org\/ampa\/#website","url":"https:\/\/blogs.granada.escolapiosemaus.org\/ampa\/","name":"Asociaci\u00f3n de Madres y Padres de Alumnos","description":"Colegio Dulce Nombre de Mar\u00eda - Escolapios Granada","potentialAction":[{"@type":"SearchAction","target":{"@type":"EntryPoint","urlTemplate":"https:\/\/blogs.granada.escolapiosemaus.org\/ampa\/?s={search_term_string}"},"query-input":{"@type":"PropertyValueSpecification","valueRequired":true,"valueName":"search_term_string"}}],"inLanguage":"es"}]}},"jetpack_sharing_enabled":true,"jetpack_shortlink":"https:\/\/wp.me\/P5Ub4B-p","_links":{"self":[{"href":"https:\/\/blogs.granada.escolapiosemaus.org\/ampa\/wp-json\/wp\/v2\/pages\/25","targetHints":{"allow":["GET"]}}],"collection":[{"href":"https:\/\/blogs.granada.escolapiosemaus.org\/ampa\/wp-json\/wp\/v2\/pages"}],"about":[{"href":"https:\/\/blogs.granada.escolapiosemaus.org\/ampa\/wp-json\/wp\/v2\/types\/page"}],"author":[{"embeddable":true,"href":"https:\/\/blogs.granada.escolapiosemaus.org\/ampa\/wp-json\/wp\/v2\/users\/33"}],"replies":[{"embeddable":true,"href":"https:\/\/blogs.granada.escolapiosemaus.org\/ampa\/wp-json\/wp\/v2\/comments?post=25"}],"version-history":[{"count":0,"href":"https:\/\/blogs.granada.escolapiosemaus.org\/ampa\/wp-json\/wp\/v2\/pages\/25\/revisions"}],"wp:attachment":[{"href":"https:\/\/blogs.granada.escolapiosemaus.org\/ampa\/wp-json\/wp\/v2\/media?parent=25"}],"curies":[{"name":"wp","href":"https:\/\/api.w.org\/{rel}","templated":true}]}}