{"id":21,"date":"2013-11-04T11:49:21","date_gmt":"2013-11-04T10:49:21","guid":{"rendered":"http:\/\/ampaescolapiosgranada.es\/?page_id=21"},"modified":"2013-11-04T11:49:21","modified_gmt":"2013-11-04T10:49:21","slug":"contacto","status":"publish","type":"page","link":"https:\/\/blogs.granada.escolapiosemaus.org\/ampa\/contacto\/","title":{"rendered":"CONTACTO"},"content":{"rendered":"<p>Os invitamos a que nos hag\u00e1is llegar vuestras sugerencias, propuestas, iniciativas y opiniones a trav\u00e9s de este blog, con vuestros comentarios y por medio del correo electr\u00f3nico de la <a href=\"mailto:ampagranada@escolapiosemaus.org?subject=Desde%20la%20web%20del%20colegio\">AMPA<\/a>, <strong>ampagranada@escolapiosemaus.org<\/strong><\/p>\n<p>Tambi\u00e9n pod\u00e9is visitar la p\u00e1gina que tiene la AMPA en facebook para estar al d\u00eda de actividades y talleres que pueden resultaros interesantes en <a href=\"https:\/\/www.facebook.com\/ampa.escolapiosgranada\">https:\/\/www.facebook.com\/ampa.escolapiosgranada<\/a><\/p>\n<p>&nbsp;<\/p>\n","protected":false},"excerpt":{"rendered":"<p>Os invitamos a que nos hag\u00e1is llegar vuestras sugerencias, propuestas, iniciativas y opiniones a trav\u00e9s de este blog, con vuestros comentarios y por medio del correo electr\u00f3nico de la AMPA, ampagranada@escolapiosemaus.org Tambi\u00e9n pod\u00e9is visitar la p\u00e1gina que tiene la AMPA en facebook para estar al d\u00eda de actividades y talleres que pueden resultaros interesantes en [&hellip;]<\/p>\n","protected":false},"author":33,"featured_media":0,"parent":0,"menu_order":5,"comment_status":"open","ping_status":"open","template":"","meta":{"_monsterinsights_skip_tracking":false,"_monsterinsights_sitenote_active":false,"_monsterinsights_sitenote_note":"","_monsterinsights_sitenote_category":0,"jetpack_post_was_ever_published":false,"footnotes":""},"class_list":["post-21","page","type-page","status-publish","hentry"],"yoast_head":"<!-- This site is optimized with the Yoast SEO plugin v26.8 - https:\/\/yoast.com\/product\/yoast-seo-wordpress\/ -->\n<title>CONTACTO - Asociaci\u00f3n de Madres y Padres de Alumnos<\/title>\n<meta name=\"robots\" content=\"index, follow, max-snippet:-1, max-image-preview:large, max-video-preview:-1\" \/>\n<link rel=\"canonical\" href=\"https:\/\/blogs.granada.escolapiosemaus.org\/ampa\/contacto\/\" \/>\n<meta property=\"og:locale\" content=\"es_ES\" \/>\n<meta property=\"og:type\" content=\"article\" \/>\n<meta property=\"og:title\" content=\"CONTACTO - Asociaci\u00f3n de Madres y Padres de Alumnos\" \/>\n<meta property=\"og:description\" content=\"Os invitamos a que nos hag\u00e1is llegar vuestras sugerencias, propuestas, iniciativas y opiniones a trav\u00e9s de este blog, con vuestros comentarios y por medio del correo electr\u00f3nico de la AMPA, ampagranada@escolapiosemaus.org Tambi\u00e9n pod\u00e9is visitar la p\u00e1gina que tiene la AMPA en facebook para estar al d\u00eda de actividades y talleres que pueden resultaros interesantes en [&hellip;]\" \/>\n<meta property=\"og:url\" content=\"https:\/\/blogs.granada.escolapiosemaus.org\/ampa\/contacto\/\" \/>\n<meta property=\"og:site_name\" content=\"Asociaci\u00f3n de Madres y Padres de Alumnos\" \/>\n<meta name=\"twitter:card\" content=\"summary_large_image\" \/>\n<script type=\"application\/ld+json\" class=\"yoast-schema-graph\">{\"@context\":\"https:\/\/schema.org\",\"@graph\":[{\"@type\":\"WebPage\",\"@id\":\"https:\/\/blogs.granada.escolapiosemaus.org\/ampa\/contacto\/\",\"url\":\"https:\/\/blogs.granada.escolapiosemaus.org\/ampa\/contacto\/\",\"name\":\"CONTACTO - Asociaci\u00f3n de Madres y Padres de Alumnos\",\"isPartOf\":{\"@id\":\"https:\/\/blogs.granada.escolapiosemaus.org\/ampa\/#website\"},\"datePublished\":\"2013-11-04T10:49:21+00:00\",\"breadcrumb\":{\"@id\":\"https:\/\/blogs.granada.escolapiosemaus.org\/ampa\/contacto\/#breadcrumb\"},\"inLanguage\":\"es\",\"potentialAction\":[{\"@type\":\"ReadAction\",\"target\":[\"https:\/\/blogs.granada.escolapiosemaus.org\/ampa\/contacto\/\"]}]},{\"@type\":\"BreadcrumbList\",\"@id\":\"https:\/\/blogs.granada.escolapiosemaus.org\/ampa\/contacto\/#breadcrumb\",\"itemListElement\":[{\"@type\":\"ListItem\",\"position\":1,\"name\":\"Portada\",\"item\":\"https:\/\/blogs.granada.escolapiosemaus.org\/ampa\/\"},{\"@type\":\"ListItem\",\"position\":2,\"name\":\"CONTACTO\"}]},{\"@type\":\"WebSite\",\"@id\":\"https:\/\/blogs.granada.escolapiosemaus.org\/ampa\/#website\",\"url\":\"https:\/\/blogs.granada.escolapiosemaus.org\/ampa\/\",\"name\":\"Asociaci\u00f3n de Madres y Padres de Alumnos\",\"description\":\"Colegio Dulce Nombre de Mar\u00eda - Escolapios Granada\",\"potentialAction\":[{\"@type\":\"SearchAction\",\"target\":{\"@type\":\"EntryPoint\",\"urlTemplate\":\"https:\/\/blogs.granada.escolapiosemaus.org\/ampa\/?s={search_term_string}\"},\"query-input\":{\"@type\":\"PropertyValueSpecification\",\"valueRequired\":true,\"valueName\":\"search_term_string\"}}],\"inLanguage\":\"es\"}]}<\/script>\n<!-- \/ Yoast SEO plugin. -->","yoast_head_json":{"title":"CONTACTO - Asociaci\u00f3n de Madres y Padres de Alumnos","robots":{"index":"index","follow":"follow","max-snippet":"max-snippet:-1","max-image-preview":"max-image-preview:large","max-video-preview":"max-video-preview:-1"},"canonical":"https:\/\/blogs.granada.escolapiosemaus.org\/ampa\/contacto\/","og_locale":"es_ES","og_type":"article","og_title":"CONTACTO - Asociaci\u00f3n de Madres y Padres de Alumnos","og_description":"Os invitamos a que nos hag\u00e1is llegar vuestras sugerencias, propuestas, iniciativas y opiniones a trav\u00e9s de este blog, con vuestros comentarios y por medio del correo electr\u00f3nico de la AMPA, ampagranada@escolapiosemaus.org Tambi\u00e9n pod\u00e9is visitar la p\u00e1gina que tiene la AMPA en facebook para estar al d\u00eda de actividades y talleres que pueden resultaros interesantes en [&hellip;]","og_url":"https:\/\/blogs.granada.escolapiosemaus.org\/ampa\/contacto\/","og_site_name":"Asociaci\u00f3n de Madres y Padres de Alumnos","twitter_card":"summary_large_image","schema":{"@context":"https:\/\/schema.org","@graph":[{"@type":"WebPage","@id":"https:\/\/blogs.granada.escolapiosemaus.org\/ampa\/contacto\/","url":"https:\/\/blogs.granada.escolapiosemaus.org\/ampa\/contacto\/","name":"CONTACTO - Asociaci\u00f3n de Madres y Padres de Alumnos","isPartOf":{"@id":"https:\/\/blogs.granada.escolapiosemaus.org\/ampa\/#website"},"datePublished":"2013-11-04T10:49:21+00:00","breadcrumb":{"@id":"https:\/\/blogs.granada.escolapiosemaus.org\/ampa\/contacto\/#breadcrumb"},"inLanguage":"es","potentialAction":[{"@type":"ReadAction","target":["https:\/\/blogs.granada.escolapiosemaus.org\/ampa\/contacto\/"]}]},{"@type":"BreadcrumbList","@id":"https:\/\/blogs.granada.escolapiosemaus.org\/ampa\/contacto\/#breadcrumb","itemListElement":[{"@type":"ListItem","position":1,"name":"Portada","item":"https:\/\/blogs.granada.escolapiosemaus.org\/ampa\/"},{"@type":"ListItem","position":2,"name":"CONTACTO"}]},{"@type":"WebSite","@id":"https:\/\/blogs.granada.escolapiosemaus.org\/ampa\/#website","url":"https:\/\/blogs.granada.escolapiosemaus.org\/ampa\/","name":"Asociaci\u00f3n de Madres y Padres de Alumnos","description":"Colegio Dulce Nombre de Mar\u00eda - Escolapios Granada","potentialAction":[{"@type":"SearchAction","target":{"@type":"EntryPoint","urlTemplate":"https:\/\/blogs.granada.escolapiosemaus.org\/ampa\/?s={search_term_string}"},"query-input":{"@type":"PropertyValueSpecification","valueRequired":true,"valueName":"search_term_string"}}],"inLanguage":"es"}]}},"jetpack_sharing_enabled":true,"jetpack_shortlink":"https:\/\/wp.me\/P5Ub4B-l","_links":{"self":[{"href":"https:\/\/blogs.granada.escolapiosemaus.org\/ampa\/wp-json\/wp\/v2\/pages\/21","targetHints":{"allow":["GET"]}}],"collection":[{"href":"https:\/\/blogs.granada.escolapiosemaus.org\/ampa\/wp-json\/wp\/v2\/pages"}],"about":[{"href":"https:\/\/blogs.granada.escolapiosemaus.org\/ampa\/wp-json\/wp\/v2\/types\/page"}],"author":[{"embeddable":true,"href":"https:\/\/blogs.granada.escolapiosemaus.org\/ampa\/wp-json\/wp\/v2\/users\/33"}],"replies":[{"embeddable":true,"href":"https:\/\/blogs.granada.escolapiosemaus.org\/ampa\/wp-json\/wp\/v2\/comments?post=21"}],"version-history":[{"count":0,"href":"https:\/\/blogs.granada.escolapiosemaus.org\/ampa\/wp-json\/wp\/v2\/pages\/21\/revisions"}],"wp:attachment":[{"href":"https:\/\/blogs.granada.escolapiosemaus.org\/ampa\/wp-json\/wp\/v2\/media?parent=21"}],"curies":[{"name":"wp","href":"https:\/\/api.w.org\/{rel}","templated":true}]}}