{"id":156,"date":"2013-11-13T13:45:54","date_gmt":"2013-11-13T12:45:54","guid":{"rendered":"http:\/\/ampaescolapiosgranada.es\/?page_id=156"},"modified":"2013-11-13T13:45:54","modified_gmt":"2013-11-13T12:45:54","slug":"aportaciones-en-obras-y-material-pedagogico","status":"publish","type":"page","link":"https:\/\/blogs.granada.escolapiosemaus.org\/ampa\/actividades\/aportaciones-en-obras-y-material-pedagogico\/","title":{"rendered":"APORTACIONES EN OBRAS Y MATERIAL PEDAG\u00d3GICO"},"content":{"rendered":"<div>\u00a0 \u00a0El Colegio, en los \u00faltimos a\u00f1os ha hecho un gran esfuerzo para modernizar sus instalaciones, haciendo obras de gran envergadura (cambiar todas las ventanas, pistas deportivas nuevas, nuevo patio de infantil, nueva biblioteca, nuevas salas para Orientaci\u00f3n, nuevas salas de inform\u00e1tica, nuevos ba\u00f1os para alumnos, puertas de emergencia...); adapt\u00e1ndose a las nuevas tecnolog\u00edas ( compra de ordenadores, compra de pizarras digitales, mejora de red inform\u00e1tica ); renovando mobiliario ( en aulas, en biblioteca, en sala de Orientaci\u00f3n); contratando m\u00e1s profesionales para cubrir todas las necesidades de los alumnos ( logopeda)... intentando que los alumnos disfruten de un espacio confortable, contempor\u00e1neo, con avances tecnol\u00f3gicos y con todo el personal necesario para una formaci\u00f3n m\u00e1s completa. Para realizar todas estas mejoras, desde la AMPA, animamos a los padres a colaborar con el Colegio abonando la aportaci\u00f3n voluntaria de 15 euros al mes ( familias con un hijo ) \u00f3 20 euros al mes ( familias con 2 \u00f3 m\u00e1s hijos ).<\/div>\n<div><\/div>\n<div><\/div>\n<div>\u00a0 \u00a0 Desde la AMPA hemos colaborado con \u00a0el Colegio todos estos a\u00f1os, \u00a0haciendo unas aportaciones para ayudar a la compra de material pedag\u00f3gico, deportivo (para infantil y primaria), mobiliario ( mesas y sillas para alumnos en las aulas; estanter\u00edas y libros para la biblioteca; sala de Orientaci\u00f3n), tecnol\u00f3gico ( pizarras digitales, ordenadores para sala de inform\u00e1tica), l\u00fadico ( \" 2 casitas\" para el patio de infantil, aparcabicis ); y otras aportaciones para las obras realizadas en el colegio. As\u00ed mismo hemos contribuido a que la Logopeda ampl\u00ede su n\u00famero de horas en el Colegio, para as\u00ed poder ayudar a todos los alumnos que lo necesiten.<\/div>\n","protected":false},"excerpt":{"rendered":"<p>\u00a0 \u00a0El Colegio, en los \u00faltimos a\u00f1os ha hecho un gran esfuerzo para modernizar sus instalaciones, haciendo obras de gran envergadura (cambiar todas las ventanas, pistas deportivas nuevas, nuevo patio de infantil, nueva biblioteca, nuevas salas para Orientaci\u00f3n, nuevas salas de inform\u00e1tica, nuevos ba\u00f1os para alumnos, puertas de emergencia...); adapt\u00e1ndose a las nuevas tecnolog\u00edas ( [&hellip;]<\/p>\n","protected":false},"author":33,"featured_media":0,"parent":19,"menu_order":2,"comment_status":"open","ping_status":"open","template":"","meta":{"_monsterinsights_skip_tracking":false,"_monsterinsights_sitenote_active":false,"_monsterinsights_sitenote_note":"","_monsterinsights_sitenote_category":0,"jetpack_post_was_ever_published":false,"footnotes":""},"class_list":["post-156","page","type-page","status-publish","hentry"],"yoast_head":"<!-- This site is optimized with the Yoast SEO plugin v26.8 - https:\/\/yoast.com\/product\/yoast-seo-wordpress\/ -->\n<title>APORTACIONES EN OBRAS Y MATERIAL PEDAG\u00d3GICO - Asociaci\u00f3n de Madres y Padres de Alumnos<\/title>\n<meta name=\"robots\" content=\"index, follow, max-snippet:-1, max-image-preview:large, max-video-preview:-1\" \/>\n<link rel=\"canonical\" href=\"https:\/\/blogs.granada.escolapiosemaus.org\/ampa\/actividades\/aportaciones-en-obras-y-material-pedagogico\/\" \/>\n<meta property=\"og:locale\" content=\"es_ES\" \/>\n<meta property=\"og:type\" content=\"article\" \/>\n<meta property=\"og:title\" content=\"APORTACIONES EN OBRAS Y MATERIAL PEDAG\u00d3GICO - Asociaci\u00f3n de Madres y Padres de Alumnos\" \/>\n<meta property=\"og:description\" content=\"\u00a0 \u00a0El Colegio, en los \u00faltimos a\u00f1os ha hecho un gran esfuerzo para modernizar sus instalaciones, haciendo obras de gran envergadura (cambiar todas las ventanas, pistas deportivas nuevas, nuevo patio de infantil, nueva biblioteca, nuevas salas para Orientaci\u00f3n, nuevas salas de inform\u00e1tica, nuevos ba\u00f1os para alumnos, puertas de emergencia...); adapt\u00e1ndose a las nuevas tecnolog\u00edas ( [&hellip;]\" \/>\n<meta property=\"og:url\" content=\"https:\/\/blogs.granada.escolapiosemaus.org\/ampa\/actividades\/aportaciones-en-obras-y-material-pedagogico\/\" \/>\n<meta property=\"og:site_name\" content=\"Asociaci\u00f3n de Madres y Padres de Alumnos\" \/>\n<meta name=\"twitter:card\" content=\"summary_large_image\" \/>\n<meta name=\"twitter:label1\" content=\"Tiempo de lectura\" \/>\n\t<meta name=\"twitter:data1\" content=\"1 minuto\" \/>\n<script type=\"application\/ld+json\" class=\"yoast-schema-graph\">{\"@context\":\"https:\/\/schema.org\",\"@graph\":[{\"@type\":\"WebPage\",\"@id\":\"https:\/\/blogs.granada.escolapiosemaus.org\/ampa\/actividades\/aportaciones-en-obras-y-material-pedagogico\/\",\"url\":\"https:\/\/blogs.granada.escolapiosemaus.org\/ampa\/actividades\/aportaciones-en-obras-y-material-pedagogico\/\",\"name\":\"APORTACIONES EN OBRAS Y MATERIAL PEDAG\u00d3GICO - Asociaci\u00f3n de Madres y Padres de Alumnos\",\"isPartOf\":{\"@id\":\"https:\/\/blogs.granada.escolapiosemaus.org\/ampa\/#website\"},\"datePublished\":\"2013-11-13T12:45:54+00:00\",\"breadcrumb\":{\"@id\":\"https:\/\/blogs.granada.escolapiosemaus.org\/ampa\/actividades\/aportaciones-en-obras-y-material-pedagogico\/#breadcrumb\"},\"inLanguage\":\"es\",\"potentialAction\":[{\"@type\":\"ReadAction\",\"target\":[\"https:\/\/blogs.granada.escolapiosemaus.org\/ampa\/actividades\/aportaciones-en-obras-y-material-pedagogico\/\"]}]},{\"@type\":\"BreadcrumbList\",\"@id\":\"https:\/\/blogs.granada.escolapiosemaus.org\/ampa\/actividades\/aportaciones-en-obras-y-material-pedagogico\/#breadcrumb\",\"itemListElement\":[{\"@type\":\"ListItem\",\"position\":1,\"name\":\"Portada\",\"item\":\"https:\/\/blogs.granada.escolapiosemaus.org\/ampa\/\"},{\"@type\":\"ListItem\",\"position\":2,\"name\":\"ACTIVIDADES\",\"item\":\"https:\/\/blogs.granada.escolapiosemaus.org\/ampa\/actividades\/\"},{\"@type\":\"ListItem\",\"position\":3,\"name\":\"APORTACIONES EN OBRAS Y MATERIAL PEDAG\u00d3GICO\"}]},{\"@type\":\"WebSite\",\"@id\":\"https:\/\/blogs.granada.escolapiosemaus.org\/ampa\/#website\",\"url\":\"https:\/\/blogs.granada.escolapiosemaus.org\/ampa\/\",\"name\":\"Asociaci\u00f3n de Madres y Padres de Alumnos\",\"description\":\"Colegio Dulce Nombre de Mar\u00eda - Escolapios Granada\",\"potentialAction\":[{\"@type\":\"SearchAction\",\"target\":{\"@type\":\"EntryPoint\",\"urlTemplate\":\"https:\/\/blogs.granada.escolapiosemaus.org\/ampa\/?s={search_term_string}\"},\"query-input\":{\"@type\":\"PropertyValueSpecification\",\"valueRequired\":true,\"valueName\":\"search_term_string\"}}],\"inLanguage\":\"es\"}]}<\/script>\n<!-- \/ Yoast SEO plugin. -->","yoast_head_json":{"title":"APORTACIONES EN OBRAS Y MATERIAL PEDAG\u00d3GICO - Asociaci\u00f3n de Madres y Padres de Alumnos","robots":{"index":"index","follow":"follow","max-snippet":"max-snippet:-1","max-image-preview":"max-image-preview:large","max-video-preview":"max-video-preview:-1"},"canonical":"https:\/\/blogs.granada.escolapiosemaus.org\/ampa\/actividades\/aportaciones-en-obras-y-material-pedagogico\/","og_locale":"es_ES","og_type":"article","og_title":"APORTACIONES EN OBRAS Y MATERIAL PEDAG\u00d3GICO - Asociaci\u00f3n de Madres y Padres de Alumnos","og_description":"\u00a0 \u00a0El Colegio, en los \u00faltimos a\u00f1os ha hecho un gran esfuerzo para modernizar sus instalaciones, haciendo obras de gran envergadura (cambiar todas las ventanas, pistas deportivas nuevas, nuevo patio de infantil, nueva biblioteca, nuevas salas para Orientaci\u00f3n, nuevas salas de inform\u00e1tica, nuevos ba\u00f1os para alumnos, puertas de emergencia...); adapt\u00e1ndose a las nuevas tecnolog\u00edas ( [&hellip;]","og_url":"https:\/\/blogs.granada.escolapiosemaus.org\/ampa\/actividades\/aportaciones-en-obras-y-material-pedagogico\/","og_site_name":"Asociaci\u00f3n de Madres y Padres de Alumnos","twitter_card":"summary_large_image","twitter_misc":{"Tiempo de lectura":"1 minuto"},"schema":{"@context":"https:\/\/schema.org","@graph":[{"@type":"WebPage","@id":"https:\/\/blogs.granada.escolapiosemaus.org\/ampa\/actividades\/aportaciones-en-obras-y-material-pedagogico\/","url":"https:\/\/blogs.granada.escolapiosemaus.org\/ampa\/actividades\/aportaciones-en-obras-y-material-pedagogico\/","name":"APORTACIONES EN OBRAS Y MATERIAL PEDAG\u00d3GICO - Asociaci\u00f3n de Madres y Padres de Alumnos","isPartOf":{"@id":"https:\/\/blogs.granada.escolapiosemaus.org\/ampa\/#website"},"datePublished":"2013-11-13T12:45:54+00:00","breadcrumb":{"@id":"https:\/\/blogs.granada.escolapiosemaus.org\/ampa\/actividades\/aportaciones-en-obras-y-material-pedagogico\/#breadcrumb"},"inLanguage":"es","potentialAction":[{"@type":"ReadAction","target":["https:\/\/blogs.granada.escolapiosemaus.org\/ampa\/actividades\/aportaciones-en-obras-y-material-pedagogico\/"]}]},{"@type":"BreadcrumbList","@id":"https:\/\/blogs.granada.escolapiosemaus.org\/ampa\/actividades\/aportaciones-en-obras-y-material-pedagogico\/#breadcrumb","itemListElement":[{"@type":"ListItem","position":1,"name":"Portada","item":"https:\/\/blogs.granada.escolapiosemaus.org\/ampa\/"},{"@type":"ListItem","position":2,"name":"ACTIVIDADES","item":"https:\/\/blogs.granada.escolapiosemaus.org\/ampa\/actividades\/"},{"@type":"ListItem","position":3,"name":"APORTACIONES EN OBRAS Y MATERIAL PEDAG\u00d3GICO"}]},{"@type":"WebSite","@id":"https:\/\/blogs.granada.escolapiosemaus.org\/ampa\/#website","url":"https:\/\/blogs.granada.escolapiosemaus.org\/ampa\/","name":"Asociaci\u00f3n de Madres y Padres de Alumnos","description":"Colegio Dulce Nombre de Mar\u00eda - Escolapios Granada","potentialAction":[{"@type":"SearchAction","target":{"@type":"EntryPoint","urlTemplate":"https:\/\/blogs.granada.escolapiosemaus.org\/ampa\/?s={search_term_string}"},"query-input":{"@type":"PropertyValueSpecification","valueRequired":true,"valueName":"search_term_string"}}],"inLanguage":"es"}]}},"jetpack_sharing_enabled":true,"jetpack_shortlink":"https:\/\/wp.me\/P5Ub4B-2w","_links":{"self":[{"href":"https:\/\/blogs.granada.escolapiosemaus.org\/ampa\/wp-json\/wp\/v2\/pages\/156","targetHints":{"allow":["GET"]}}],"collection":[{"href":"https:\/\/blogs.granada.escolapiosemaus.org\/ampa\/wp-json\/wp\/v2\/pages"}],"about":[{"href":"https:\/\/blogs.granada.escolapiosemaus.org\/ampa\/wp-json\/wp\/v2\/types\/page"}],"author":[{"embeddable":true,"href":"https:\/\/blogs.granada.escolapiosemaus.org\/ampa\/wp-json\/wp\/v2\/users\/33"}],"replies":[{"embeddable":true,"href":"https:\/\/blogs.granada.escolapiosemaus.org\/ampa\/wp-json\/wp\/v2\/comments?post=156"}],"version-history":[{"count":0,"href":"https:\/\/blogs.granada.escolapiosemaus.org\/ampa\/wp-json\/wp\/v2\/pages\/156\/revisions"}],"up":[{"embeddable":true,"href":"https:\/\/blogs.granada.escolapiosemaus.org\/ampa\/wp-json\/wp\/v2\/pages\/19"}],"wp:attachment":[{"href":"https:\/\/blogs.granada.escolapiosemaus.org\/ampa\/wp-json\/wp\/v2\/media?parent=156"}],"curies":[{"name":"wp","href":"https:\/\/api.w.org\/{rel}","templated":true}]}}