{"id":140,"date":"2013-11-13T09:29:39","date_gmt":"2013-11-13T08:29:39","guid":{"rendered":"http:\/\/ampaescolapiosgranada.es\/?page_id=140"},"modified":"2013-11-13T09:29:39","modified_gmt":"2013-11-13T08:29:39","slug":"presentacion-de-los-miembros-de-la-junta","status":"publish","type":"page","link":"https:\/\/blogs.granada.escolapiosemaus.org\/ampa\/eventos\/presentacion-de-los-miembros-de-la-junta\/","title":{"rendered":"PRESENTACI\u00d3N DE LOS MIEMBROS DE LA JUNTA"},"content":{"rendered":"<p><img loading=\"lazy\" decoding=\"async\" class=\"alignleft size-full wp-image-33\" alt=\"FOTO-SUSANA\" src=\"http:\/\/ampaescolapiosgranada.es\/wp-content\/uploads\/2013\/10\/FOTO-SUSANA.jpg\" width=\"148\" height=\"139\" \/>Hola, soy Susana Navarrete Romero, presidenta de la AMPA. Formo parte del Consejo Escolar del Colegio y de la Junta Directiva de la AMPA desde hace una d\u00e9cada. Tengo cuatro hijos, dos ni\u00f1as en 4\u00ba de la ESO y Bachiller, y dos ni\u00f1os que aunque est\u00e1n terminando sus estudios universitarios, siguen muy vinculados al centro tras haber sido alumnos de este Colegio desde los tres a\u00f1os hasta su ingreso en la facultad. Os pido vuestra colaboraci\u00f3n en las actividades que organicemos y estamos a vuestra disposici\u00f3n para cualquier sugerencia o consulta. Un abrazo<\/p>\n<p>&nbsp;<\/p>\n<p><img loading=\"lazy\" decoding=\"async\" class=\"alignleft size-thumbnail wp-image-88\" alt=\"foto-gustavo1\" src=\"http:\/\/ampaescolapiosgranada.es\/wp-content\/uploads\/2013\/10\/foto-gustavo1-e1383902285583-150x150.jpg\" width=\"150\" height=\"150\" \/>Hola: Me llamo Gustavo G\u00f3mez. Tengo una ni\u00f1a y dos ni\u00f1os en Primaria. Formo parte del AMPA desde que mis peques entraron al cole. Los padres y madres podemos aportar mucho a la buena marcha de Escolapios dedicando poco tiempo. Creo que es bueno para la educaci\u00f3n de nuestros hijos que ellos vean que nosotros tambi\u00e9n nos preocupamos de su colegio.<\/p>\n<p>&nbsp;<\/p>\n<p dir=\"ltr\"><img loading=\"lazy\" decoding=\"async\" class=\"alignleft size-full wp-image-56\" alt=\"josemcasasola\" src=\"http:\/\/ampaescolapiosgranada.es\/wp-content\/uploads\/2013\/10\/josemcasasola.jpg\" width=\"79\" height=\"127\" \/>Hola, me llamo Jos\u00e9 Miguel Casasola, y tengo dos hijos gemelos en primaria. Entr\u00e9 en la Junta Directiva de la AMPA el curso pasado, con la ilusi\u00f3n de participar y aportar mi granito de arena, ya que todos, tambi\u00e9n los padres, somos Colegio. A todos nos mueve el mismo deseo de ver a nuestros hijos con la mejor educaci\u00f3n posible. Por eso, si todos nos implicamos y colaboramos un poco, podremos hacer muchas cosas.<\/p>\n<p dir=\"ltr\">\n<p><img loading=\"lazy\" decoding=\"async\" class=\"alignleft size-thumbnail wp-image-62\" alt=\"Paloma Guerrero\" src=\"http:\/\/ampaescolapiosgranada.es\/wp-content\/uploads\/2013\/10\/yo1-150x150.jpg\" width=\"150\" height=\"150\" \/>Me llamo Paloma Guerrero y tengo un ni\u00f1o y una ni\u00f1a en Primaria.<\/p>\n<p>Me un\u00ed al AMPA, porque entiendo que como padres interesados en el desarrollo y crecimiento de los ni\u00f1os en el Cole, deb\u00eda dar un pasito m\u00e1s, y si tenemos ilusi\u00f3n y expectativas con el Cole, el AMPA deber\u00eda ser el mejor sitio para expresarlas y desarrollarlas, porque a todos nos mueve el amor por nuestros ni\u00f1os y el cari\u00f1o por el Cole.<\/p>\n<p>As\u00ed que desde aqu\u00ed os animo a todos a participar en las reuniones del AMPA en la medida de vuestras posibilidades, o a contactar con el AMPA por email o a trav\u00e9s de los comentarios del Blog... Por nuestros hijos, todos somos Cole y todos somos AMPA, as\u00ed que \u00a1participa!<\/p>\n<p>&nbsp;<\/p>\n<p><img loading=\"lazy\" decoding=\"async\" class=\"alignleft size-full wp-image-152\" alt=\"Carmen Lopez\" src=\"http:\/\/ampaescolapiosgranada.es\/wp-content\/uploads\/2013\/11\/Carmen-Lopez.jpg\" width=\"96\" height=\"96\" \/>Hola, soy Carmen, madre de Heather y Nico, alumnos de 3\u00ba de primaria y de Pepa, que en un par de a\u00f1itos ser\u00e1 el terror del cole. El mismo a\u00f1o que entraron mis hijos en cole, yo me met\u00ed en el Ampa porque me parec\u00eda importante estar informada de lo que ocurre en el colegio y porque quer\u00eda ayudar en aquello que pudiera.<\/p>\n<p>Han pasado 4 a\u00f1os desde entonces y vamos haciendo cosas, unas se ven m\u00e1s y otras menos, y otras se quedan por el camino porque la verdad es que nos gustar\u00eda abarcar m\u00e1s y no llegamos.<\/p>\n<p>Con la nueva proyecci\u00f3n que esperamos nos proporcione este blog, y la mayor difusi\u00f3n de informaci\u00f3n gracias a las nuevas tecnolog\u00edas quiz\u00e1 nuevos padres os anim\u00e9is a participar con nosotros.\u00a0 La idea no es s\u00f3lo llegar a vosotros m\u00e1s f\u00e1cilmente si no que tambi\u00e9n vosotros pod\u00e1is llegar a nosotros y TODOS juntos podamos hacer m\u00e1s cosas para y por el bien de nuestros hijos. ESPERO QUE OS ANIM\u00c9IS.<\/p>\n<p>Cualquier colaboraci\u00f3n es buena, pod\u00e9is proponer actividades al Ampa, sugerir ideas, preguntar dudas, ofrecer colaboraci\u00f3n puntual si no os atrev\u00e9is a comprometeros a ser miembros de la junta directiva. YA SOIS AMPA<\/p>\n<p>&nbsp;<\/p>\n<p><!--\nP { margin-bottom: 0.21cm; direction: ltr; color: rgb(0, 0, 0); widows: 2; orphans: 2; }\n--><img loading=\"lazy\" decoding=\"async\" class=\"alignleft size-thumbnail wp-image-166\" alt=\"Pilar\" src=\"http:\/\/ampaescolapiosgranada.es\/wp-content\/uploads\/2013\/11\/Pilar-150x150.jpg\" width=\"150\" height=\"150\" \/>\u00a1Hola! soy Pilar Exp\u00f3sito Pe\u00f1as, madre de tres ni\u00f1as alumnas del colegio, una de ellas con necesidades educativas especiales (NEE). Creo que la mayor\u00eda de nosotros estamos en esa etapa en la que lo m\u00e1s importante es el desarrollo de nuestros hijos, educarlos para la vida en un mundo tan complejo como el nuestro. Nuestros ni\u00f1os tienen la suerte de poder acceder a una educaci\u00f3n en la que no s\u00f3lo reciben conocimientos, sino tambi\u00e9n valores que les ayudar\u00e1n a ser personas felices, la mejor forma de invertir en el futuro. Ellos mismos representan lo mejor que dar\u00e1n cuando sean adultos: alegr\u00eda, inocencia, asombro, transparencia. A\u00fan siendo ellos los protagonistas de este proceso, somos sus padres los que los acompa\u00f1amos en este camino. Acercarse a la AMPA es una buena forma de compartir y colaborar entre todos.<\/p>\n","protected":false},"excerpt":{"rendered":"<p>Hola, soy Susana Navarrete Romero, presidenta de la AMPA. Formo parte del Consejo Escolar del Colegio y de la Junta Directiva de la AMPA desde hace una d\u00e9cada. Tengo cuatro hijos, dos ni\u00f1as en 4\u00ba de la ESO y Bachiller, y dos ni\u00f1os que aunque est\u00e1n terminando sus estudios universitarios, siguen muy vinculados al centro [&hellip;]<\/p>\n","protected":false},"author":33,"featured_media":0,"parent":6,"menu_order":1,"comment_status":"open","ping_status":"closed","template":"","meta":{"_monsterinsights_skip_tracking":false,"_monsterinsights_sitenote_active":false,"_monsterinsights_sitenote_note":"","_monsterinsights_sitenote_category":0,"jetpack_post_was_ever_published":false,"footnotes":""},"class_list":["post-140","page","type-page","status-publish","hentry"],"yoast_head":"<!-- This site is optimized with the Yoast SEO plugin v26.8 - https:\/\/yoast.com\/product\/yoast-seo-wordpress\/ -->\n<title>PRESENTACI\u00d3N DE LOS MIEMBROS DE LA JUNTA - Asociaci\u00f3n de Madres y Padres de Alumnos<\/title>\n<meta name=\"robots\" content=\"index, follow, max-snippet:-1, max-image-preview:large, max-video-preview:-1\" \/>\n<link rel=\"canonical\" href=\"https:\/\/blogs.granada.escolapiosemaus.org\/ampa\/eventos\/presentacion-de-los-miembros-de-la-junta\/\" \/>\n<meta property=\"og:locale\" content=\"es_ES\" \/>\n<meta property=\"og:type\" content=\"article\" \/>\n<meta property=\"og:title\" content=\"PRESENTACI\u00d3N DE LOS MIEMBROS DE LA JUNTA - Asociaci\u00f3n de Madres y Padres de Alumnos\" \/>\n<meta property=\"og:description\" content=\"Hola, soy Susana Navarrete Romero, presidenta de la AMPA. Formo parte del Consejo Escolar del Colegio y de la Junta Directiva de la AMPA desde hace una d\u00e9cada. Tengo cuatro hijos, dos ni\u00f1as en 4\u00ba de la ESO y Bachiller, y dos ni\u00f1os que aunque est\u00e1n terminando sus estudios universitarios, siguen muy vinculados al centro [&hellip;]\" \/>\n<meta property=\"og:url\" content=\"https:\/\/blogs.granada.escolapiosemaus.org\/ampa\/eventos\/presentacion-de-los-miembros-de-la-junta\/\" \/>\n<meta property=\"og:site_name\" content=\"Asociaci\u00f3n de Madres y Padres de Alumnos\" \/>\n<meta property=\"og:image\" content=\"http:\/\/ampaescolapiosgranada.es\/wp-content\/uploads\/2013\/10\/FOTO-SUSANA.jpg\" \/>\n<meta name=\"twitter:card\" content=\"summary_large_image\" \/>\n<meta name=\"twitter:label1\" content=\"Tiempo de lectura\" \/>\n\t<meta name=\"twitter:data1\" content=\"4 minutos\" \/>\n<script type=\"application\/ld+json\" class=\"yoast-schema-graph\">{\"@context\":\"https:\/\/schema.org\",\"@graph\":[{\"@type\":\"WebPage\",\"@id\":\"https:\/\/blogs.granada.escolapiosemaus.org\/ampa\/eventos\/presentacion-de-los-miembros-de-la-junta\/\",\"url\":\"https:\/\/blogs.granada.escolapiosemaus.org\/ampa\/eventos\/presentacion-de-los-miembros-de-la-junta\/\",\"name\":\"PRESENTACI\u00d3N DE LOS MIEMBROS DE LA JUNTA - Asociaci\u00f3n de Madres y Padres de Alumnos\",\"isPartOf\":{\"@id\":\"https:\/\/blogs.granada.escolapiosemaus.org\/ampa\/#website\"},\"primaryImageOfPage\":{\"@id\":\"https:\/\/blogs.granada.escolapiosemaus.org\/ampa\/eventos\/presentacion-de-los-miembros-de-la-junta\/#primaryimage\"},\"image\":{\"@id\":\"https:\/\/blogs.granada.escolapiosemaus.org\/ampa\/eventos\/presentacion-de-los-miembros-de-la-junta\/#primaryimage\"},\"thumbnailUrl\":\"http:\/\/ampaescolapiosgranada.es\/wp-content\/uploads\/2013\/10\/FOTO-SUSANA.jpg\",\"datePublished\":\"2013-11-13T08:29:39+00:00\",\"breadcrumb\":{\"@id\":\"https:\/\/blogs.granada.escolapiosemaus.org\/ampa\/eventos\/presentacion-de-los-miembros-de-la-junta\/#breadcrumb\"},\"inLanguage\":\"es\",\"potentialAction\":[{\"@type\":\"ReadAction\",\"target\":[\"https:\/\/blogs.granada.escolapiosemaus.org\/ampa\/eventos\/presentacion-de-los-miembros-de-la-junta\/\"]}]},{\"@type\":\"ImageObject\",\"inLanguage\":\"es\",\"@id\":\"https:\/\/blogs.granada.escolapiosemaus.org\/ampa\/eventos\/presentacion-de-los-miembros-de-la-junta\/#primaryimage\",\"url\":\"http:\/\/ampaescolapiosgranada.es\/wp-content\/uploads\/2013\/10\/FOTO-SUSANA.jpg\",\"contentUrl\":\"http:\/\/ampaescolapiosgranada.es\/wp-content\/uploads\/2013\/10\/FOTO-SUSANA.jpg\"},{\"@type\":\"BreadcrumbList\",\"@id\":\"https:\/\/blogs.granada.escolapiosemaus.org\/ampa\/eventos\/presentacion-de-los-miembros-de-la-junta\/#breadcrumb\",\"itemListElement\":[{\"@type\":\"ListItem\",\"position\":1,\"name\":\"Portada\",\"item\":\"https:\/\/blogs.granada.escolapiosemaus.org\/ampa\/\"},{\"@type\":\"ListItem\",\"position\":2,\"name\":\"CON\u00d3CENOS\",\"item\":\"https:\/\/blogs.granada.escolapiosemaus.org\/ampa\/eventos\/\"},{\"@type\":\"ListItem\",\"position\":3,\"name\":\"PRESENTACI\u00d3N DE LOS MIEMBROS DE LA JUNTA\"}]},{\"@type\":\"WebSite\",\"@id\":\"https:\/\/blogs.granada.escolapiosemaus.org\/ampa\/#website\",\"url\":\"https:\/\/blogs.granada.escolapiosemaus.org\/ampa\/\",\"name\":\"Asociaci\u00f3n de Madres y Padres de Alumnos\",\"description\":\"Colegio Dulce Nombre de Mar\u00eda - Escolapios Granada\",\"potentialAction\":[{\"@type\":\"SearchAction\",\"target\":{\"@type\":\"EntryPoint\",\"urlTemplate\":\"https:\/\/blogs.granada.escolapiosemaus.org\/ampa\/?s={search_term_string}\"},\"query-input\":{\"@type\":\"PropertyValueSpecification\",\"valueRequired\":true,\"valueName\":\"search_term_string\"}}],\"inLanguage\":\"es\"}]}<\/script>\n<!-- \/ Yoast SEO plugin. -->","yoast_head_json":{"title":"PRESENTACI\u00d3N DE LOS MIEMBROS DE LA JUNTA - Asociaci\u00f3n de Madres y Padres de Alumnos","robots":{"index":"index","follow":"follow","max-snippet":"max-snippet:-1","max-image-preview":"max-image-preview:large","max-video-preview":"max-video-preview:-1"},"canonical":"https:\/\/blogs.granada.escolapiosemaus.org\/ampa\/eventos\/presentacion-de-los-miembros-de-la-junta\/","og_locale":"es_ES","og_type":"article","og_title":"PRESENTACI\u00d3N DE LOS MIEMBROS DE LA JUNTA - Asociaci\u00f3n de Madres y Padres de Alumnos","og_description":"Hola, soy Susana Navarrete Romero, presidenta de la AMPA. Formo parte del Consejo Escolar del Colegio y de la Junta Directiva de la AMPA desde hace una d\u00e9cada. Tengo cuatro hijos, dos ni\u00f1as en 4\u00ba de la ESO y Bachiller, y dos ni\u00f1os que aunque est\u00e1n terminando sus estudios universitarios, siguen muy vinculados al centro [&hellip;]","og_url":"https:\/\/blogs.granada.escolapiosemaus.org\/ampa\/eventos\/presentacion-de-los-miembros-de-la-junta\/","og_site_name":"Asociaci\u00f3n de Madres y Padres de Alumnos","og_image":[{"url":"http:\/\/ampaescolapiosgranada.es\/wp-content\/uploads\/2013\/10\/FOTO-SUSANA.jpg","type":"","width":"","height":""}],"twitter_card":"summary_large_image","twitter_misc":{"Tiempo de lectura":"4 minutos"},"schema":{"@context":"https:\/\/schema.org","@graph":[{"@type":"WebPage","@id":"https:\/\/blogs.granada.escolapiosemaus.org\/ampa\/eventos\/presentacion-de-los-miembros-de-la-junta\/","url":"https:\/\/blogs.granada.escolapiosemaus.org\/ampa\/eventos\/presentacion-de-los-miembros-de-la-junta\/","name":"PRESENTACI\u00d3N DE LOS MIEMBROS DE LA JUNTA - Asociaci\u00f3n de Madres y Padres de Alumnos","isPartOf":{"@id":"https:\/\/blogs.granada.escolapiosemaus.org\/ampa\/#website"},"primaryImageOfPage":{"@id":"https:\/\/blogs.granada.escolapiosemaus.org\/ampa\/eventos\/presentacion-de-los-miembros-de-la-junta\/#primaryimage"},"image":{"@id":"https:\/\/blogs.granada.escolapiosemaus.org\/ampa\/eventos\/presentacion-de-los-miembros-de-la-junta\/#primaryimage"},"thumbnailUrl":"http:\/\/ampaescolapiosgranada.es\/wp-content\/uploads\/2013\/10\/FOTO-SUSANA.jpg","datePublished":"2013-11-13T08:29:39+00:00","breadcrumb":{"@id":"https:\/\/blogs.granada.escolapiosemaus.org\/ampa\/eventos\/presentacion-de-los-miembros-de-la-junta\/#breadcrumb"},"inLanguage":"es","potentialAction":[{"@type":"ReadAction","target":["https:\/\/blogs.granada.escolapiosemaus.org\/ampa\/eventos\/presentacion-de-los-miembros-de-la-junta\/"]}]},{"@type":"ImageObject","inLanguage":"es","@id":"https:\/\/blogs.granada.escolapiosemaus.org\/ampa\/eventos\/presentacion-de-los-miembros-de-la-junta\/#primaryimage","url":"http:\/\/ampaescolapiosgranada.es\/wp-content\/uploads\/2013\/10\/FOTO-SUSANA.jpg","contentUrl":"http:\/\/ampaescolapiosgranada.es\/wp-content\/uploads\/2013\/10\/FOTO-SUSANA.jpg"},{"@type":"BreadcrumbList","@id":"https:\/\/blogs.granada.escolapiosemaus.org\/ampa\/eventos\/presentacion-de-los-miembros-de-la-junta\/#breadcrumb","itemListElement":[{"@type":"ListItem","position":1,"name":"Portada","item":"https:\/\/blogs.granada.escolapiosemaus.org\/ampa\/"},{"@type":"ListItem","position":2,"name":"CON\u00d3CENOS","item":"https:\/\/blogs.granada.escolapiosemaus.org\/ampa\/eventos\/"},{"@type":"ListItem","position":3,"name":"PRESENTACI\u00d3N DE LOS MIEMBROS DE LA JUNTA"}]},{"@type":"WebSite","@id":"https:\/\/blogs.granada.escolapiosemaus.org\/ampa\/#website","url":"https:\/\/blogs.granada.escolapiosemaus.org\/ampa\/","name":"Asociaci\u00f3n de Madres y Padres de Alumnos","description":"Colegio Dulce Nombre de Mar\u00eda - Escolapios Granada","potentialAction":[{"@type":"SearchAction","target":{"@type":"EntryPoint","urlTemplate":"https:\/\/blogs.granada.escolapiosemaus.org\/ampa\/?s={search_term_string}"},"query-input":{"@type":"PropertyValueSpecification","valueRequired":true,"valueName":"search_term_string"}}],"inLanguage":"es"}]}},"jetpack_sharing_enabled":true,"jetpack_shortlink":"https:\/\/wp.me\/P5Ub4B-2g","_links":{"self":[{"href":"https:\/\/blogs.granada.escolapiosemaus.org\/ampa\/wp-json\/wp\/v2\/pages\/140","targetHints":{"allow":["GET"]}}],"collection":[{"href":"https:\/\/blogs.granada.escolapiosemaus.org\/ampa\/wp-json\/wp\/v2\/pages"}],"about":[{"href":"https:\/\/blogs.granada.escolapiosemaus.org\/ampa\/wp-json\/wp\/v2\/types\/page"}],"author":[{"embeddable":true,"href":"https:\/\/blogs.granada.escolapiosemaus.org\/ampa\/wp-json\/wp\/v2\/users\/33"}],"replies":[{"embeddable":true,"href":"https:\/\/blogs.granada.escolapiosemaus.org\/ampa\/wp-json\/wp\/v2\/comments?post=140"}],"version-history":[{"count":0,"href":"https:\/\/blogs.granada.escolapiosemaus.org\/ampa\/wp-json\/wp\/v2\/pages\/140\/revisions"}],"up":[{"embeddable":true,"href":"https:\/\/blogs.granada.escolapiosemaus.org\/ampa\/wp-json\/wp\/v2\/pages\/6"}],"wp:attachment":[{"href":"https:\/\/blogs.granada.escolapiosemaus.org\/ampa\/wp-json\/wp\/v2\/media?parent=140"}],"curies":[{"name":"wp","href":"https:\/\/api.w.org\/{rel}","templated":true}]}}