{"id":136,"date":"2013-11-13T09:25:33","date_gmt":"2013-11-13T08:25:33","guid":{"rendered":"http:\/\/ampaescolapiosgranada.es\/?page_id=136"},"modified":"2013-11-13T09:25:33","modified_gmt":"2013-11-13T08:25:33","slug":"cuentas-y-presupuestos","status":"publish","type":"page","link":"https:\/\/blogs.granada.escolapiosemaus.org\/ampa\/eventos\/cuentas-y-presupuestos\/","title":{"rendered":"CUENTAS Y PRESUPUESTOS"},"content":{"rendered":"<p>En la\u00a0 Asamblea General del 12-12-2012 se aprob\u00f3 por unanimidad la Propuesta de Presupuestos 2012-2013, que se pueden consultar en el siguiente enlace.<\/p>\n<p><a href=\"http:\/\/ampaescolapiosgranada.es\/wp-content\/uploads\/2013\/11\/Presupuesto-2012-2013.pdf\">Propuesta de Presupuesto 2012-2013<\/a><\/p>\n<p>Siendo a d\u00eda de hoy la evoluci\u00f3n del montante de las cuotas recibidas por las aportaciones de las familias socias del AMPA la siguiente:<\/p>\n<p><a href=\"http:\/\/ampaescolapiosgranada.es\/wp-content\/uploads\/2013\/11\/EVOLUCI\u00d3N-DEL-PRESUPUESTO-DEL-AMPA-ESCOLAPIOS.pdf\">Evoluci\u00f3n del Presupuesto del AMPA<\/a><\/p>\n","protected":false},"excerpt":{"rendered":"<p>En la\u00a0 Asamblea General del 12-12-2012 se aprob\u00f3 por unanimidad la Propuesta de Presupuestos 2012-2013, que se pueden consultar en el siguiente enlace. Propuesta de Presupuesto 2012-2013 Siendo a d\u00eda de hoy la evoluci\u00f3n del montante de las cuotas recibidas por las aportaciones de las familias socias del AMPA la siguiente: Evoluci\u00f3n del Presupuesto del [&hellip;]<\/p>\n","protected":false},"author":33,"featured_media":0,"parent":6,"menu_order":2,"comment_status":"open","ping_status":"closed","template":"","meta":{"_monsterinsights_skip_tracking":false,"_monsterinsights_sitenote_active":false,"_monsterinsights_sitenote_note":"","_monsterinsights_sitenote_category":0,"jetpack_post_was_ever_published":false,"footnotes":""},"class_list":["post-136","page","type-page","status-publish","hentry"],"yoast_head":"<!-- This site is optimized with the Yoast SEO plugin v26.8 - https:\/\/yoast.com\/product\/yoast-seo-wordpress\/ -->\n<title>CUENTAS Y PRESUPUESTOS - Asociaci\u00f3n de Madres y Padres de Alumnos<\/title>\n<meta name=\"robots\" content=\"index, follow, max-snippet:-1, max-image-preview:large, max-video-preview:-1\" \/>\n<link rel=\"canonical\" href=\"https:\/\/blogs.granada.escolapiosemaus.org\/ampa\/eventos\/cuentas-y-presupuestos\/\" \/>\n<meta property=\"og:locale\" content=\"es_ES\" \/>\n<meta property=\"og:type\" content=\"article\" \/>\n<meta property=\"og:title\" content=\"CUENTAS Y PRESUPUESTOS - Asociaci\u00f3n de Madres y Padres de Alumnos\" \/>\n<meta property=\"og:description\" content=\"En la\u00a0 Asamblea General del 12-12-2012 se aprob\u00f3 por unanimidad la Propuesta de Presupuestos 2012-2013, que se pueden consultar en el siguiente enlace. Propuesta de Presupuesto 2012-2013 Siendo a d\u00eda de hoy la evoluci\u00f3n del montante de las cuotas recibidas por las aportaciones de las familias socias del AMPA la siguiente: Evoluci\u00f3n del Presupuesto del [&hellip;]\" \/>\n<meta property=\"og:url\" content=\"https:\/\/blogs.granada.escolapiosemaus.org\/ampa\/eventos\/cuentas-y-presupuestos\/\" \/>\n<meta property=\"og:site_name\" content=\"Asociaci\u00f3n de Madres y Padres de Alumnos\" \/>\n<meta name=\"twitter:card\" content=\"summary_large_image\" \/>\n<script type=\"application\/ld+json\" class=\"yoast-schema-graph\">{\"@context\":\"https:\/\/schema.org\",\"@graph\":[{\"@type\":\"WebPage\",\"@id\":\"https:\/\/blogs.granada.escolapiosemaus.org\/ampa\/eventos\/cuentas-y-presupuestos\/\",\"url\":\"https:\/\/blogs.granada.escolapiosemaus.org\/ampa\/eventos\/cuentas-y-presupuestos\/\",\"name\":\"CUENTAS Y PRESUPUESTOS - Asociaci\u00f3n de Madres y Padres de Alumnos\",\"isPartOf\":{\"@id\":\"https:\/\/blogs.granada.escolapiosemaus.org\/ampa\/#website\"},\"datePublished\":\"2013-11-13T08:25:33+00:00\",\"breadcrumb\":{\"@id\":\"https:\/\/blogs.granada.escolapiosemaus.org\/ampa\/eventos\/cuentas-y-presupuestos\/#breadcrumb\"},\"inLanguage\":\"es\",\"potentialAction\":[{\"@type\":\"ReadAction\",\"target\":[\"https:\/\/blogs.granada.escolapiosemaus.org\/ampa\/eventos\/cuentas-y-presupuestos\/\"]}]},{\"@type\":\"BreadcrumbList\",\"@id\":\"https:\/\/blogs.granada.escolapiosemaus.org\/ampa\/eventos\/cuentas-y-presupuestos\/#breadcrumb\",\"itemListElement\":[{\"@type\":\"ListItem\",\"position\":1,\"name\":\"Portada\",\"item\":\"https:\/\/blogs.granada.escolapiosemaus.org\/ampa\/\"},{\"@type\":\"ListItem\",\"position\":2,\"name\":\"CON\u00d3CENOS\",\"item\":\"https:\/\/blogs.granada.escolapiosemaus.org\/ampa\/eventos\/\"},{\"@type\":\"ListItem\",\"position\":3,\"name\":\"CUENTAS Y PRESUPUESTOS\"}]},{\"@type\":\"WebSite\",\"@id\":\"https:\/\/blogs.granada.escolapiosemaus.org\/ampa\/#website\",\"url\":\"https:\/\/blogs.granada.escolapiosemaus.org\/ampa\/\",\"name\":\"Asociaci\u00f3n de Madres y Padres de Alumnos\",\"description\":\"Colegio Dulce Nombre de Mar\u00eda - Escolapios Granada\",\"potentialAction\":[{\"@type\":\"SearchAction\",\"target\":{\"@type\":\"EntryPoint\",\"urlTemplate\":\"https:\/\/blogs.granada.escolapiosemaus.org\/ampa\/?s={search_term_string}\"},\"query-input\":{\"@type\":\"PropertyValueSpecification\",\"valueRequired\":true,\"valueName\":\"search_term_string\"}}],\"inLanguage\":\"es\"}]}<\/script>\n<!-- \/ Yoast SEO plugin. -->","yoast_head_json":{"title":"CUENTAS Y PRESUPUESTOS - Asociaci\u00f3n de Madres y Padres de Alumnos","robots":{"index":"index","follow":"follow","max-snippet":"max-snippet:-1","max-image-preview":"max-image-preview:large","max-video-preview":"max-video-preview:-1"},"canonical":"https:\/\/blogs.granada.escolapiosemaus.org\/ampa\/eventos\/cuentas-y-presupuestos\/","og_locale":"es_ES","og_type":"article","og_title":"CUENTAS Y PRESUPUESTOS - Asociaci\u00f3n de Madres y Padres de Alumnos","og_description":"En la\u00a0 Asamblea General del 12-12-2012 se aprob\u00f3 por unanimidad la Propuesta de Presupuestos 2012-2013, que se pueden consultar en el siguiente enlace. Propuesta de Presupuesto 2012-2013 Siendo a d\u00eda de hoy la evoluci\u00f3n del montante de las cuotas recibidas por las aportaciones de las familias socias del AMPA la siguiente: Evoluci\u00f3n del Presupuesto del [&hellip;]","og_url":"https:\/\/blogs.granada.escolapiosemaus.org\/ampa\/eventos\/cuentas-y-presupuestos\/","og_site_name":"Asociaci\u00f3n de Madres y Padres de Alumnos","twitter_card":"summary_large_image","schema":{"@context":"https:\/\/schema.org","@graph":[{"@type":"WebPage","@id":"https:\/\/blogs.granada.escolapiosemaus.org\/ampa\/eventos\/cuentas-y-presupuestos\/","url":"https:\/\/blogs.granada.escolapiosemaus.org\/ampa\/eventos\/cuentas-y-presupuestos\/","name":"CUENTAS Y PRESUPUESTOS - Asociaci\u00f3n de Madres y Padres de Alumnos","isPartOf":{"@id":"https:\/\/blogs.granada.escolapiosemaus.org\/ampa\/#website"},"datePublished":"2013-11-13T08:25:33+00:00","breadcrumb":{"@id":"https:\/\/blogs.granada.escolapiosemaus.org\/ampa\/eventos\/cuentas-y-presupuestos\/#breadcrumb"},"inLanguage":"es","potentialAction":[{"@type":"ReadAction","target":["https:\/\/blogs.granada.escolapiosemaus.org\/ampa\/eventos\/cuentas-y-presupuestos\/"]}]},{"@type":"BreadcrumbList","@id":"https:\/\/blogs.granada.escolapiosemaus.org\/ampa\/eventos\/cuentas-y-presupuestos\/#breadcrumb","itemListElement":[{"@type":"ListItem","position":1,"name":"Portada","item":"https:\/\/blogs.granada.escolapiosemaus.org\/ampa\/"},{"@type":"ListItem","position":2,"name":"CON\u00d3CENOS","item":"https:\/\/blogs.granada.escolapiosemaus.org\/ampa\/eventos\/"},{"@type":"ListItem","position":3,"name":"CUENTAS Y PRESUPUESTOS"}]},{"@type":"WebSite","@id":"https:\/\/blogs.granada.escolapiosemaus.org\/ampa\/#website","url":"https:\/\/blogs.granada.escolapiosemaus.org\/ampa\/","name":"Asociaci\u00f3n de Madres y Padres de Alumnos","description":"Colegio Dulce Nombre de Mar\u00eda - Escolapios Granada","potentialAction":[{"@type":"SearchAction","target":{"@type":"EntryPoint","urlTemplate":"https:\/\/blogs.granada.escolapiosemaus.org\/ampa\/?s={search_term_string}"},"query-input":{"@type":"PropertyValueSpecification","valueRequired":true,"valueName":"search_term_string"}}],"inLanguage":"es"}]}},"jetpack_sharing_enabled":true,"jetpack_shortlink":"https:\/\/wp.me\/P5Ub4B-2c","_links":{"self":[{"href":"https:\/\/blogs.granada.escolapiosemaus.org\/ampa\/wp-json\/wp\/v2\/pages\/136","targetHints":{"allow":["GET"]}}],"collection":[{"href":"https:\/\/blogs.granada.escolapiosemaus.org\/ampa\/wp-json\/wp\/v2\/pages"}],"about":[{"href":"https:\/\/blogs.granada.escolapiosemaus.org\/ampa\/wp-json\/wp\/v2\/types\/page"}],"author":[{"embeddable":true,"href":"https:\/\/blogs.granada.escolapiosemaus.org\/ampa\/wp-json\/wp\/v2\/users\/33"}],"replies":[{"embeddable":true,"href":"https:\/\/blogs.granada.escolapiosemaus.org\/ampa\/wp-json\/wp\/v2\/comments?post=136"}],"version-history":[{"count":0,"href":"https:\/\/blogs.granada.escolapiosemaus.org\/ampa\/wp-json\/wp\/v2\/pages\/136\/revisions"}],"up":[{"embeddable":true,"href":"https:\/\/blogs.granada.escolapiosemaus.org\/ampa\/wp-json\/wp\/v2\/pages\/6"}],"wp:attachment":[{"href":"https:\/\/blogs.granada.escolapiosemaus.org\/ampa\/wp-json\/wp\/v2\/media?parent=136"}],"curies":[{"name":"wp","href":"https:\/\/api.w.org\/{rel}","templated":true}]}}